{"id":14100,"date":"2024-10-04T14:49:47","date_gmt":"2024-10-04T12:49:47","guid":{"rendered":"https:\/\/www.warzee-sa.com\/?post_type=product&#038;p=14100"},"modified":"2024-10-25T10:48:55","modified_gmt":"2024-10-25T08:48:55","slug":"br251r-veegmachine","status":"publish","type":"product","link":"https:\/\/www.warzee-sa.com\/nl\/product\/br251r-veegmachine\/","title":{"rendered":"BR251R veegmachine"},"content":{"rendered":"<h2>Veegbak met schuifbodem<\/h2>\n<p>Uitgerust met een hydraulische borstel en een opvangbak met dubbele ingang, veegt en verzamelt de Warz\u00e9e BR251R veegmachine droog en nat afval van allerlei aard. De bak wordt geleegd via een schuifbodem.<\/p>\n<p>Modellen: BR251R-150 BR251R-175 BR251R-200 BR251R-225 BR251R-250<\/p>\n","protected":false},"excerpt":{"rendered":"<p>Warz\u00e9e BR251R veegmachine met schuifbodem<\/p>\n","protected":false},"featured_media":14039,"template":"","meta":{"_acf_changed":false,"_et_pb_use_builder":"","_et_pb_old_content":"","_et_gb_content_width":"","inline_featured_image":false},"product_cat":[278],"product_tag":[],"class_list":{"0":"post-14100","1":"product","2":"type-product","3":"status-publish","4":"has-post-thumbnail","6":"product_cat-veegmachines","7":"pa_acc-attaches-boulonnables-oui-nl","8":"pa_bac-de-recolte-voorkant-van-158-tot-263-l","9":"pa_lame-de-raclage-oui-nl-2","10":"pa_largeur-hors-tout-de-187-a-287-cm-nl","11":"pa_largeur-utile-150-tot-250-cm","12":"pa_type-de-balayage-hydraulische-borstel","14":"first","15":"instock","16":"shipping-taxable","17":"purchasable","18":"product-type-simple"},"acf":[],"yoast_head":"<!-- This site is optimized with the Yoast SEO plugin v27.5 - https:\/\/yoast.com\/product\/yoast-seo-wordpress\/ -->\n<title>BR251R veegmachine | Warz\u00e9e<\/title>\n<meta name=\"description\" content=\"\u00c9quip\u00e9e d&#039;une brosse hydraulique et d&#039;un godet de ramassage \u00e9quip\u00e9 d&#039;un fond poussant, la balayeuse Warz\u00e9e BR251R nettoie et ramasse tous les d\u00e9chets.\" \/>\n<meta name=\"robots\" content=\"index, follow, max-snippet:-1, max-image-preview:large, max-video-preview:-1\" \/>\n<link rel=\"canonical\" href=\"https:\/\/www.warzee-sa.com\/nl\/product\/br251r-veegmachine\/\" \/>\n<meta property=\"og:locale\" content=\"nl_BE\" \/>\n<meta property=\"og:type\" content=\"article\" \/>\n<meta property=\"og:title\" content=\"BR251R veegmachine | Warz\u00e9e\" \/>\n<meta property=\"og:description\" content=\"\u00c9quip\u00e9e d&#039;une brosse hydraulique et d&#039;un godet de ramassage \u00e9quip\u00e9 d&#039;un fond poussant, la balayeuse Warz\u00e9e BR251R nettoie et ramasse tous les d\u00e9chets.\" \/>\n<meta property=\"og:url\" content=\"https:\/\/www.warzee-sa.com\/nl\/product\/br251r-veegmachine\/\" \/>\n<meta property=\"og:site_name\" content=\"Warz\u00e9e\" \/>\n<meta property=\"article:modified_time\" content=\"2024-10-25T08:48:55+00:00\" \/>\n<meta property=\"og:image\" content=\"https:\/\/www.warzee-sa.com\/wp-content\/uploads\/2024\/10\/BR251R_SF2.png\" \/>\n\t<meta property=\"og:image:width\" content=\"800\" \/>\n\t<meta property=\"og:image:height\" content=\"800\" \/>\n\t<meta property=\"og:image:type\" content=\"image\/png\" \/>\n<meta name=\"twitter:card\" content=\"summary_large_image\" \/>\n<meta name=\"twitter:label1\" content=\"Geschatte leestijd\" \/>\n\t<meta name=\"twitter:data1\" content=\"1 minuut\" \/>\n<script type=\"application\/ld+json\" class=\"yoast-schema-graph\">{\"@context\":\"https:\\\/\\\/schema.org\",\"@graph\":[{\"@type\":\"WebPage\",\"@id\":\"https:\\\/\\\/www.warzee-sa.com\\\/nl\\\/product\\\/br251r-veegmachine\\\/\",\"url\":\"https:\\\/\\\/www.warzee-sa.com\\\/nl\\\/product\\\/br251r-veegmachine\\\/\",\"name\":\"BR251R veegmachine | Warz\u00e9e\",\"isPartOf\":{\"@id\":\"https:\\\/\\\/www.warzee-sa.com\\\/nl\\\/#website\"},\"primaryImageOfPage\":{\"@id\":\"https:\\\/\\\/www.warzee-sa.com\\\/nl\\\/product\\\/br251r-veegmachine\\\/#primaryimage\"},\"image\":{\"@id\":\"https:\\\/\\\/www.warzee-sa.com\\\/nl\\\/product\\\/br251r-veegmachine\\\/#primaryimage\"},\"thumbnailUrl\":\"https:\\\/\\\/www.warzee-sa.com\\\/wp-content\\\/uploads\\\/2024\\\/10\\\/BR251R_SF2.png\",\"datePublished\":\"2024-10-04T12:49:47+00:00\",\"dateModified\":\"2024-10-25T08:48:55+00:00\",\"description\":\"\u00c9quip\u00e9e d'une brosse hydraulique et d'un godet de ramassage \u00e9quip\u00e9 d'un fond poussant, la balayeuse Warz\u00e9e BR251R nettoie et ramasse tous les d\u00e9chets.\",\"breadcrumb\":{\"@id\":\"https:\\\/\\\/www.warzee-sa.com\\\/nl\\\/product\\\/br251r-veegmachine\\\/#breadcrumb\"},\"inLanguage\":\"nl-BE\",\"potentialAction\":[{\"@type\":\"ReadAction\",\"target\":[\"https:\\\/\\\/www.warzee-sa.com\\\/nl\\\/product\\\/br251r-veegmachine\\\/\"]}]},{\"@type\":\"ImageObject\",\"inLanguage\":\"nl-BE\",\"@id\":\"https:\\\/\\\/www.warzee-sa.com\\\/nl\\\/product\\\/br251r-veegmachine\\\/#primaryimage\",\"url\":\"https:\\\/\\\/www.warzee-sa.com\\\/wp-content\\\/uploads\\\/2024\\\/10\\\/BR251R_SF2.png\",\"contentUrl\":\"https:\\\/\\\/www.warzee-sa.com\\\/wp-content\\\/uploads\\\/2024\\\/10\\\/BR251R_SF2.png\",\"width\":800,\"height\":800},{\"@type\":\"BreadcrumbList\",\"@id\":\"https:\\\/\\\/www.warzee-sa.com\\\/nl\\\/product\\\/br251r-veegmachine\\\/#breadcrumb\",\"itemListElement\":[{\"@type\":\"ListItem\",\"position\":1,\"name\":\"Accueil\",\"item\":\"https:\\\/\\\/www.warzee-sa.com\\\/nl\\\/\"},{\"@type\":\"ListItem\",\"position\":2,\"name\":\"Winkel\",\"item\":\"https:\\\/\\\/www.warzee-sa.com\\\/nl\\\/winkel\\\/\"},{\"@type\":\"ListItem\",\"position\":3,\"name\":\"BR251R veegmachine\"}]},{\"@type\":\"WebSite\",\"@id\":\"https:\\\/\\\/www.warzee-sa.com\\\/nl\\\/#website\",\"url\":\"https:\\\/\\\/www.warzee-sa.com\\\/nl\\\/\",\"name\":\"Warz\u00e9e\",\"description\":\"\",\"potentialAction\":[{\"@type\":\"SearchAction\",\"target\":{\"@type\":\"EntryPoint\",\"urlTemplate\":\"https:\\\/\\\/www.warzee-sa.com\\\/nl\\\/?s={search_term_string}\"},\"query-input\":{\"@type\":\"PropertyValueSpecification\",\"valueRequired\":true,\"valueName\":\"search_term_string\"}}],\"inLanguage\":\"nl-BE\"}]}<\/script>\n<!-- \/ Yoast SEO plugin. -->","yoast_head_json":{"title":"BR251R veegmachine | Warz\u00e9e","description":"\u00c9quip\u00e9e d'une brosse hydraulique et d'un godet de ramassage \u00e9quip\u00e9 d'un fond poussant, la balayeuse Warz\u00e9e BR251R nettoie et ramasse tous les d\u00e9chets.","robots":{"index":"index","follow":"follow","max-snippet":"max-snippet:-1","max-image-preview":"max-image-preview:large","max-video-preview":"max-video-preview:-1"},"canonical":"https:\/\/www.warzee-sa.com\/nl\/product\/br251r-veegmachine\/","og_locale":"nl_BE","og_type":"article","og_title":"BR251R veegmachine | Warz\u00e9e","og_description":"\u00c9quip\u00e9e d'une brosse hydraulique et d'un godet de ramassage \u00e9quip\u00e9 d'un fond poussant, la balayeuse Warz\u00e9e BR251R nettoie et ramasse tous les d\u00e9chets.","og_url":"https:\/\/www.warzee-sa.com\/nl\/product\/br251r-veegmachine\/","og_site_name":"Warz\u00e9e","article_modified_time":"2024-10-25T08:48:55+00:00","og_image":[{"width":800,"height":800,"url":"https:\/\/www.warzee-sa.com\/wp-content\/uploads\/2024\/10\/BR251R_SF2.png","type":"image\/png"}],"twitter_card":"summary_large_image","twitter_misc":{"Geschatte leestijd":"1 minuut"},"schema":{"@context":"https:\/\/schema.org","@graph":[{"@type":"WebPage","@id":"https:\/\/www.warzee-sa.com\/nl\/product\/br251r-veegmachine\/","url":"https:\/\/www.warzee-sa.com\/nl\/product\/br251r-veegmachine\/","name":"BR251R veegmachine | Warz\u00e9e","isPartOf":{"@id":"https:\/\/www.warzee-sa.com\/nl\/#website"},"primaryImageOfPage":{"@id":"https:\/\/www.warzee-sa.com\/nl\/product\/br251r-veegmachine\/#primaryimage"},"image":{"@id":"https:\/\/www.warzee-sa.com\/nl\/product\/br251r-veegmachine\/#primaryimage"},"thumbnailUrl":"https:\/\/www.warzee-sa.com\/wp-content\/uploads\/2024\/10\/BR251R_SF2.png","datePublished":"2024-10-04T12:49:47+00:00","dateModified":"2024-10-25T08:48:55+00:00","description":"\u00c9quip\u00e9e d'une brosse hydraulique et d'un godet de ramassage \u00e9quip\u00e9 d'un fond poussant, la balayeuse Warz\u00e9e BR251R nettoie et ramasse tous les d\u00e9chets.","breadcrumb":{"@id":"https:\/\/www.warzee-sa.com\/nl\/product\/br251r-veegmachine\/#breadcrumb"},"inLanguage":"nl-BE","potentialAction":[{"@type":"ReadAction","target":["https:\/\/www.warzee-sa.com\/nl\/product\/br251r-veegmachine\/"]}]},{"@type":"ImageObject","inLanguage":"nl-BE","@id":"https:\/\/www.warzee-sa.com\/nl\/product\/br251r-veegmachine\/#primaryimage","url":"https:\/\/www.warzee-sa.com\/wp-content\/uploads\/2024\/10\/BR251R_SF2.png","contentUrl":"https:\/\/www.warzee-sa.com\/wp-content\/uploads\/2024\/10\/BR251R_SF2.png","width":800,"height":800},{"@type":"BreadcrumbList","@id":"https:\/\/www.warzee-sa.com\/nl\/product\/br251r-veegmachine\/#breadcrumb","itemListElement":[{"@type":"ListItem","position":1,"name":"Accueil","item":"https:\/\/www.warzee-sa.com\/nl\/"},{"@type":"ListItem","position":2,"name":"Winkel","item":"https:\/\/www.warzee-sa.com\/nl\/winkel\/"},{"@type":"ListItem","position":3,"name":"BR251R veegmachine"}]},{"@type":"WebSite","@id":"https:\/\/www.warzee-sa.com\/nl\/#website","url":"https:\/\/www.warzee-sa.com\/nl\/","name":"Warz\u00e9e","description":"","potentialAction":[{"@type":"SearchAction","target":{"@type":"EntryPoint","urlTemplate":"https:\/\/www.warzee-sa.com\/nl\/?s={search_term_string}"},"query-input":{"@type":"PropertyValueSpecification","valueRequired":true,"valueName":"search_term_string"}}],"inLanguage":"nl-BE"}]}},"_links":{"self":[{"href":"https:\/\/www.warzee-sa.com\/nl\/wp-json\/wp\/v2\/product\/14100","targetHints":{"allow":["GET"]}}],"collection":[{"href":"https:\/\/www.warzee-sa.com\/nl\/wp-json\/wp\/v2\/product"}],"about":[{"href":"https:\/\/www.warzee-sa.com\/nl\/wp-json\/wp\/v2\/types\/product"}],"wp:featuredmedia":[{"embeddable":true,"href":"https:\/\/www.warzee-sa.com\/nl\/wp-json\/wp\/v2\/media\/14039"}],"wp:attachment":[{"href":"https:\/\/www.warzee-sa.com\/nl\/wp-json\/wp\/v2\/media?parent=14100"}],"wp:term":[{"taxonomy":"product_cat","embeddable":true,"href":"https:\/\/www.warzee-sa.com\/nl\/wp-json\/wp\/v2\/product_cat?post=14100"},{"taxonomy":"product_tag","embeddable":true,"href":"https:\/\/www.warzee-sa.com\/nl\/wp-json\/wp\/v2\/product_tag?post=14100"}],"curies":[{"name":"wp","href":"https:\/\/api.w.org\/{rel}","templated":true}]}}