{"id":12443,"date":"2024-08-29T15:24:54","date_gmt":"2024-08-29T13:24:54","guid":{"rendered":"https:\/\/warzee-sa.poush-dev.be\/product\/balayeuse-br200\/"},"modified":"2024-09-20T13:11:18","modified_gmt":"2024-09-20T11:11:18","slug":"br200-veegmachine","status":"publish","type":"product","link":"https:\/\/www.warzee-sa.com\/nl\/product\/br200-veegmachine\/","title":{"rendered":"BR200 veegmachine"},"content":{"rendered":"<h2>Effici\u00ebnt in \u00e9\u00e9n werkgang<\/h2>\n<p>De BR200 van Warzee met een hydraulische borstel en een verzamelbak reinigt en verzamelt alle afval, droog of nat. De bak kan eenvoudig uitgekipt worden.<\/p>\n<p>Modellen : BR200-150, BR200-175, BR200-200, BR200-225, BR200-250<\/p>\n","protected":false},"excerpt":{"rendered":"<p>Veegmachine met een opvangbak<\/p>\n","protected":false},"featured_media":10192,"template":"","meta":{"_acf_changed":false,"_et_pb_use_builder":"","_et_pb_old_content":"","_et_gb_content_width":"","inline_featured_image":false},"product_cat":[278],"product_tag":[],"class_list":{"0":"post-12443","1":"product","2":"type-product","3":"status-publish","4":"has-post-thumbnail","6":"product_cat-veegmachines","7":"pa_acc-attaches-boulonnables-oui-nl","8":"pa_bac-de-recolte-achterkant-van-162-tot-260-l","9":"pa_lame-de-raclage-oui-nl-2","10":"pa_largeur-hors-tout-178-tot-278-cm","11":"pa_largeur-utile-150-tot-250-cm","12":"pa_type-de-balayage-hydraulische-borstel","14":"first","15":"instock","16":"purchasable","17":"product-type-simple"},"acf":[],"yoast_head":"<!-- This site is optimized with the Yoast SEO plugin v27.3 - https:\/\/yoast.com\/product\/yoast-seo-wordpress\/ -->\n<title>Warz\u00e9e BR200 veegmachine<\/title>\n<meta name=\"description\" content=\"De veegmachine BR200 van Warzee ruimt alle soorten afval op in een werkgang, door een hydraulische borstel en een opvangbak.\" \/>\n<meta name=\"robots\" content=\"index, follow, max-snippet:-1, max-image-preview:large, max-video-preview:-1\" \/>\n<link rel=\"canonical\" href=\"https:\/\/www.warzee-sa.com\/nl\/product\/br200-veegmachine\/\" \/>\n<meta property=\"og:locale\" content=\"nl_BE\" \/>\n<meta property=\"og:type\" content=\"article\" \/>\n<meta property=\"og:title\" content=\"Warz\u00e9e BR200 veegmachine\" \/>\n<meta property=\"og:description\" content=\"De veegmachine BR200 van Warzee ruimt alle soorten afval op in een werkgang, door een hydraulische borstel en een opvangbak.\" \/>\n<meta property=\"og:url\" content=\"https:\/\/www.warzee-sa.com\/nl\/product\/br200-veegmachine\/\" \/>\n<meta property=\"og:site_name\" content=\"Warz\u00e9e\" \/>\n<meta property=\"article:modified_time\" content=\"2024-09-20T11:11:18+00:00\" \/>\n<meta property=\"og:image\" content=\"https:\/\/www.warzee-sa.com\/wp-content\/uploads\/2024\/08\/BR200_SF.png\" \/>\n\t<meta property=\"og:image:width\" content=\"800\" \/>\n\t<meta property=\"og:image:height\" content=\"800\" \/>\n\t<meta property=\"og:image:type\" content=\"image\/png\" \/>\n<meta name=\"twitter:card\" content=\"summary_large_image\" \/>\n<meta name=\"twitter:label1\" content=\"Geschatte leestijd\" \/>\n\t<meta name=\"twitter:data1\" content=\"1 minuut\" \/>\n<script type=\"application\/ld+json\" class=\"yoast-schema-graph\">{\"@context\":\"https:\\\/\\\/schema.org\",\"@graph\":[{\"@type\":\"WebPage\",\"@id\":\"https:\\\/\\\/www.warzee-sa.com\\\/nl\\\/product\\\/br200-veegmachine\\\/\",\"url\":\"https:\\\/\\\/www.warzee-sa.com\\\/nl\\\/product\\\/br200-veegmachine\\\/\",\"name\":\"Warz\u00e9e BR200 veegmachine\",\"isPartOf\":{\"@id\":\"https:\\\/\\\/www.warzee-sa.com\\\/nl\\\/#website\"},\"primaryImageOfPage\":{\"@id\":\"https:\\\/\\\/www.warzee-sa.com\\\/nl\\\/product\\\/br200-veegmachine\\\/#primaryimage\"},\"image\":{\"@id\":\"https:\\\/\\\/www.warzee-sa.com\\\/nl\\\/product\\\/br200-veegmachine\\\/#primaryimage\"},\"thumbnailUrl\":\"https:\\\/\\\/www.warzee-sa.com\\\/wp-content\\\/uploads\\\/2024\\\/08\\\/BR200_SF.png\",\"datePublished\":\"2024-08-29T13:24:54+00:00\",\"dateModified\":\"2024-09-20T11:11:18+00:00\",\"description\":\"De veegmachine BR200 van Warzee ruimt alle soorten afval op in een werkgang, door een hydraulische borstel en een opvangbak.\",\"breadcrumb\":{\"@id\":\"https:\\\/\\\/www.warzee-sa.com\\\/nl\\\/product\\\/br200-veegmachine\\\/#breadcrumb\"},\"inLanguage\":\"nl-BE\",\"potentialAction\":[{\"@type\":\"ReadAction\",\"target\":[\"https:\\\/\\\/www.warzee-sa.com\\\/nl\\\/product\\\/br200-veegmachine\\\/\"]}]},{\"@type\":\"ImageObject\",\"inLanguage\":\"nl-BE\",\"@id\":\"https:\\\/\\\/www.warzee-sa.com\\\/nl\\\/product\\\/br200-veegmachine\\\/#primaryimage\",\"url\":\"https:\\\/\\\/www.warzee-sa.com\\\/wp-content\\\/uploads\\\/2024\\\/08\\\/BR200_SF.png\",\"contentUrl\":\"https:\\\/\\\/www.warzee-sa.com\\\/wp-content\\\/uploads\\\/2024\\\/08\\\/BR200_SF.png\",\"width\":800,\"height\":800},{\"@type\":\"BreadcrumbList\",\"@id\":\"https:\\\/\\\/www.warzee-sa.com\\\/nl\\\/product\\\/br200-veegmachine\\\/#breadcrumb\",\"itemListElement\":[{\"@type\":\"ListItem\",\"position\":1,\"name\":\"Accueil\",\"item\":\"https:\\\/\\\/www.warzee-sa.com\\\/nl\\\/\"},{\"@type\":\"ListItem\",\"position\":2,\"name\":\"Winkel\",\"item\":\"https:\\\/\\\/www.warzee-sa.com\\\/nl\\\/winkel\\\/\"},{\"@type\":\"ListItem\",\"position\":3,\"name\":\"BR200 veegmachine\"}]},{\"@type\":\"WebSite\",\"@id\":\"https:\\\/\\\/www.warzee-sa.com\\\/nl\\\/#website\",\"url\":\"https:\\\/\\\/www.warzee-sa.com\\\/nl\\\/\",\"name\":\"Warz\u00e9e\",\"description\":\"\",\"potentialAction\":[{\"@type\":\"SearchAction\",\"target\":{\"@type\":\"EntryPoint\",\"urlTemplate\":\"https:\\\/\\\/www.warzee-sa.com\\\/nl\\\/?s={search_term_string}\"},\"query-input\":{\"@type\":\"PropertyValueSpecification\",\"valueRequired\":true,\"valueName\":\"search_term_string\"}}],\"inLanguage\":\"nl-BE\"}]}<\/script>\n<!-- \/ Yoast SEO plugin. -->","yoast_head_json":{"title":"Warz\u00e9e BR200 veegmachine","description":"De veegmachine BR200 van Warzee ruimt alle soorten afval op in een werkgang, door een hydraulische borstel en een opvangbak.","robots":{"index":"index","follow":"follow","max-snippet":"max-snippet:-1","max-image-preview":"max-image-preview:large","max-video-preview":"max-video-preview:-1"},"canonical":"https:\/\/www.warzee-sa.com\/nl\/product\/br200-veegmachine\/","og_locale":"nl_BE","og_type":"article","og_title":"Warz\u00e9e BR200 veegmachine","og_description":"De veegmachine BR200 van Warzee ruimt alle soorten afval op in een werkgang, door een hydraulische borstel en een opvangbak.","og_url":"https:\/\/www.warzee-sa.com\/nl\/product\/br200-veegmachine\/","og_site_name":"Warz\u00e9e","article_modified_time":"2024-09-20T11:11:18+00:00","og_image":[{"width":800,"height":800,"url":"https:\/\/www.warzee-sa.com\/wp-content\/uploads\/2024\/08\/BR200_SF.png","type":"image\/png"}],"twitter_card":"summary_large_image","twitter_misc":{"Geschatte leestijd":"1 minuut"},"schema":{"@context":"https:\/\/schema.org","@graph":[{"@type":"WebPage","@id":"https:\/\/www.warzee-sa.com\/nl\/product\/br200-veegmachine\/","url":"https:\/\/www.warzee-sa.com\/nl\/product\/br200-veegmachine\/","name":"Warz\u00e9e BR200 veegmachine","isPartOf":{"@id":"https:\/\/www.warzee-sa.com\/nl\/#website"},"primaryImageOfPage":{"@id":"https:\/\/www.warzee-sa.com\/nl\/product\/br200-veegmachine\/#primaryimage"},"image":{"@id":"https:\/\/www.warzee-sa.com\/nl\/product\/br200-veegmachine\/#primaryimage"},"thumbnailUrl":"https:\/\/www.warzee-sa.com\/wp-content\/uploads\/2024\/08\/BR200_SF.png","datePublished":"2024-08-29T13:24:54+00:00","dateModified":"2024-09-20T11:11:18+00:00","description":"De veegmachine BR200 van Warzee ruimt alle soorten afval op in een werkgang, door een hydraulische borstel en een opvangbak.","breadcrumb":{"@id":"https:\/\/www.warzee-sa.com\/nl\/product\/br200-veegmachine\/#breadcrumb"},"inLanguage":"nl-BE","potentialAction":[{"@type":"ReadAction","target":["https:\/\/www.warzee-sa.com\/nl\/product\/br200-veegmachine\/"]}]},{"@type":"ImageObject","inLanguage":"nl-BE","@id":"https:\/\/www.warzee-sa.com\/nl\/product\/br200-veegmachine\/#primaryimage","url":"https:\/\/www.warzee-sa.com\/wp-content\/uploads\/2024\/08\/BR200_SF.png","contentUrl":"https:\/\/www.warzee-sa.com\/wp-content\/uploads\/2024\/08\/BR200_SF.png","width":800,"height":800},{"@type":"BreadcrumbList","@id":"https:\/\/www.warzee-sa.com\/nl\/product\/br200-veegmachine\/#breadcrumb","itemListElement":[{"@type":"ListItem","position":1,"name":"Accueil","item":"https:\/\/www.warzee-sa.com\/nl\/"},{"@type":"ListItem","position":2,"name":"Winkel","item":"https:\/\/www.warzee-sa.com\/nl\/winkel\/"},{"@type":"ListItem","position":3,"name":"BR200 veegmachine"}]},{"@type":"WebSite","@id":"https:\/\/www.warzee-sa.com\/nl\/#website","url":"https:\/\/www.warzee-sa.com\/nl\/","name":"Warz\u00e9e","description":"","potentialAction":[{"@type":"SearchAction","target":{"@type":"EntryPoint","urlTemplate":"https:\/\/www.warzee-sa.com\/nl\/?s={search_term_string}"},"query-input":{"@type":"PropertyValueSpecification","valueRequired":true,"valueName":"search_term_string"}}],"inLanguage":"nl-BE"}]}},"_links":{"self":[{"href":"https:\/\/www.warzee-sa.com\/nl\/wp-json\/wp\/v2\/product\/12443","targetHints":{"allow":["GET"]}}],"collection":[{"href":"https:\/\/www.warzee-sa.com\/nl\/wp-json\/wp\/v2\/product"}],"about":[{"href":"https:\/\/www.warzee-sa.com\/nl\/wp-json\/wp\/v2\/types\/product"}],"wp:featuredmedia":[{"embeddable":true,"href":"https:\/\/www.warzee-sa.com\/nl\/wp-json\/wp\/v2\/media\/10192"}],"wp:attachment":[{"href":"https:\/\/www.warzee-sa.com\/nl\/wp-json\/wp\/v2\/media?parent=12443"}],"wp:term":[{"taxonomy":"product_cat","embeddable":true,"href":"https:\/\/www.warzee-sa.com\/nl\/wp-json\/wp\/v2\/product_cat?post=12443"},{"taxonomy":"product_tag","embeddable":true,"href":"https:\/\/www.warzee-sa.com\/nl\/wp-json\/wp\/v2\/product_tag?post=12443"}],"curies":[{"name":"wp","href":"https:\/\/api.w.org\/{rel}","templated":true}]}}