{"id":14105,"date":"2024-10-04T14:49:47","date_gmt":"2024-10-04T12:49:47","guid":{"rendered":"https:\/\/www.warzee-sa.com\/?post_type=product&#038;p=14105"},"modified":"2025-03-14T13:30:31","modified_gmt":"2025-03-14T12:30:31","slug":"sweeper-br251r","status":"publish","type":"product","link":"https:\/\/www.warzee-sa.com\/en\/product\/sweeper-br251r\/","title":{"rendered":"Sweeper BR251R"},"content":{"rendered":"<h2>Sweeper bucket with pushing bottom<\/h2>\n<p>Equipped with a hydraulic brush and a double-entry collection bucket, the Warz\u00e9e BR251R sweeper cleans and collects all types of dry or wet waste. The bucket empties through a pushing bottom.<\/p>\n<p>Models: BR251R-150 BR251R-175 BR251R-200 BR251R-225 BR251R-250<\/p>\n","protected":false},"excerpt":{"rendered":"<p>The wheels keep the brush 4 cm above the ground.<\/p>\n","protected":false},"featured_media":14040,"template":"","meta":{"_acf_changed":false,"_et_pb_use_builder":"","_et_pb_old_content":"","_et_gb_content_width":"","inline_featured_image":false},"product_cat":[270],"product_tag":[],"class_list":{"0":"post-14105","1":"product","2":"type-product","3":"status-publish","4":"has-post-thumbnail","6":"product_cat-sweepers","7":"pa_acc-attaches-boulonnables-oui-en","8":"pa_bac-de-recolte-front-from-158-to-263-l","9":"pa_lame-de-raclage-oui-en-2","10":"pa_largeur-hors-tout-de-187-a-287-cm-en","11":"pa_largeur-utile-150-to-250-cm","12":"pa_type-de-balayage-hydraulic-brush","14":"first","15":"instock","16":"shipping-taxable","17":"purchasable","18":"product-type-simple"},"acf":[],"yoast_head":"<!-- This site is optimized with the Yoast SEO plugin v27.5 - https:\/\/yoast.com\/product\/yoast-seo-wordpress\/ -->\n<title>Sweeper BR251R | Warz\u00e9e<\/title>\n<meta name=\"description\" content=\"\u00c9quip\u00e9e d&#039;une brosse hydraulique et d&#039;un godet de ramassage \u00e9quip\u00e9 d&#039;un fond poussant, la balayeuse Warz\u00e9e BR251R nettoie et ramasse tous les d\u00e9chets.\" \/>\n<meta name=\"robots\" content=\"index, follow, max-snippet:-1, max-image-preview:large, max-video-preview:-1\" \/>\n<link rel=\"canonical\" href=\"https:\/\/www.warzee-sa.com\/en\/product\/sweeper-br251r\/\" \/>\n<meta property=\"og:locale\" content=\"en_GB\" \/>\n<meta property=\"og:type\" content=\"article\" \/>\n<meta property=\"og:title\" content=\"Sweeper BR251R | Warz\u00e9e\" \/>\n<meta property=\"og:description\" content=\"\u00c9quip\u00e9e d&#039;une brosse hydraulique et d&#039;un godet de ramassage \u00e9quip\u00e9 d&#039;un fond poussant, la balayeuse Warz\u00e9e BR251R nettoie et ramasse tous les d\u00e9chets.\" \/>\n<meta property=\"og:url\" content=\"https:\/\/www.warzee-sa.com\/en\/product\/sweeper-br251r\/\" \/>\n<meta property=\"og:site_name\" content=\"Warz\u00e9e\" \/>\n<meta property=\"article:modified_time\" content=\"2025-03-14T12:30:31+00:00\" \/>\n<meta property=\"og:image\" content=\"https:\/\/www.warzee-sa.com\/wp-content\/uploads\/2024\/10\/BR251R_SF2.png\" \/>\n\t<meta property=\"og:image:width\" content=\"800\" \/>\n\t<meta property=\"og:image:height\" content=\"800\" \/>\n\t<meta property=\"og:image:type\" content=\"image\/png\" \/>\n<meta name=\"twitter:card\" content=\"summary_large_image\" \/>\n<meta name=\"twitter:label1\" content=\"Estimated reading time\" \/>\n\t<meta name=\"twitter:data1\" content=\"1 minute\" \/>\n<script type=\"application\/ld+json\" class=\"yoast-schema-graph\">{\"@context\":\"https:\\\/\\\/schema.org\",\"@graph\":[{\"@type\":\"WebPage\",\"@id\":\"https:\\\/\\\/www.warzee-sa.com\\\/en\\\/product\\\/sweeper-br251r\\\/\",\"url\":\"https:\\\/\\\/www.warzee-sa.com\\\/en\\\/product\\\/sweeper-br251r\\\/\",\"name\":\"Sweeper BR251R | Warz\u00e9e\",\"isPartOf\":{\"@id\":\"https:\\\/\\\/www.warzee-sa.com\\\/en\\\/#website\"},\"primaryImageOfPage\":{\"@id\":\"https:\\\/\\\/www.warzee-sa.com\\\/en\\\/product\\\/sweeper-br251r\\\/#primaryimage\"},\"image\":{\"@id\":\"https:\\\/\\\/www.warzee-sa.com\\\/en\\\/product\\\/sweeper-br251r\\\/#primaryimage\"},\"thumbnailUrl\":\"https:\\\/\\\/www.warzee-sa.com\\\/wp-content\\\/uploads\\\/2024\\\/10\\\/BR251R_SF2.png\",\"datePublished\":\"2024-10-04T12:49:47+00:00\",\"dateModified\":\"2025-03-14T12:30:31+00:00\",\"description\":\"\u00c9quip\u00e9e d'une brosse hydraulique et d'un godet de ramassage \u00e9quip\u00e9 d'un fond poussant, la balayeuse Warz\u00e9e BR251R nettoie et ramasse tous les d\u00e9chets.\",\"breadcrumb\":{\"@id\":\"https:\\\/\\\/www.warzee-sa.com\\\/en\\\/product\\\/sweeper-br251r\\\/#breadcrumb\"},\"inLanguage\":\"en-GB\",\"potentialAction\":[{\"@type\":\"ReadAction\",\"target\":[\"https:\\\/\\\/www.warzee-sa.com\\\/en\\\/product\\\/sweeper-br251r\\\/\"]}]},{\"@type\":\"ImageObject\",\"inLanguage\":\"en-GB\",\"@id\":\"https:\\\/\\\/www.warzee-sa.com\\\/en\\\/product\\\/sweeper-br251r\\\/#primaryimage\",\"url\":\"https:\\\/\\\/www.warzee-sa.com\\\/wp-content\\\/uploads\\\/2024\\\/10\\\/BR251R_SF2.png\",\"contentUrl\":\"https:\\\/\\\/www.warzee-sa.com\\\/wp-content\\\/uploads\\\/2024\\\/10\\\/BR251R_SF2.png\",\"width\":800,\"height\":800},{\"@type\":\"BreadcrumbList\",\"@id\":\"https:\\\/\\\/www.warzee-sa.com\\\/en\\\/product\\\/sweeper-br251r\\\/#breadcrumb\",\"itemListElement\":[{\"@type\":\"ListItem\",\"position\":1,\"name\":\"Accueil\",\"item\":\"https:\\\/\\\/www.warzee-sa.com\\\/en\\\/\"},{\"@type\":\"ListItem\",\"position\":2,\"name\":\"Shop\",\"item\":\"https:\\\/\\\/www.warzee-sa.com\\\/en\\\/shop\\\/\"},{\"@type\":\"ListItem\",\"position\":3,\"name\":\"Sweeper BR251R\"}]},{\"@type\":\"WebSite\",\"@id\":\"https:\\\/\\\/www.warzee-sa.com\\\/en\\\/#website\",\"url\":\"https:\\\/\\\/www.warzee-sa.com\\\/en\\\/\",\"name\":\"Warz\u00e9e\",\"description\":\"\",\"potentialAction\":[{\"@type\":\"SearchAction\",\"target\":{\"@type\":\"EntryPoint\",\"urlTemplate\":\"https:\\\/\\\/www.warzee-sa.com\\\/en\\\/?s={search_term_string}\"},\"query-input\":{\"@type\":\"PropertyValueSpecification\",\"valueRequired\":true,\"valueName\":\"search_term_string\"}}],\"inLanguage\":\"en-GB\"}]}<\/script>\n<!-- \/ Yoast SEO plugin. -->","yoast_head_json":{"title":"Sweeper BR251R | Warz\u00e9e","description":"\u00c9quip\u00e9e d'une brosse hydraulique et d'un godet de ramassage \u00e9quip\u00e9 d'un fond poussant, la balayeuse Warz\u00e9e BR251R nettoie et ramasse tous les d\u00e9chets.","robots":{"index":"index","follow":"follow","max-snippet":"max-snippet:-1","max-image-preview":"max-image-preview:large","max-video-preview":"max-video-preview:-1"},"canonical":"https:\/\/www.warzee-sa.com\/en\/product\/sweeper-br251r\/","og_locale":"en_GB","og_type":"article","og_title":"Sweeper BR251R | Warz\u00e9e","og_description":"\u00c9quip\u00e9e d'une brosse hydraulique et d'un godet de ramassage \u00e9quip\u00e9 d'un fond poussant, la balayeuse Warz\u00e9e BR251R nettoie et ramasse tous les d\u00e9chets.","og_url":"https:\/\/www.warzee-sa.com\/en\/product\/sweeper-br251r\/","og_site_name":"Warz\u00e9e","article_modified_time":"2025-03-14T12:30:31+00:00","og_image":[{"width":800,"height":800,"url":"https:\/\/www.warzee-sa.com\/wp-content\/uploads\/2024\/10\/BR251R_SF2.png","type":"image\/png"}],"twitter_card":"summary_large_image","twitter_misc":{"Estimated reading time":"1 minute"},"schema":{"@context":"https:\/\/schema.org","@graph":[{"@type":"WebPage","@id":"https:\/\/www.warzee-sa.com\/en\/product\/sweeper-br251r\/","url":"https:\/\/www.warzee-sa.com\/en\/product\/sweeper-br251r\/","name":"Sweeper BR251R | Warz\u00e9e","isPartOf":{"@id":"https:\/\/www.warzee-sa.com\/en\/#website"},"primaryImageOfPage":{"@id":"https:\/\/www.warzee-sa.com\/en\/product\/sweeper-br251r\/#primaryimage"},"image":{"@id":"https:\/\/www.warzee-sa.com\/en\/product\/sweeper-br251r\/#primaryimage"},"thumbnailUrl":"https:\/\/www.warzee-sa.com\/wp-content\/uploads\/2024\/10\/BR251R_SF2.png","datePublished":"2024-10-04T12:49:47+00:00","dateModified":"2025-03-14T12:30:31+00:00","description":"\u00c9quip\u00e9e d'une brosse hydraulique et d'un godet de ramassage \u00e9quip\u00e9 d'un fond poussant, la balayeuse Warz\u00e9e BR251R nettoie et ramasse tous les d\u00e9chets.","breadcrumb":{"@id":"https:\/\/www.warzee-sa.com\/en\/product\/sweeper-br251r\/#breadcrumb"},"inLanguage":"en-GB","potentialAction":[{"@type":"ReadAction","target":["https:\/\/www.warzee-sa.com\/en\/product\/sweeper-br251r\/"]}]},{"@type":"ImageObject","inLanguage":"en-GB","@id":"https:\/\/www.warzee-sa.com\/en\/product\/sweeper-br251r\/#primaryimage","url":"https:\/\/www.warzee-sa.com\/wp-content\/uploads\/2024\/10\/BR251R_SF2.png","contentUrl":"https:\/\/www.warzee-sa.com\/wp-content\/uploads\/2024\/10\/BR251R_SF2.png","width":800,"height":800},{"@type":"BreadcrumbList","@id":"https:\/\/www.warzee-sa.com\/en\/product\/sweeper-br251r\/#breadcrumb","itemListElement":[{"@type":"ListItem","position":1,"name":"Accueil","item":"https:\/\/www.warzee-sa.com\/en\/"},{"@type":"ListItem","position":2,"name":"Shop","item":"https:\/\/www.warzee-sa.com\/en\/shop\/"},{"@type":"ListItem","position":3,"name":"Sweeper BR251R"}]},{"@type":"WebSite","@id":"https:\/\/www.warzee-sa.com\/en\/#website","url":"https:\/\/www.warzee-sa.com\/en\/","name":"Warz\u00e9e","description":"","potentialAction":[{"@type":"SearchAction","target":{"@type":"EntryPoint","urlTemplate":"https:\/\/www.warzee-sa.com\/en\/?s={search_term_string}"},"query-input":{"@type":"PropertyValueSpecification","valueRequired":true,"valueName":"search_term_string"}}],"inLanguage":"en-GB"}]}},"_links":{"self":[{"href":"https:\/\/www.warzee-sa.com\/en\/wp-json\/wp\/v2\/product\/14105","targetHints":{"allow":["GET"]}}],"collection":[{"href":"https:\/\/www.warzee-sa.com\/en\/wp-json\/wp\/v2\/product"}],"about":[{"href":"https:\/\/www.warzee-sa.com\/en\/wp-json\/wp\/v2\/types\/product"}],"wp:featuredmedia":[{"embeddable":true,"href":"https:\/\/www.warzee-sa.com\/en\/wp-json\/wp\/v2\/media\/14040"}],"wp:attachment":[{"href":"https:\/\/www.warzee-sa.com\/en\/wp-json\/wp\/v2\/media?parent=14105"}],"wp:term":[{"taxonomy":"product_cat","embeddable":true,"href":"https:\/\/www.warzee-sa.com\/en\/wp-json\/wp\/v2\/product_cat?post=14105"},{"taxonomy":"product_tag","embeddable":true,"href":"https:\/\/www.warzee-sa.com\/en\/wp-json\/wp\/v2\/product_tag?post=14105"}],"curies":[{"name":"wp","href":"https:\/\/api.w.org\/{rel}","templated":true}]}}