{"id":12261,"date":"2022-08-19T14:10:33","date_gmt":"2022-08-19T12:10:33","guid":{"rendered":"https:\/\/warzee-sa.poush-dev.be\/mentions-legales\/"},"modified":"2024-09-10T11:42:05","modified_gmt":"2024-09-10T09:42:05","slug":"legal-information","status":"publish","type":"page","link":"https:\/\/www.warzee-sa.com\/en\/legal-information\/","title":{"rendered":"Legal Information"},"content":{"rendered":"<p>[et_pb_section fb_built=&#8221;1&#8243; _builder_version=&#8221;4.25.1&#8243; _module_preset=&#8221;default&#8221; global_colors_info=&#8221;{}&#8221;][et_pb_row _builder_version=&#8221;4.25.1&#8243; _module_preset=&#8221;default&#8221; global_colors_info=&#8221;{}&#8221;][et_pb_column type=&#8221;4_4&#8243; _builder_version=&#8221;4.25.1&#8243; _module_preset=&#8221;default&#8221; global_colors_info=&#8221;{}&#8221;][et_pb_text _builder_version=&#8221;4.27.0&#8243; _module_preset=&#8221;default&#8221; hover_enabled=&#8221;0&#8243; global_colors_info=&#8221;{}&#8221; sticky_enabled=&#8221;0&#8243;]<\/p>\n<h1>Legal Information<\/h1>\n<p>&nbsp;<\/p>\n<h2>About us?<\/h2>\n<p>&nbsp;<br \/>\nWarz\u00e9e SA<br \/>\nWarz\u00e9e develops optimized agricultural and civil engineering machinery.<br \/>\n&nbsp;<br \/>\n<strong>Mission<\/strong><br \/>\nTo offer you innovative agricultural and civil engineering machinery of exemplary quality.<br \/>\n&nbsp;<br \/>\n<strong>Contact<\/strong><br \/>\nWarz\u00e9e SA<br \/>\n95 Tige de Buresse, 5360 Hamois<br \/>\n&nbsp;<br \/>\n+32 83 61 23 93<br \/>\ninfo@warzee-sa.com<br \/>\nBE-0472.681.592<br \/>\n&nbsp;<br \/>\nWarz\u00e9e SA is committed to complying with the legislation in force in Belgium and Europe and takes all necessary steps to prevent any unauthorised or unlawful use of your personal data. We therefore use appropriate procedures and systems to ensure that only persons authorised to do so can access your data. We also wish to point out that such persons are bound by a duty of confidentiality under the terms of their employment.[\/et_pb_text][\/et_pb_column][\/et_pb_row][\/et_pb_section]<\/p>\n","protected":false},"excerpt":{"rendered":"<p>Legal Information &nbsp; About us? &nbsp; Warz\u00e9e SA Warz\u00e9e develops optimized agricultural and civil engineering machinery. &nbsp; Mission To offer you innovative agricultural and civil engineering machinery of exemplary quality. &nbsp; Contact Warz\u00e9e SA 95 Tige de Buresse, 5360 Hamois &nbsp; +32 83 61 23 93 info@warzee-sa.com BE-0472.681.592 &nbsp; Warz\u00e9e SA is committed to complying with the legislation in force in Belgium and Europe and takes all necessary steps to prevent any unauthorised or unlawful use of your personal data. We therefore use appropriate procedures and systems to ensure that only persons authorised to do so can access your data. We also wish to point out that such persons are bound by a duty of confidentiality under the terms of their employment.<\/p>\n","protected":false},"author":1,"featured_media":0,"parent":0,"menu_order":1000,"comment_status":"closed","ping_status":"closed","template":"","meta":{"_acf_changed":false,"_et_pb_use_builder":"on","_et_pb_old_content":"","_et_gb_content_width":"","inline_featured_image":false,"footnotes":""},"class_list":["post-12261","page","type-page","status-publish","hentry"],"acf":[],"yoast_head":"<!-- This site is optimized with the Yoast SEO plugin v27.5 - https:\/\/yoast.com\/product\/yoast-seo-wordpress\/ -->\n<title>Legal Information | Warz\u00e9e<\/title>\n<meta name=\"robots\" content=\"index, follow, max-snippet:-1, max-image-preview:large, max-video-preview:-1\" \/>\n<link rel=\"canonical\" href=\"https:\/\/www.warzee-sa.com\/en\/legal-information\/\" \/>\n<meta property=\"og:locale\" content=\"en_GB\" \/>\n<meta property=\"og:type\" content=\"article\" \/>\n<meta property=\"og:title\" content=\"Legal Information | Warz\u00e9e\" \/>\n<meta property=\"og:description\" content=\"Legal Information &nbsp; About us? &nbsp; Warz\u00e9e SA Warz\u00e9e develops optimized agricultural and civil engineering machinery. &nbsp; Mission To offer you innovative agricultural and civil engineering machinery of exemplary quality. &nbsp; Contact Warz\u00e9e SA 95 Tige de Buresse, 5360 Hamois &nbsp; +32 83 61 23 93 info@warzee-sa.com BE-0472.681.592 &nbsp; Warz\u00e9e SA is committed to complying with the legislation in force in Belgium and Europe and takes all necessary steps to prevent any unauthorised or unlawful use of your personal data. We therefore use appropriate procedures and systems to ensure that only persons authorised to do so can access your data. We also wish to point out that such persons are bound by a duty of confidentiality under the terms of their employment.\" \/>\n<meta property=\"og:url\" content=\"https:\/\/www.warzee-sa.com\/en\/legal-information\/\" \/>\n<meta property=\"og:site_name\" content=\"Warz\u00e9e\" \/>\n<meta property=\"article:modified_time\" content=\"2024-09-10T09:42:05+00:00\" \/>\n<meta name=\"twitter:card\" content=\"summary_large_image\" \/>\n<meta name=\"twitter:label1\" content=\"Estimated reading time\" \/>\n\t<meta name=\"twitter:data1\" content=\"1 minute\" \/>\n<script type=\"application\/ld+json\" class=\"yoast-schema-graph\">{\"@context\":\"https:\\\/\\\/schema.org\",\"@graph\":[{\"@type\":\"WebPage\",\"@id\":\"https:\\\/\\\/www.warzee-sa.com\\\/en\\\/legal-information\\\/\",\"url\":\"https:\\\/\\\/www.warzee-sa.com\\\/en\\\/legal-information\\\/\",\"name\":\"Legal Information | Warz\u00e9e\",\"isPartOf\":{\"@id\":\"https:\\\/\\\/www.warzee-sa.com\\\/en\\\/#website\"},\"datePublished\":\"2022-08-19T12:10:33+00:00\",\"dateModified\":\"2024-09-10T09:42:05+00:00\",\"breadcrumb\":{\"@id\":\"https:\\\/\\\/www.warzee-sa.com\\\/en\\\/legal-information\\\/#breadcrumb\"},\"inLanguage\":\"en-GB\",\"potentialAction\":[{\"@type\":\"ReadAction\",\"target\":[\"https:\\\/\\\/www.warzee-sa.com\\\/en\\\/legal-information\\\/\"]}]},{\"@type\":\"BreadcrumbList\",\"@id\":\"https:\\\/\\\/www.warzee-sa.com\\\/en\\\/legal-information\\\/#breadcrumb\",\"itemListElement\":[{\"@type\":\"ListItem\",\"position\":1,\"name\":\"Accueil\",\"item\":\"https:\\\/\\\/www.warzee-sa.com\\\/en\\\/\"},{\"@type\":\"ListItem\",\"position\":2,\"name\":\"Legal Information\"}]},{\"@type\":\"WebSite\",\"@id\":\"https:\\\/\\\/www.warzee-sa.com\\\/en\\\/#website\",\"url\":\"https:\\\/\\\/www.warzee-sa.com\\\/en\\\/\",\"name\":\"Warz\u00e9e\",\"description\":\"\",\"potentialAction\":[{\"@type\":\"SearchAction\",\"target\":{\"@type\":\"EntryPoint\",\"urlTemplate\":\"https:\\\/\\\/www.warzee-sa.com\\\/en\\\/?s={search_term_string}\"},\"query-input\":{\"@type\":\"PropertyValueSpecification\",\"valueRequired\":true,\"valueName\":\"search_term_string\"}}],\"inLanguage\":\"en-GB\"}]}<\/script>\n<!-- \/ Yoast SEO plugin. -->","yoast_head_json":{"title":"Legal Information | Warz\u00e9e","robots":{"index":"index","follow":"follow","max-snippet":"max-snippet:-1","max-image-preview":"max-image-preview:large","max-video-preview":"max-video-preview:-1"},"canonical":"https:\/\/www.warzee-sa.com\/en\/legal-information\/","og_locale":"en_GB","og_type":"article","og_title":"Legal Information | Warz\u00e9e","og_description":"Legal Information &nbsp; About us? &nbsp; Warz\u00e9e SA Warz\u00e9e develops optimized agricultural and civil engineering machinery. &nbsp; Mission To offer you innovative agricultural and civil engineering machinery of exemplary quality. &nbsp; Contact Warz\u00e9e SA 95 Tige de Buresse, 5360 Hamois &nbsp; +32 83 61 23 93 info@warzee-sa.com BE-0472.681.592 &nbsp; Warz\u00e9e SA is committed to complying with the legislation in force in Belgium and Europe and takes all necessary steps to prevent any unauthorised or unlawful use of your personal data. We therefore use appropriate procedures and systems to ensure that only persons authorised to do so can access your data. We also wish to point out that such persons are bound by a duty of confidentiality under the terms of their employment.","og_url":"https:\/\/www.warzee-sa.com\/en\/legal-information\/","og_site_name":"Warz\u00e9e","article_modified_time":"2024-09-10T09:42:05+00:00","twitter_card":"summary_large_image","twitter_misc":{"Estimated reading time":"1 minute"},"schema":{"@context":"https:\/\/schema.org","@graph":[{"@type":"WebPage","@id":"https:\/\/www.warzee-sa.com\/en\/legal-information\/","url":"https:\/\/www.warzee-sa.com\/en\/legal-information\/","name":"Legal Information | Warz\u00e9e","isPartOf":{"@id":"https:\/\/www.warzee-sa.com\/en\/#website"},"datePublished":"2022-08-19T12:10:33+00:00","dateModified":"2024-09-10T09:42:05+00:00","breadcrumb":{"@id":"https:\/\/www.warzee-sa.com\/en\/legal-information\/#breadcrumb"},"inLanguage":"en-GB","potentialAction":[{"@type":"ReadAction","target":["https:\/\/www.warzee-sa.com\/en\/legal-information\/"]}]},{"@type":"BreadcrumbList","@id":"https:\/\/www.warzee-sa.com\/en\/legal-information\/#breadcrumb","itemListElement":[{"@type":"ListItem","position":1,"name":"Accueil","item":"https:\/\/www.warzee-sa.com\/en\/"},{"@type":"ListItem","position":2,"name":"Legal Information"}]},{"@type":"WebSite","@id":"https:\/\/www.warzee-sa.com\/en\/#website","url":"https:\/\/www.warzee-sa.com\/en\/","name":"Warz\u00e9e","description":"","potentialAction":[{"@type":"SearchAction","target":{"@type":"EntryPoint","urlTemplate":"https:\/\/www.warzee-sa.com\/en\/?s={search_term_string}"},"query-input":{"@type":"PropertyValueSpecification","valueRequired":true,"valueName":"search_term_string"}}],"inLanguage":"en-GB"}]}},"_links":{"self":[{"href":"https:\/\/www.warzee-sa.com\/en\/wp-json\/wp\/v2\/pages\/12261","targetHints":{"allow":["GET"]}}],"collection":[{"href":"https:\/\/www.warzee-sa.com\/en\/wp-json\/wp\/v2\/pages"}],"about":[{"href":"https:\/\/www.warzee-sa.com\/en\/wp-json\/wp\/v2\/types\/page"}],"author":[{"embeddable":true,"href":"https:\/\/www.warzee-sa.com\/en\/wp-json\/wp\/v2\/users\/1"}],"replies":[{"embeddable":true,"href":"https:\/\/www.warzee-sa.com\/en\/wp-json\/wp\/v2\/comments?post=12261"}],"version-history":[{"count":2,"href":"https:\/\/www.warzee-sa.com\/en\/wp-json\/wp\/v2\/pages\/12261\/revisions"}],"predecessor-version":[{"id":12269,"href":"https:\/\/www.warzee-sa.com\/en\/wp-json\/wp\/v2\/pages\/12261\/revisions\/12269"}],"wp:attachment":[{"href":"https:\/\/www.warzee-sa.com\/en\/wp-json\/wp\/v2\/media?parent=12261"}],"curies":[{"name":"wp","href":"https:\/\/api.w.org\/{rel}","templated":true}]}}