{"id":13490,"date":"2024-08-29T17:00:22","date_gmt":"2024-08-29T15:00:22","guid":{"rendered":"https:\/\/warzee-sa.poush-dev.be\/product\/derouleuse-pailleuse-de450rpm\/"},"modified":"2025-02-21T13:46:44","modified_gmt":"2025-02-21T12:46:44","slug":"abwickel-einstreugerat-de450rpm","status":"publish","type":"product","link":"https:\/\/www.warzee-sa.com\/de\/produkt\/abwickel-einstreugerat-de450rpm\/","title":{"rendered":"DE450RPM Abwickel-und Einstreuger\u00e4t"},"content":{"rendered":"<h2><span data-sheets-root=\"1\">Robust und effizient<\/span><\/h2>\n<p><span data-sheets-root=\"1\">Der DE450RPM Ballenwickler und Strohverteiler ist mit einem mechanischen Rahmen und einer hohen Verteilbox ausgestattet. Er kann Rundballen mit Heu und Silage bis zu 1200 kg verteilen. Die Maschine kann auch Rundballen mit Stroh handhaben.<br \/>\n<\/span><\/p>\n","protected":false},"excerpt":{"rendered":"<p><span data-sheets-root=\"1\">Rundballenabwickler + Streusystem<\/span><\/p>\n","protected":false},"featured_media":10397,"template":"","meta":{"_acf_changed":false,"_et_pb_use_builder":"","_et_pb_old_content":"","_et_gb_content_width":"","inline_featured_image":false},"product_cat":[288,289],"product_tag":[],"class_list":{"0":"post-13490","1":"product","2":"type-product","3":"status-publish","4":"has-post-thumbnail","6":"product_cat-abwickler","7":"product_cat-einstreugeraete","8":"pa_accrochage-mechanischer","9":"pa_composition-hardox-de","10":"pa_distribution-de-balles-max-18m-de","11":"pa_distribution-de-balles-rund-de","12":"pa_largeur-rotor-240-cm-hohe-position","13":"pa_largeur-rotor-310-cm-niedrige-position","14":"pa_levage-3000-kg-de","15":"pa_levage-2000-bis-3000-kg-de","16":"pa_paillage-de-balles-rund-max-18-m","17":"pa_poids-ballot-max-1500-kg-de","18":"pa_type-de-distribution-heu","19":"pa_type-de-distribution-silage-de","20":"pa_type-de-distribution-stroh","22":"first","23":"instock","24":"purchasable","25":"product-type-simple"},"acf":[],"yoast_head":"<!-- This site is optimized with the Yoast SEO plugin v27.6 - https:\/\/yoast.com\/product\/yoast-seo-wordpress\/ -->\n<title>DE450RPM Abwickel-und Einstreuger\u00e4t | Warz\u00e9e<\/title>\n<meta name=\"description\" content=\"Ausgestattet mit einer vollst\u00e4ndigen Box, verteilt der Warz\u00e9e DE450RPM Abwickler-Streuer Rundballen Heu und Silage und streut Stroh bis zu 7 Meter mit dem Strohkit.\" \/>\n<meta name=\"robots\" content=\"index, follow, max-snippet:-1, max-image-preview:large, max-video-preview:-1\" \/>\n<link rel=\"canonical\" href=\"https:\/\/www.warzee-sa.com\/de\/produkt\/abwickel-einstreugerat-de450rpm\/\" \/>\n<meta property=\"og:locale\" content=\"de_DE\" \/>\n<meta property=\"og:type\" content=\"article\" \/>\n<meta property=\"og:title\" content=\"DE450RPM Abwickel-und Einstreuger\u00e4t | Warz\u00e9e\" \/>\n<meta property=\"og:description\" content=\"Ausgestattet mit einer vollst\u00e4ndigen Box, verteilt der Warz\u00e9e DE450RPM Abwickler-Streuer Rundballen Heu und Silage und streut Stroh bis zu 7 Meter mit dem Strohkit.\" \/>\n<meta property=\"og:url\" content=\"https:\/\/www.warzee-sa.com\/de\/produkt\/abwickel-einstreugerat-de450rpm\/\" \/>\n<meta property=\"og:site_name\" content=\"Warz\u00e9e\" \/>\n<meta property=\"article:modified_time\" content=\"2025-02-21T12:46:44+00:00\" \/>\n<meta property=\"og:image\" content=\"https:\/\/www.warzee-sa.com\/wp-content\/uploads\/2024\/08\/DE450RPM_SF.png\" \/>\n\t<meta property=\"og:image:width\" content=\"800\" \/>\n\t<meta property=\"og:image:height\" content=\"800\" \/>\n\t<meta property=\"og:image:type\" content=\"image\/png\" \/>\n<meta name=\"twitter:card\" content=\"summary_large_image\" \/>\n<meta name=\"twitter:label1\" content=\"Est. reading time\" \/>\n\t<meta name=\"twitter:data1\" content=\"1 minute\" \/>\n<script type=\"application\/ld+json\" class=\"yoast-schema-graph\">{\"@context\":\"https:\\\/\\\/schema.org\",\"@graph\":[{\"@type\":\"WebPage\",\"@id\":\"https:\\\/\\\/www.warzee-sa.com\\\/de\\\/produkt\\\/abwickel-einstreugerat-de450rpm\\\/\",\"url\":\"https:\\\/\\\/www.warzee-sa.com\\\/de\\\/produkt\\\/abwickel-einstreugerat-de450rpm\\\/\",\"name\":\"DE450RPM Abwickel-und Einstreuger\u00e4t | Warz\u00e9e\",\"isPartOf\":{\"@id\":\"https:\\\/\\\/www.warzee-sa.com\\\/de\\\/#website\"},\"primaryImageOfPage\":{\"@id\":\"https:\\\/\\\/www.warzee-sa.com\\\/de\\\/produkt\\\/abwickel-einstreugerat-de450rpm\\\/#primaryimage\"},\"image\":{\"@id\":\"https:\\\/\\\/www.warzee-sa.com\\\/de\\\/produkt\\\/abwickel-einstreugerat-de450rpm\\\/#primaryimage\"},\"thumbnailUrl\":\"https:\\\/\\\/www.warzee-sa.com\\\/wp-content\\\/uploads\\\/2024\\\/08\\\/DE450RPM_SF.png\",\"datePublished\":\"2024-08-29T15:00:22+00:00\",\"dateModified\":\"2025-02-21T12:46:44+00:00\",\"description\":\"Ausgestattet mit einer vollst\u00e4ndigen Box, verteilt der Warz\u00e9e DE450RPM Abwickler-Streuer Rundballen Heu und Silage und streut Stroh bis zu 7 Meter mit dem Strohkit.\",\"breadcrumb\":{\"@id\":\"https:\\\/\\\/www.warzee-sa.com\\\/de\\\/produkt\\\/abwickel-einstreugerat-de450rpm\\\/#breadcrumb\"},\"inLanguage\":\"de-BE\",\"potentialAction\":[{\"@type\":\"ReadAction\",\"target\":[\"https:\\\/\\\/www.warzee-sa.com\\\/de\\\/produkt\\\/abwickel-einstreugerat-de450rpm\\\/\"]}]},{\"@type\":\"ImageObject\",\"inLanguage\":\"de-BE\",\"@id\":\"https:\\\/\\\/www.warzee-sa.com\\\/de\\\/produkt\\\/abwickel-einstreugerat-de450rpm\\\/#primaryimage\",\"url\":\"https:\\\/\\\/www.warzee-sa.com\\\/wp-content\\\/uploads\\\/2024\\\/08\\\/DE450RPM_SF.png\",\"contentUrl\":\"https:\\\/\\\/www.warzee-sa.com\\\/wp-content\\\/uploads\\\/2024\\\/08\\\/DE450RPM_SF.png\",\"width\":800,\"height\":800},{\"@type\":\"BreadcrumbList\",\"@id\":\"https:\\\/\\\/www.warzee-sa.com\\\/de\\\/produkt\\\/abwickel-einstreugerat-de450rpm\\\/#breadcrumb\",\"itemListElement\":[{\"@type\":\"ListItem\",\"position\":1,\"name\":\"Accueil\",\"item\":\"https:\\\/\\\/www.warzee-sa.com\\\/de\\\/\"},{\"@type\":\"ListItem\",\"position\":2,\"name\":\"Winkel\",\"item\":\"https:\\\/\\\/www.warzee-sa.com\\\/de\\\/winkel\\\/\"},{\"@type\":\"ListItem\",\"position\":3,\"name\":\"DE450RPM Abwickel-und Einstreuger\u00e4t\"}]},{\"@type\":\"WebSite\",\"@id\":\"https:\\\/\\\/www.warzee-sa.com\\\/de\\\/#website\",\"url\":\"https:\\\/\\\/www.warzee-sa.com\\\/de\\\/\",\"name\":\"Warz\u00e9e\",\"description\":\"\",\"potentialAction\":[{\"@type\":\"SearchAction\",\"target\":{\"@type\":\"EntryPoint\",\"urlTemplate\":\"https:\\\/\\\/www.warzee-sa.com\\\/de\\\/?s={search_term_string}\"},\"query-input\":{\"@type\":\"PropertyValueSpecification\",\"valueRequired\":true,\"valueName\":\"search_term_string\"}}],\"inLanguage\":\"de-BE\"}]}<\/script>\n<!-- \/ Yoast SEO plugin. -->","yoast_head_json":{"title":"DE450RPM Abwickel-und Einstreuger\u00e4t | Warz\u00e9e","description":"Ausgestattet mit einer vollst\u00e4ndigen Box, verteilt der Warz\u00e9e DE450RPM Abwickler-Streuer Rundballen Heu und Silage und streut Stroh bis zu 7 Meter mit dem Strohkit.","robots":{"index":"index","follow":"follow","max-snippet":"max-snippet:-1","max-image-preview":"max-image-preview:large","max-video-preview":"max-video-preview:-1"},"canonical":"https:\/\/www.warzee-sa.com\/de\/produkt\/abwickel-einstreugerat-de450rpm\/","og_locale":"de_DE","og_type":"article","og_title":"DE450RPM Abwickel-und Einstreuger\u00e4t | Warz\u00e9e","og_description":"Ausgestattet mit einer vollst\u00e4ndigen Box, verteilt der Warz\u00e9e DE450RPM Abwickler-Streuer Rundballen Heu und Silage und streut Stroh bis zu 7 Meter mit dem Strohkit.","og_url":"https:\/\/www.warzee-sa.com\/de\/produkt\/abwickel-einstreugerat-de450rpm\/","og_site_name":"Warz\u00e9e","article_modified_time":"2025-02-21T12:46:44+00:00","og_image":[{"width":800,"height":800,"url":"https:\/\/www.warzee-sa.com\/wp-content\/uploads\/2024\/08\/DE450RPM_SF.png","type":"image\/png"}],"twitter_card":"summary_large_image","twitter_misc":{"Est. reading time":"1 minute"},"schema":{"@context":"https:\/\/schema.org","@graph":[{"@type":"WebPage","@id":"https:\/\/www.warzee-sa.com\/de\/produkt\/abwickel-einstreugerat-de450rpm\/","url":"https:\/\/www.warzee-sa.com\/de\/produkt\/abwickel-einstreugerat-de450rpm\/","name":"DE450RPM Abwickel-und Einstreuger\u00e4t | Warz\u00e9e","isPartOf":{"@id":"https:\/\/www.warzee-sa.com\/de\/#website"},"primaryImageOfPage":{"@id":"https:\/\/www.warzee-sa.com\/de\/produkt\/abwickel-einstreugerat-de450rpm\/#primaryimage"},"image":{"@id":"https:\/\/www.warzee-sa.com\/de\/produkt\/abwickel-einstreugerat-de450rpm\/#primaryimage"},"thumbnailUrl":"https:\/\/www.warzee-sa.com\/wp-content\/uploads\/2024\/08\/DE450RPM_SF.png","datePublished":"2024-08-29T15:00:22+00:00","dateModified":"2025-02-21T12:46:44+00:00","description":"Ausgestattet mit einer vollst\u00e4ndigen Box, verteilt der Warz\u00e9e DE450RPM Abwickler-Streuer Rundballen Heu und Silage und streut Stroh bis zu 7 Meter mit dem Strohkit.","breadcrumb":{"@id":"https:\/\/www.warzee-sa.com\/de\/produkt\/abwickel-einstreugerat-de450rpm\/#breadcrumb"},"inLanguage":"de-BE","potentialAction":[{"@type":"ReadAction","target":["https:\/\/www.warzee-sa.com\/de\/produkt\/abwickel-einstreugerat-de450rpm\/"]}]},{"@type":"ImageObject","inLanguage":"de-BE","@id":"https:\/\/www.warzee-sa.com\/de\/produkt\/abwickel-einstreugerat-de450rpm\/#primaryimage","url":"https:\/\/www.warzee-sa.com\/wp-content\/uploads\/2024\/08\/DE450RPM_SF.png","contentUrl":"https:\/\/www.warzee-sa.com\/wp-content\/uploads\/2024\/08\/DE450RPM_SF.png","width":800,"height":800},{"@type":"BreadcrumbList","@id":"https:\/\/www.warzee-sa.com\/de\/produkt\/abwickel-einstreugerat-de450rpm\/#breadcrumb","itemListElement":[{"@type":"ListItem","position":1,"name":"Accueil","item":"https:\/\/www.warzee-sa.com\/de\/"},{"@type":"ListItem","position":2,"name":"Winkel","item":"https:\/\/www.warzee-sa.com\/de\/winkel\/"},{"@type":"ListItem","position":3,"name":"DE450RPM Abwickel-und Einstreuger\u00e4t"}]},{"@type":"WebSite","@id":"https:\/\/www.warzee-sa.com\/de\/#website","url":"https:\/\/www.warzee-sa.com\/de\/","name":"Warz\u00e9e","description":"","potentialAction":[{"@type":"SearchAction","target":{"@type":"EntryPoint","urlTemplate":"https:\/\/www.warzee-sa.com\/de\/?s={search_term_string}"},"query-input":{"@type":"PropertyValueSpecification","valueRequired":true,"valueName":"search_term_string"}}],"inLanguage":"de-BE"}]}},"_links":{"self":[{"href":"https:\/\/www.warzee-sa.com\/de\/wp-json\/wp\/v2\/product\/13490","targetHints":{"allow":["GET"]}}],"collection":[{"href":"https:\/\/www.warzee-sa.com\/de\/wp-json\/wp\/v2\/product"}],"about":[{"href":"https:\/\/www.warzee-sa.com\/de\/wp-json\/wp\/v2\/types\/product"}],"wp:featuredmedia":[{"embeddable":true,"href":"https:\/\/www.warzee-sa.com\/de\/wp-json\/wp\/v2\/media\/10397"}],"wp:attachment":[{"href":"https:\/\/www.warzee-sa.com\/de\/wp-json\/wp\/v2\/media?parent=13490"}],"wp:term":[{"taxonomy":"product_cat","embeddable":true,"href":"https:\/\/www.warzee-sa.com\/de\/wp-json\/wp\/v2\/product_cat?post=13490"},{"taxonomy":"product_tag","embeddable":true,"href":"https:\/\/www.warzee-sa.com\/de\/wp-json\/wp\/v2\/product_tag?post=13490"}],"curies":[{"name":"wp","href":"https:\/\/api.w.org\/{rel}","templated":true}]}}