{"id":13487,"date":"2024-08-29T15:25:23","date_gmt":"2024-08-29T13:25:23","guid":{"rendered":"https:\/\/warzee-sa.poush-dev.be\/product\/silo-a-ciment-svc\/"},"modified":"2024-10-01T15:04:05","modified_gmt":"2024-10-01T13:04:05","slug":"zementsilo","status":"publish","type":"product","link":"https:\/\/www.warzee-sa.com\/de\/produkt\/zementsilo\/","title":{"rendered":"Zementsilo"},"content":{"rendered":"<h2>Zementsilo<\/h2>\n<p>Die Silos von Warz\u00e9e werden zur Optimierung Ihrer Arbeitsleistung konzipiert, sind mit unterschiedlichen Volumen erh\u00e4ltlich und k\u00f6nnen mit unterschiedlichem Zubeh\u00f6r ausgestattet werden. Die vollautomatisierten Silos erleichtern die Lagerung und Dosierung von Zement. Jede Installation wird Ihren Anforderungen entsprechend ma\u00dfgeschneidert.<\/p>\n<p><strong>Modelle : SVC30, SVC60<\/strong><\/p>\n","protected":false},"excerpt":{"rendered":"<p><span data-sheets-root=\"1\">Silo monolithisch<\/span><\/p>\n","protected":false},"featured_media":12768,"template":"","meta":{"_acf_changed":false,"_et_pb_use_builder":"","_et_pb_old_content":"","_et_gb_content_width":"","inline_featured_image":false},"product_cat":[286],"product_tag":[],"class_list":{"0":"post-13487","1":"product","2":"type-product","3":"status-publish","4":"has-post-thumbnail","6":"product_cat-silos-de","7":"pa_alimentation-3-x-400-v-bei-50-hz","8":"pa_armoire-de-programmation-mit-option","9":"pa_hauteur-7030-bis-10000-mm","10":"pa_largeur-3676-mm-de","11":"pa_longueur-3676-mm-ohne-schneckenfoerderer","12":"pa_percer-big-bags-non-de","13":"pa_poids-2750-bis-3900-kg","14":"pa_systeme-de-traineaux-non-de-2","15":"pa_telecommande-a-distance-mit-option","16":"pa_vis-mit-option","17":"pa_volume-silos-35-a-60-m-de-2","19":"first","20":"instock","21":"purchasable","22":"product-type-simple"},"acf":[],"yoast_head":"<!-- This site is optimized with the Yoast SEO plugin v27.5 - https:\/\/yoast.com\/product\/yoast-seo-wordpress\/ -->\n<title>Zementsilo | Warz\u00e9e<\/title>\n<meta name=\"description\" content=\"Die Zementsilos erm\u00f6glichen die einfache Lagerung und Dosierung unterschiedlicher Arten von Zuschlagstoffen zur Maximierung der Betonerzeugung.\" \/>\n<meta name=\"robots\" content=\"index, follow, max-snippet:-1, max-image-preview:large, max-video-preview:-1\" \/>\n<link rel=\"canonical\" href=\"https:\/\/www.warzee-sa.com\/de\/produkt\/zementsilo\/\" \/>\n<meta property=\"og:locale\" content=\"de_DE\" \/>\n<meta property=\"og:type\" content=\"article\" \/>\n<meta property=\"og:title\" content=\"Zementsilo | Warz\u00e9e\" \/>\n<meta property=\"og:description\" content=\"Die Zementsilos erm\u00f6glichen die einfache Lagerung und Dosierung unterschiedlicher Arten von Zuschlagstoffen zur Maximierung der Betonerzeugung.\" \/>\n<meta property=\"og:url\" content=\"https:\/\/www.warzee-sa.com\/de\/produkt\/zementsilo\/\" \/>\n<meta property=\"og:site_name\" content=\"Warz\u00e9e\" \/>\n<meta property=\"article:modified_time\" content=\"2024-10-01T13:04:05+00:00\" \/>\n<meta property=\"og:image\" content=\"https:\/\/www.warzee-sa.com\/wp-content\/uploads\/2024\/08\/SVC_SF.png\" \/>\n\t<meta property=\"og:image:width\" content=\"800\" \/>\n\t<meta property=\"og:image:height\" content=\"800\" \/>\n\t<meta property=\"og:image:type\" content=\"image\/png\" \/>\n<meta name=\"twitter:card\" content=\"summary_large_image\" \/>\n<meta name=\"twitter:label1\" content=\"Est. reading time\" \/>\n\t<meta name=\"twitter:data1\" content=\"1 minute\" \/>\n<script type=\"application\/ld+json\" class=\"yoast-schema-graph\">{\"@context\":\"https:\\\/\\\/schema.org\",\"@graph\":[{\"@type\":\"WebPage\",\"@id\":\"https:\\\/\\\/www.warzee-sa.com\\\/de\\\/produkt\\\/zementsilo\\\/\",\"url\":\"https:\\\/\\\/www.warzee-sa.com\\\/de\\\/produkt\\\/zementsilo\\\/\",\"name\":\"Zementsilo | Warz\u00e9e\",\"isPartOf\":{\"@id\":\"https:\\\/\\\/www.warzee-sa.com\\\/de\\\/#website\"},\"primaryImageOfPage\":{\"@id\":\"https:\\\/\\\/www.warzee-sa.com\\\/de\\\/produkt\\\/zementsilo\\\/#primaryimage\"},\"image\":{\"@id\":\"https:\\\/\\\/www.warzee-sa.com\\\/de\\\/produkt\\\/zementsilo\\\/#primaryimage\"},\"thumbnailUrl\":\"https:\\\/\\\/www.warzee-sa.com\\\/wp-content\\\/uploads\\\/2024\\\/08\\\/SVC_SF.png\",\"datePublished\":\"2024-08-29T13:25:23+00:00\",\"dateModified\":\"2024-10-01T13:04:05+00:00\",\"description\":\"Die Zementsilos erm\u00f6glichen die einfache Lagerung und Dosierung unterschiedlicher Arten von Zuschlagstoffen zur Maximierung der Betonerzeugung.\",\"breadcrumb\":{\"@id\":\"https:\\\/\\\/www.warzee-sa.com\\\/de\\\/produkt\\\/zementsilo\\\/#breadcrumb\"},\"inLanguage\":\"de-BE\",\"potentialAction\":[{\"@type\":\"ReadAction\",\"target\":[\"https:\\\/\\\/www.warzee-sa.com\\\/de\\\/produkt\\\/zementsilo\\\/\"]}]},{\"@type\":\"ImageObject\",\"inLanguage\":\"de-BE\",\"@id\":\"https:\\\/\\\/www.warzee-sa.com\\\/de\\\/produkt\\\/zementsilo\\\/#primaryimage\",\"url\":\"https:\\\/\\\/www.warzee-sa.com\\\/wp-content\\\/uploads\\\/2024\\\/08\\\/SVC_SF.png\",\"contentUrl\":\"https:\\\/\\\/www.warzee-sa.com\\\/wp-content\\\/uploads\\\/2024\\\/08\\\/SVC_SF.png\",\"width\":800,\"height\":800},{\"@type\":\"BreadcrumbList\",\"@id\":\"https:\\\/\\\/www.warzee-sa.com\\\/de\\\/produkt\\\/zementsilo\\\/#breadcrumb\",\"itemListElement\":[{\"@type\":\"ListItem\",\"position\":1,\"name\":\"Accueil\",\"item\":\"https:\\\/\\\/www.warzee-sa.com\\\/de\\\/\"},{\"@type\":\"ListItem\",\"position\":2,\"name\":\"Winkel\",\"item\":\"https:\\\/\\\/www.warzee-sa.com\\\/de\\\/winkel\\\/\"},{\"@type\":\"ListItem\",\"position\":3,\"name\":\"Zementsilo\"}]},{\"@type\":\"WebSite\",\"@id\":\"https:\\\/\\\/www.warzee-sa.com\\\/de\\\/#website\",\"url\":\"https:\\\/\\\/www.warzee-sa.com\\\/de\\\/\",\"name\":\"Warz\u00e9e\",\"description\":\"\",\"potentialAction\":[{\"@type\":\"SearchAction\",\"target\":{\"@type\":\"EntryPoint\",\"urlTemplate\":\"https:\\\/\\\/www.warzee-sa.com\\\/de\\\/?s={search_term_string}\"},\"query-input\":{\"@type\":\"PropertyValueSpecification\",\"valueRequired\":true,\"valueName\":\"search_term_string\"}}],\"inLanguage\":\"de-BE\"}]}<\/script>\n<!-- \/ Yoast SEO plugin. -->","yoast_head_json":{"title":"Zementsilo | Warz\u00e9e","description":"Die Zementsilos erm\u00f6glichen die einfache Lagerung und Dosierung unterschiedlicher Arten von Zuschlagstoffen zur Maximierung der Betonerzeugung.","robots":{"index":"index","follow":"follow","max-snippet":"max-snippet:-1","max-image-preview":"max-image-preview:large","max-video-preview":"max-video-preview:-1"},"canonical":"https:\/\/www.warzee-sa.com\/de\/produkt\/zementsilo\/","og_locale":"de_DE","og_type":"article","og_title":"Zementsilo | Warz\u00e9e","og_description":"Die Zementsilos erm\u00f6glichen die einfache Lagerung und Dosierung unterschiedlicher Arten von Zuschlagstoffen zur Maximierung der Betonerzeugung.","og_url":"https:\/\/www.warzee-sa.com\/de\/produkt\/zementsilo\/","og_site_name":"Warz\u00e9e","article_modified_time":"2024-10-01T13:04:05+00:00","og_image":[{"width":800,"height":800,"url":"https:\/\/www.warzee-sa.com\/wp-content\/uploads\/2024\/08\/SVC_SF.png","type":"image\/png"}],"twitter_card":"summary_large_image","twitter_misc":{"Est. reading time":"1 minute"},"schema":{"@context":"https:\/\/schema.org","@graph":[{"@type":"WebPage","@id":"https:\/\/www.warzee-sa.com\/de\/produkt\/zementsilo\/","url":"https:\/\/www.warzee-sa.com\/de\/produkt\/zementsilo\/","name":"Zementsilo | Warz\u00e9e","isPartOf":{"@id":"https:\/\/www.warzee-sa.com\/de\/#website"},"primaryImageOfPage":{"@id":"https:\/\/www.warzee-sa.com\/de\/produkt\/zementsilo\/#primaryimage"},"image":{"@id":"https:\/\/www.warzee-sa.com\/de\/produkt\/zementsilo\/#primaryimage"},"thumbnailUrl":"https:\/\/www.warzee-sa.com\/wp-content\/uploads\/2024\/08\/SVC_SF.png","datePublished":"2024-08-29T13:25:23+00:00","dateModified":"2024-10-01T13:04:05+00:00","description":"Die Zementsilos erm\u00f6glichen die einfache Lagerung und Dosierung unterschiedlicher Arten von Zuschlagstoffen zur Maximierung der Betonerzeugung.","breadcrumb":{"@id":"https:\/\/www.warzee-sa.com\/de\/produkt\/zementsilo\/#breadcrumb"},"inLanguage":"de-BE","potentialAction":[{"@type":"ReadAction","target":["https:\/\/www.warzee-sa.com\/de\/produkt\/zementsilo\/"]}]},{"@type":"ImageObject","inLanguage":"de-BE","@id":"https:\/\/www.warzee-sa.com\/de\/produkt\/zementsilo\/#primaryimage","url":"https:\/\/www.warzee-sa.com\/wp-content\/uploads\/2024\/08\/SVC_SF.png","contentUrl":"https:\/\/www.warzee-sa.com\/wp-content\/uploads\/2024\/08\/SVC_SF.png","width":800,"height":800},{"@type":"BreadcrumbList","@id":"https:\/\/www.warzee-sa.com\/de\/produkt\/zementsilo\/#breadcrumb","itemListElement":[{"@type":"ListItem","position":1,"name":"Accueil","item":"https:\/\/www.warzee-sa.com\/de\/"},{"@type":"ListItem","position":2,"name":"Winkel","item":"https:\/\/www.warzee-sa.com\/de\/winkel\/"},{"@type":"ListItem","position":3,"name":"Zementsilo"}]},{"@type":"WebSite","@id":"https:\/\/www.warzee-sa.com\/de\/#website","url":"https:\/\/www.warzee-sa.com\/de\/","name":"Warz\u00e9e","description":"","potentialAction":[{"@type":"SearchAction","target":{"@type":"EntryPoint","urlTemplate":"https:\/\/www.warzee-sa.com\/de\/?s={search_term_string}"},"query-input":{"@type":"PropertyValueSpecification","valueRequired":true,"valueName":"search_term_string"}}],"inLanguage":"de-BE"}]}},"_links":{"self":[{"href":"https:\/\/www.warzee-sa.com\/de\/wp-json\/wp\/v2\/product\/13487","targetHints":{"allow":["GET"]}}],"collection":[{"href":"https:\/\/www.warzee-sa.com\/de\/wp-json\/wp\/v2\/product"}],"about":[{"href":"https:\/\/www.warzee-sa.com\/de\/wp-json\/wp\/v2\/types\/product"}],"wp:featuredmedia":[{"embeddable":true,"href":"https:\/\/www.warzee-sa.com\/de\/wp-json\/wp\/v2\/media\/12768"}],"wp:attachment":[{"href":"https:\/\/www.warzee-sa.com\/de\/wp-json\/wp\/v2\/media?parent=13487"}],"wp:term":[{"taxonomy":"product_cat","embeddable":true,"href":"https:\/\/www.warzee-sa.com\/de\/wp-json\/wp\/v2\/product_cat?post=13487"},{"taxonomy":"product_tag","embeddable":true,"href":"https:\/\/www.warzee-sa.com\/de\/wp-json\/wp\/v2\/product_tag?post=13487"}],"curies":[{"name":"wp","href":"https:\/\/api.w.org\/{rel}","templated":true}]}}