{"id":12493,"date":"2024-08-28T15:24:58","date_gmt":"2024-08-28T13:24:58","guid":{"rendered":"https:\/\/warzee-sa.poush-dev.be\/product\/centrale-a-beton-et-stabilise\/"},"modified":"2024-10-01T15:36:18","modified_gmt":"2024-10-01T13:36:18","slug":"mini-mischanlage-fur-beton-und-stabilisierter-sand","status":"publish","type":"product","link":"https:\/\/www.warzee-sa.com\/de\/produkt\/mini-mischanlage-fur-beton-und-stabilisierter-sand\/","title":{"rendered":"Mini-Mischanlage f\u00fcr Beton und stabilisierter Sand"},"content":{"rendered":"<h2>Hochergiebige Mini-Mischanlage f\u00fcr Beton und stabilisierter Sand<\/h2>\n<p>Die Mischanlage f\u00fcr Beton und stabilisierter Sand \u00fcbernimmt das einzigartige Mischsystem der Warz\u00e9e-Mischschaufeln. Sie ist vollautomatisch und erm\u00f6glicht die schnelle Herstellung von Stabilis\u00e9 oder Magerbeton.<br \/>\nDie Anlage besteht aus einer Mischschaufel als station\u00e4re Einheit und kann mit verschiedenen Elementen individuell angepasst werden: Wartetrichter, F\u00f6rderband, Silo usw.<\/p>\n","protected":false},"excerpt":{"rendered":"<p>Station\u00e4rer Mischer<\/p>\n","protected":false},"featured_media":12741,"template":"","meta":{"_acf_changed":false,"_et_pb_use_builder":"","_et_pb_old_content":"","_et_gb_content_width":"","inline_featured_image":false},"product_cat":[284],"product_tag":[],"class_list":{"0":"post-12493","1":"product","2":"type-product","3":"status-publish","4":"has-post-thumbnail","6":"product_cat-mischschaufeln","7":"pa_acc-attaches-boulonnables-non-de","8":"pa_composition-hardox-de","9":"pa_fond-boulonnables-oui-de-2","10":"pa_grille-de-securite-oui-de-2","11":"pa_pales-interchangeables-oui-de-2","12":"pa_rendement-45-m-h-de","13":"pa_volume-1500-l-de","15":"first","16":"instock","17":"purchasable","18":"product-type-simple"},"acf":[],"yoast_head":"<!-- This site is optimized with the Yoast SEO plugin v27.5 - https:\/\/yoast.com\/product\/yoast-seo-wordpress\/ -->\n<title>Warz\u00e9e Mini-Mischanlage f\u00fcr Beton und stabilisierter Sand<\/title>\n<meta name=\"description\" content=\"Die individuell anpassbare und vollautomatisierte Mischanlage f\u00fcr Beton und stabilisierter Sand von Warz\u00e9e ist mit einem fest installierten Mischschaufel.\" \/>\n<meta name=\"robots\" content=\"index, follow, max-snippet:-1, max-image-preview:large, max-video-preview:-1\" \/>\n<link rel=\"canonical\" href=\"https:\/\/www.warzee-sa.com\/de\/produkt\/mini-mischanlage-fur-beton-und-stabilisierter-sand\/\" \/>\n<meta property=\"og:locale\" content=\"de_DE\" \/>\n<meta property=\"og:type\" content=\"article\" \/>\n<meta property=\"og:title\" content=\"Warz\u00e9e Mini-Mischanlage f\u00fcr Beton und stabilisierter Sand\" \/>\n<meta property=\"og:description\" content=\"Die individuell anpassbare und vollautomatisierte Mischanlage f\u00fcr Beton und stabilisierter Sand von Warz\u00e9e ist mit einem fest installierten Mischschaufel.\" \/>\n<meta property=\"og:url\" content=\"https:\/\/www.warzee-sa.com\/de\/produkt\/mini-mischanlage-fur-beton-und-stabilisierter-sand\/\" \/>\n<meta property=\"og:site_name\" content=\"Warz\u00e9e\" \/>\n<meta property=\"article:modified_time\" content=\"2024-10-01T13:36:18+00:00\" \/>\n<meta property=\"og:image\" content=\"https:\/\/www.warzee-sa.com\/wp-content\/uploads\/2024\/08\/CB_SF.png\" \/>\n\t<meta property=\"og:image:width\" content=\"800\" \/>\n\t<meta property=\"og:image:height\" content=\"800\" \/>\n\t<meta property=\"og:image:type\" content=\"image\/png\" \/>\n<meta name=\"twitter:card\" content=\"summary_large_image\" \/>\n<meta name=\"twitter:label1\" content=\"Est. reading time\" \/>\n\t<meta name=\"twitter:data1\" content=\"1 minute\" \/>\n<script type=\"application\/ld+json\" class=\"yoast-schema-graph\">{\"@context\":\"https:\\\/\\\/schema.org\",\"@graph\":[{\"@type\":\"WebPage\",\"@id\":\"https:\\\/\\\/www.warzee-sa.com\\\/de\\\/produkt\\\/mini-mischanlage-fur-beton-und-stabilisierter-sand\\\/\",\"url\":\"https:\\\/\\\/www.warzee-sa.com\\\/de\\\/produkt\\\/mini-mischanlage-fur-beton-und-stabilisierter-sand\\\/\",\"name\":\"Warz\u00e9e Mini-Mischanlage f\u00fcr Beton und stabilisierter Sand\",\"isPartOf\":{\"@id\":\"https:\\\/\\\/www.warzee-sa.com\\\/de\\\/#website\"},\"primaryImageOfPage\":{\"@id\":\"https:\\\/\\\/www.warzee-sa.com\\\/de\\\/produkt\\\/mini-mischanlage-fur-beton-und-stabilisierter-sand\\\/#primaryimage\"},\"image\":{\"@id\":\"https:\\\/\\\/www.warzee-sa.com\\\/de\\\/produkt\\\/mini-mischanlage-fur-beton-und-stabilisierter-sand\\\/#primaryimage\"},\"thumbnailUrl\":\"https:\\\/\\\/www.warzee-sa.com\\\/wp-content\\\/uploads\\\/2024\\\/08\\\/CB_SF.png\",\"datePublished\":\"2024-08-28T13:24:58+00:00\",\"dateModified\":\"2024-10-01T13:36:18+00:00\",\"description\":\"Die individuell anpassbare und vollautomatisierte Mischanlage f\u00fcr Beton und stabilisierter Sand von Warz\u00e9e ist mit einem fest installierten Mischschaufel.\",\"breadcrumb\":{\"@id\":\"https:\\\/\\\/www.warzee-sa.com\\\/de\\\/produkt\\\/mini-mischanlage-fur-beton-und-stabilisierter-sand\\\/#breadcrumb\"},\"inLanguage\":\"de-BE\",\"potentialAction\":[{\"@type\":\"ReadAction\",\"target\":[\"https:\\\/\\\/www.warzee-sa.com\\\/de\\\/produkt\\\/mini-mischanlage-fur-beton-und-stabilisierter-sand\\\/\"]}]},{\"@type\":\"ImageObject\",\"inLanguage\":\"de-BE\",\"@id\":\"https:\\\/\\\/www.warzee-sa.com\\\/de\\\/produkt\\\/mini-mischanlage-fur-beton-und-stabilisierter-sand\\\/#primaryimage\",\"url\":\"https:\\\/\\\/www.warzee-sa.com\\\/wp-content\\\/uploads\\\/2024\\\/08\\\/CB_SF.png\",\"contentUrl\":\"https:\\\/\\\/www.warzee-sa.com\\\/wp-content\\\/uploads\\\/2024\\\/08\\\/CB_SF.png\",\"width\":800,\"height\":800},{\"@type\":\"BreadcrumbList\",\"@id\":\"https:\\\/\\\/www.warzee-sa.com\\\/de\\\/produkt\\\/mini-mischanlage-fur-beton-und-stabilisierter-sand\\\/#breadcrumb\",\"itemListElement\":[{\"@type\":\"ListItem\",\"position\":1,\"name\":\"Accueil\",\"item\":\"https:\\\/\\\/www.warzee-sa.com\\\/de\\\/\"},{\"@type\":\"ListItem\",\"position\":2,\"name\":\"Winkel\",\"item\":\"https:\\\/\\\/www.warzee-sa.com\\\/de\\\/winkel\\\/\"},{\"@type\":\"ListItem\",\"position\":3,\"name\":\"Mini-Mischanlage f\u00fcr Beton und stabilisierter Sand\"}]},{\"@type\":\"WebSite\",\"@id\":\"https:\\\/\\\/www.warzee-sa.com\\\/de\\\/#website\",\"url\":\"https:\\\/\\\/www.warzee-sa.com\\\/de\\\/\",\"name\":\"Warz\u00e9e\",\"description\":\"\",\"potentialAction\":[{\"@type\":\"SearchAction\",\"target\":{\"@type\":\"EntryPoint\",\"urlTemplate\":\"https:\\\/\\\/www.warzee-sa.com\\\/de\\\/?s={search_term_string}\"},\"query-input\":{\"@type\":\"PropertyValueSpecification\",\"valueRequired\":true,\"valueName\":\"search_term_string\"}}],\"inLanguage\":\"de-BE\"}]}<\/script>\n<!-- \/ Yoast SEO plugin. -->","yoast_head_json":{"title":"Warz\u00e9e Mini-Mischanlage f\u00fcr Beton und stabilisierter Sand","description":"Die individuell anpassbare und vollautomatisierte Mischanlage f\u00fcr Beton und stabilisierter Sand von Warz\u00e9e ist mit einem fest installierten Mischschaufel.","robots":{"index":"index","follow":"follow","max-snippet":"max-snippet:-1","max-image-preview":"max-image-preview:large","max-video-preview":"max-video-preview:-1"},"canonical":"https:\/\/www.warzee-sa.com\/de\/produkt\/mini-mischanlage-fur-beton-und-stabilisierter-sand\/","og_locale":"de_DE","og_type":"article","og_title":"Warz\u00e9e Mini-Mischanlage f\u00fcr Beton und stabilisierter Sand","og_description":"Die individuell anpassbare und vollautomatisierte Mischanlage f\u00fcr Beton und stabilisierter Sand von Warz\u00e9e ist mit einem fest installierten Mischschaufel.","og_url":"https:\/\/www.warzee-sa.com\/de\/produkt\/mini-mischanlage-fur-beton-und-stabilisierter-sand\/","og_site_name":"Warz\u00e9e","article_modified_time":"2024-10-01T13:36:18+00:00","og_image":[{"width":800,"height":800,"url":"https:\/\/www.warzee-sa.com\/wp-content\/uploads\/2024\/08\/CB_SF.png","type":"image\/png"}],"twitter_card":"summary_large_image","twitter_misc":{"Est. reading time":"1 minute"},"schema":{"@context":"https:\/\/schema.org","@graph":[{"@type":"WebPage","@id":"https:\/\/www.warzee-sa.com\/de\/produkt\/mini-mischanlage-fur-beton-und-stabilisierter-sand\/","url":"https:\/\/www.warzee-sa.com\/de\/produkt\/mini-mischanlage-fur-beton-und-stabilisierter-sand\/","name":"Warz\u00e9e Mini-Mischanlage f\u00fcr Beton und stabilisierter Sand","isPartOf":{"@id":"https:\/\/www.warzee-sa.com\/de\/#website"},"primaryImageOfPage":{"@id":"https:\/\/www.warzee-sa.com\/de\/produkt\/mini-mischanlage-fur-beton-und-stabilisierter-sand\/#primaryimage"},"image":{"@id":"https:\/\/www.warzee-sa.com\/de\/produkt\/mini-mischanlage-fur-beton-und-stabilisierter-sand\/#primaryimage"},"thumbnailUrl":"https:\/\/www.warzee-sa.com\/wp-content\/uploads\/2024\/08\/CB_SF.png","datePublished":"2024-08-28T13:24:58+00:00","dateModified":"2024-10-01T13:36:18+00:00","description":"Die individuell anpassbare und vollautomatisierte Mischanlage f\u00fcr Beton und stabilisierter Sand von Warz\u00e9e ist mit einem fest installierten Mischschaufel.","breadcrumb":{"@id":"https:\/\/www.warzee-sa.com\/de\/produkt\/mini-mischanlage-fur-beton-und-stabilisierter-sand\/#breadcrumb"},"inLanguage":"de-BE","potentialAction":[{"@type":"ReadAction","target":["https:\/\/www.warzee-sa.com\/de\/produkt\/mini-mischanlage-fur-beton-und-stabilisierter-sand\/"]}]},{"@type":"ImageObject","inLanguage":"de-BE","@id":"https:\/\/www.warzee-sa.com\/de\/produkt\/mini-mischanlage-fur-beton-und-stabilisierter-sand\/#primaryimage","url":"https:\/\/www.warzee-sa.com\/wp-content\/uploads\/2024\/08\/CB_SF.png","contentUrl":"https:\/\/www.warzee-sa.com\/wp-content\/uploads\/2024\/08\/CB_SF.png","width":800,"height":800},{"@type":"BreadcrumbList","@id":"https:\/\/www.warzee-sa.com\/de\/produkt\/mini-mischanlage-fur-beton-und-stabilisierter-sand\/#breadcrumb","itemListElement":[{"@type":"ListItem","position":1,"name":"Accueil","item":"https:\/\/www.warzee-sa.com\/de\/"},{"@type":"ListItem","position":2,"name":"Winkel","item":"https:\/\/www.warzee-sa.com\/de\/winkel\/"},{"@type":"ListItem","position":3,"name":"Mini-Mischanlage f\u00fcr Beton und stabilisierter Sand"}]},{"@type":"WebSite","@id":"https:\/\/www.warzee-sa.com\/de\/#website","url":"https:\/\/www.warzee-sa.com\/de\/","name":"Warz\u00e9e","description":"","potentialAction":[{"@type":"SearchAction","target":{"@type":"EntryPoint","urlTemplate":"https:\/\/www.warzee-sa.com\/de\/?s={search_term_string}"},"query-input":{"@type":"PropertyValueSpecification","valueRequired":true,"valueName":"search_term_string"}}],"inLanguage":"de-BE"}]}},"_links":{"self":[{"href":"https:\/\/www.warzee-sa.com\/de\/wp-json\/wp\/v2\/product\/12493","targetHints":{"allow":["GET"]}}],"collection":[{"href":"https:\/\/www.warzee-sa.com\/de\/wp-json\/wp\/v2\/product"}],"about":[{"href":"https:\/\/www.warzee-sa.com\/de\/wp-json\/wp\/v2\/types\/product"}],"wp:featuredmedia":[{"embeddable":true,"href":"https:\/\/www.warzee-sa.com\/de\/wp-json\/wp\/v2\/media\/12741"}],"wp:attachment":[{"href":"https:\/\/www.warzee-sa.com\/de\/wp-json\/wp\/v2\/media?parent=12493"}],"wp:term":[{"taxonomy":"product_cat","embeddable":true,"href":"https:\/\/www.warzee-sa.com\/de\/wp-json\/wp\/v2\/product_cat?post=12493"},{"taxonomy":"product_tag","embeddable":true,"href":"https:\/\/www.warzee-sa.com\/de\/wp-json\/wp\/v2\/product_tag?post=12493"}],"curies":[{"name":"wp","href":"https:\/\/api.w.org\/{rel}","templated":true}]}}