{"id":12484,"date":"2024-08-29T15:16:34","date_gmt":"2024-08-29T13:16:34","guid":{"rendered":"https:\/\/warzee-sa.poush-dev.be\/product\/godet-malaxeur-bb1010\/"},"modified":"2024-10-25T10:19:49","modified_gmt":"2024-10-25T08:19:49","slug":"bb1010-mischschaufel","status":"publish","type":"product","link":"https:\/\/www.warzee-sa.com\/de\/produkt\/bb1010-mischschaufel\/","title":{"rendered":"BB1010 Mischschaufel"},"content":{"rendered":"<h2>Mehr Produktivit\u00e4t und Effizienz<\/h2>\n<p>Der BB1010 Mischschaufel wurde f\u00fcr Teleskoplader, gro\u00df Radlader und Bagger konzipiert und ist zum Beladen und Mischen aller Arten von Zuschlagstoffen (Zement, Beton, Erde, Kalk usw.) geeignet.<br \/>\nDas Mischsystem garantiert eine homogene Mischung bei allen Arten von Stoffen \u2013 ob trocken oder feucht, mit kleiner oder gro\u00dfer Korngr\u00f6\u00dfe.<\/p>\n","protected":false},"excerpt":{"rendered":"<p>1000 liter<\/p>\n","protected":false},"featured_media":12115,"template":"","meta":{"_acf_changed":false,"_et_pb_use_builder":"","_et_pb_old_content":"","_et_gb_content_width":"","inline_featured_image":false},"product_cat":[284],"product_tag":[],"class_list":{"0":"post-12484","1":"product","2":"type-product","3":"status-publish","4":"has-post-thumbnail","6":"product_cat-mischschaufeln","7":"pa_acc-attaches-boulonnables-oui-de","8":"pa_capacite-de-levage-chargeur-3000-kg-2-de","9":"pa_composition-hardox-de","10":"pa_criblage-oui-siebung-option","11":"pa_diametre-1000-mm-de","12":"pa_fond-boulonnables-oui-de-2","13":"pa_grille-de-securite-oui-de-2","14":"pa_largeur-hors-tout-2175-mm-de","15":"pa_largeur-utile-1800-mm-de","16":"pa_pales-interchangeables-oui-de-2","17":"pa_poids-1490-kg-de","18":"pa_poids-grue-18000-kg-de","19":"pa_rendement-15-m-h-de","20":"pa_volume-1000-l-de","22":"first","23":"instock","24":"purchasable","25":"product-type-simple"},"acf":[],"yoast_head":"<!-- This site is optimized with the Yoast SEO plugin v27.5 - https:\/\/yoast.com\/product\/yoast-seo-wordpress\/ -->\n<title>Warz\u00e9e Maxi BB1010 Mischschaufel<\/title>\n<meta name=\"description\" content=\"Mit den robusten und effizienten Warz\u00e9e Maxi-Mischbechern k\u00f6nnen Sie sehr schnell trockene oder feuchte Mischungen herstellen: Beton, Stabilisat, Erde, Sand.\" \/>\n<meta name=\"robots\" content=\"index, follow, max-snippet:-1, max-image-preview:large, max-video-preview:-1\" \/>\n<link rel=\"canonical\" href=\"https:\/\/www.warzee-sa.com\/de\/produkt\/bb1010-mischschaufel\/\" \/>\n<meta property=\"og:locale\" content=\"de_DE\" \/>\n<meta property=\"og:type\" content=\"article\" \/>\n<meta property=\"og:title\" content=\"Warz\u00e9e Maxi BB1010 Mischschaufel\" \/>\n<meta property=\"og:description\" content=\"Mit den robusten und effizienten Warz\u00e9e Maxi-Mischbechern k\u00f6nnen Sie sehr schnell trockene oder feuchte Mischungen herstellen: Beton, Stabilisat, Erde, Sand.\" \/>\n<meta property=\"og:url\" content=\"https:\/\/www.warzee-sa.com\/de\/produkt\/bb1010-mischschaufel\/\" \/>\n<meta property=\"og:site_name\" content=\"Warz\u00e9e\" \/>\n<meta property=\"article:modified_time\" content=\"2024-10-25T08:19:49+00:00\" \/>\n<meta property=\"og:image\" content=\"https:\/\/www.warzee-sa.com\/wp-content\/uploads\/2024\/08\/BB1010_SF-1.png\" \/>\n\t<meta property=\"og:image:width\" content=\"800\" \/>\n\t<meta property=\"og:image:height\" content=\"800\" \/>\n\t<meta property=\"og:image:type\" content=\"image\/png\" \/>\n<meta name=\"twitter:card\" content=\"summary_large_image\" \/>\n<meta name=\"twitter:label1\" content=\"Est. reading time\" \/>\n\t<meta name=\"twitter:data1\" content=\"1 minute\" \/>\n<script type=\"application\/ld+json\" class=\"yoast-schema-graph\">{\"@context\":\"https:\\\/\\\/schema.org\",\"@graph\":[{\"@type\":\"WebPage\",\"@id\":\"https:\\\/\\\/www.warzee-sa.com\\\/de\\\/produkt\\\/bb1010-mischschaufel\\\/\",\"url\":\"https:\\\/\\\/www.warzee-sa.com\\\/de\\\/produkt\\\/bb1010-mischschaufel\\\/\",\"name\":\"Warz\u00e9e Maxi BB1010 Mischschaufel\",\"isPartOf\":{\"@id\":\"https:\\\/\\\/www.warzee-sa.com\\\/de\\\/#website\"},\"primaryImageOfPage\":{\"@id\":\"https:\\\/\\\/www.warzee-sa.com\\\/de\\\/produkt\\\/bb1010-mischschaufel\\\/#primaryimage\"},\"image\":{\"@id\":\"https:\\\/\\\/www.warzee-sa.com\\\/de\\\/produkt\\\/bb1010-mischschaufel\\\/#primaryimage\"},\"thumbnailUrl\":\"https:\\\/\\\/www.warzee-sa.com\\\/wp-content\\\/uploads\\\/2024\\\/08\\\/BB1010_SF-1.png\",\"datePublished\":\"2024-08-29T13:16:34+00:00\",\"dateModified\":\"2024-10-25T08:19:49+00:00\",\"description\":\"Mit den robusten und effizienten Warz\u00e9e Maxi-Mischbechern k\u00f6nnen Sie sehr schnell trockene oder feuchte Mischungen herstellen: Beton, Stabilisat, Erde, Sand.\",\"breadcrumb\":{\"@id\":\"https:\\\/\\\/www.warzee-sa.com\\\/de\\\/produkt\\\/bb1010-mischschaufel\\\/#breadcrumb\"},\"inLanguage\":\"de-BE\",\"potentialAction\":[{\"@type\":\"ReadAction\",\"target\":[\"https:\\\/\\\/www.warzee-sa.com\\\/de\\\/produkt\\\/bb1010-mischschaufel\\\/\"]}]},{\"@type\":\"ImageObject\",\"inLanguage\":\"de-BE\",\"@id\":\"https:\\\/\\\/www.warzee-sa.com\\\/de\\\/produkt\\\/bb1010-mischschaufel\\\/#primaryimage\",\"url\":\"https:\\\/\\\/www.warzee-sa.com\\\/wp-content\\\/uploads\\\/2024\\\/08\\\/BB1010_SF-1.png\",\"contentUrl\":\"https:\\\/\\\/www.warzee-sa.com\\\/wp-content\\\/uploads\\\/2024\\\/08\\\/BB1010_SF-1.png\",\"width\":800,\"height\":800,\"caption\":\"Godet malaxeur BB1010 Warz\u00e9e\"},{\"@type\":\"BreadcrumbList\",\"@id\":\"https:\\\/\\\/www.warzee-sa.com\\\/de\\\/produkt\\\/bb1010-mischschaufel\\\/#breadcrumb\",\"itemListElement\":[{\"@type\":\"ListItem\",\"position\":1,\"name\":\"Accueil\",\"item\":\"https:\\\/\\\/www.warzee-sa.com\\\/de\\\/\"},{\"@type\":\"ListItem\",\"position\":2,\"name\":\"Winkel\",\"item\":\"https:\\\/\\\/www.warzee-sa.com\\\/de\\\/winkel\\\/\"},{\"@type\":\"ListItem\",\"position\":3,\"name\":\"BB1010 Mischschaufel\"}]},{\"@type\":\"WebSite\",\"@id\":\"https:\\\/\\\/www.warzee-sa.com\\\/de\\\/#website\",\"url\":\"https:\\\/\\\/www.warzee-sa.com\\\/de\\\/\",\"name\":\"Warz\u00e9e\",\"description\":\"\",\"potentialAction\":[{\"@type\":\"SearchAction\",\"target\":{\"@type\":\"EntryPoint\",\"urlTemplate\":\"https:\\\/\\\/www.warzee-sa.com\\\/de\\\/?s={search_term_string}\"},\"query-input\":{\"@type\":\"PropertyValueSpecification\",\"valueRequired\":true,\"valueName\":\"search_term_string\"}}],\"inLanguage\":\"de-BE\"}]}<\/script>\n<!-- \/ Yoast SEO plugin. -->","yoast_head_json":{"title":"Warz\u00e9e Maxi BB1010 Mischschaufel","description":"Mit den robusten und effizienten Warz\u00e9e Maxi-Mischbechern k\u00f6nnen Sie sehr schnell trockene oder feuchte Mischungen herstellen: Beton, Stabilisat, Erde, Sand.","robots":{"index":"index","follow":"follow","max-snippet":"max-snippet:-1","max-image-preview":"max-image-preview:large","max-video-preview":"max-video-preview:-1"},"canonical":"https:\/\/www.warzee-sa.com\/de\/produkt\/bb1010-mischschaufel\/","og_locale":"de_DE","og_type":"article","og_title":"Warz\u00e9e Maxi BB1010 Mischschaufel","og_description":"Mit den robusten und effizienten Warz\u00e9e Maxi-Mischbechern k\u00f6nnen Sie sehr schnell trockene oder feuchte Mischungen herstellen: Beton, Stabilisat, Erde, Sand.","og_url":"https:\/\/www.warzee-sa.com\/de\/produkt\/bb1010-mischschaufel\/","og_site_name":"Warz\u00e9e","article_modified_time":"2024-10-25T08:19:49+00:00","og_image":[{"width":800,"height":800,"url":"https:\/\/www.warzee-sa.com\/wp-content\/uploads\/2024\/08\/BB1010_SF-1.png","type":"image\/png"}],"twitter_card":"summary_large_image","twitter_misc":{"Est. reading time":"1 minute"},"schema":{"@context":"https:\/\/schema.org","@graph":[{"@type":"WebPage","@id":"https:\/\/www.warzee-sa.com\/de\/produkt\/bb1010-mischschaufel\/","url":"https:\/\/www.warzee-sa.com\/de\/produkt\/bb1010-mischschaufel\/","name":"Warz\u00e9e Maxi BB1010 Mischschaufel","isPartOf":{"@id":"https:\/\/www.warzee-sa.com\/de\/#website"},"primaryImageOfPage":{"@id":"https:\/\/www.warzee-sa.com\/de\/produkt\/bb1010-mischschaufel\/#primaryimage"},"image":{"@id":"https:\/\/www.warzee-sa.com\/de\/produkt\/bb1010-mischschaufel\/#primaryimage"},"thumbnailUrl":"https:\/\/www.warzee-sa.com\/wp-content\/uploads\/2024\/08\/BB1010_SF-1.png","datePublished":"2024-08-29T13:16:34+00:00","dateModified":"2024-10-25T08:19:49+00:00","description":"Mit den robusten und effizienten Warz\u00e9e Maxi-Mischbechern k\u00f6nnen Sie sehr schnell trockene oder feuchte Mischungen herstellen: Beton, Stabilisat, Erde, Sand.","breadcrumb":{"@id":"https:\/\/www.warzee-sa.com\/de\/produkt\/bb1010-mischschaufel\/#breadcrumb"},"inLanguage":"de-BE","potentialAction":[{"@type":"ReadAction","target":["https:\/\/www.warzee-sa.com\/de\/produkt\/bb1010-mischschaufel\/"]}]},{"@type":"ImageObject","inLanguage":"de-BE","@id":"https:\/\/www.warzee-sa.com\/de\/produkt\/bb1010-mischschaufel\/#primaryimage","url":"https:\/\/www.warzee-sa.com\/wp-content\/uploads\/2024\/08\/BB1010_SF-1.png","contentUrl":"https:\/\/www.warzee-sa.com\/wp-content\/uploads\/2024\/08\/BB1010_SF-1.png","width":800,"height":800,"caption":"Godet malaxeur BB1010 Warz\u00e9e"},{"@type":"BreadcrumbList","@id":"https:\/\/www.warzee-sa.com\/de\/produkt\/bb1010-mischschaufel\/#breadcrumb","itemListElement":[{"@type":"ListItem","position":1,"name":"Accueil","item":"https:\/\/www.warzee-sa.com\/de\/"},{"@type":"ListItem","position":2,"name":"Winkel","item":"https:\/\/www.warzee-sa.com\/de\/winkel\/"},{"@type":"ListItem","position":3,"name":"BB1010 Mischschaufel"}]},{"@type":"WebSite","@id":"https:\/\/www.warzee-sa.com\/de\/#website","url":"https:\/\/www.warzee-sa.com\/de\/","name":"Warz\u00e9e","description":"","potentialAction":[{"@type":"SearchAction","target":{"@type":"EntryPoint","urlTemplate":"https:\/\/www.warzee-sa.com\/de\/?s={search_term_string}"},"query-input":{"@type":"PropertyValueSpecification","valueRequired":true,"valueName":"search_term_string"}}],"inLanguage":"de-BE"}]}},"_links":{"self":[{"href":"https:\/\/www.warzee-sa.com\/de\/wp-json\/wp\/v2\/product\/12484","targetHints":{"allow":["GET"]}}],"collection":[{"href":"https:\/\/www.warzee-sa.com\/de\/wp-json\/wp\/v2\/product"}],"about":[{"href":"https:\/\/www.warzee-sa.com\/de\/wp-json\/wp\/v2\/types\/product"}],"wp:featuredmedia":[{"embeddable":true,"href":"https:\/\/www.warzee-sa.com\/de\/wp-json\/wp\/v2\/media\/12115"}],"wp:attachment":[{"href":"https:\/\/www.warzee-sa.com\/de\/wp-json\/wp\/v2\/media?parent=12484"}],"wp:term":[{"taxonomy":"product_cat","embeddable":true,"href":"https:\/\/www.warzee-sa.com\/de\/wp-json\/wp\/v2\/product_cat?post=12484"},{"taxonomy":"product_tag","embeddable":true,"href":"https:\/\/www.warzee-sa.com\/de\/wp-json\/wp\/v2\/product_tag?post=12484"}],"curies":[{"name":"wp","href":"https:\/\/api.w.org\/{rel}","templated":true}]}}