{"id":12475,"date":"2024-08-29T20:00:45","date_gmt":"2024-08-29T18:00:45","guid":{"rendered":"https:\/\/warzee-sa.poush-dev.be\/product\/derouleuse-pailleuse-de225-kp\/"},"modified":"2025-04-30T11:18:51","modified_gmt":"2025-04-30T09:18:51","slug":"de225-kp-abwickel-und-einstreugerat","status":"publish","type":"product","link":"https:\/\/www.warzee-sa.com\/de\/produkt\/de225-kp-abwickel-und-einstreugerat\/","title":{"rendered":"DE225 KP Abwickel-und Einstreuger\u00e4t"},"content":{"rendered":"<h2>F\u00fcr kleine Beladevorrichtungen konzipiert<\/h2>\n<p>Der speziell f\u00fcr Kleinlader und Hoflader konzipierte Warz\u00e9e DE225 KP Abwickel-und Einstreuger\u00e4t ist ideal f\u00fcr die Verteilung von Rundballen aus Futter, Heu und gewickelter Silage bis zu 150 cm und 800 kg. Mit dem Einstreusatz kann er auch Strohrundballen verteilen. Die Maschine besteht aus einer Ballenspie\u00df und einem leichten und schmalen Verteilergeh\u00e4use.<\/p>\n","protected":false},"excerpt":{"rendered":"<p>Kompakter Rundballenabwickler + Streusystem<\/p>\n","protected":false},"featured_media":10260,"template":"","meta":{"_acf_changed":false,"_et_pb_use_builder":"","_et_pb_old_content":"","_et_gb_content_width":"","inline_featured_image":false},"product_cat":[288,289],"product_tag":[],"class_list":{"0":"post-12475","1":"product","2":"type-product","3":"status-publish","4":"has-post-thumbnail","6":"product_cat-abwickler","7":"product_cat-einstreugeraete","8":"pa_accrochage-mechanischer","9":"pa_distribution-de-balles-max-13m-de","10":"pa_distribution-de-balles-rund-de","11":"pa_largeur-rotor-180-cm-hohe-position","12":"pa_largeur-rotor-250-cm-niedrige-position","13":"pa_levage-1500-bis-2000-kg-de","14":"pa_levage-500-bis-1500-kg-radoption","15":"pa_paillage-de-balles-rund-max-13-m","16":"pa_poids-725-kg-de","17":"pa_poids-ballot-max-600-kg-de","18":"pa_type-de-distribution-heu","19":"pa_type-de-distribution-silage-de","20":"pa_type-de-distribution-stroh","22":"first","23":"instock","24":"purchasable","25":"product-type-simple"},"acf":[],"yoast_head":"<!-- This site is optimized with the Yoast SEO plugin v27.5 - https:\/\/yoast.com\/product\/yoast-seo-wordpress\/ -->\n<title>Warz\u00e9e DE225KP Rundballenabwickler + Streusystem<\/title>\n<meta name=\"description\" content=\"Der speziell f\u00fcr Kleinlader und Hoflader konzipierte Abwickel-und Einstreuger\u00e4t Warz\u00e9e DE225KP verteilt Rundballen Und kann das Stroh bis zu 7 m weit werfen.\" \/>\n<meta name=\"robots\" content=\"index, follow, max-snippet:-1, max-image-preview:large, max-video-preview:-1\" \/>\n<link rel=\"canonical\" href=\"https:\/\/www.warzee-sa.com\/de\/produkt\/de225-kp-abwickel-und-einstreugerat\/\" \/>\n<meta property=\"og:locale\" content=\"de_DE\" \/>\n<meta property=\"og:type\" content=\"article\" \/>\n<meta property=\"og:title\" content=\"Warz\u00e9e DE225KP Rundballenabwickler + Streusystem\" \/>\n<meta property=\"og:description\" content=\"Der speziell f\u00fcr Kleinlader und Hoflader konzipierte Abwickel-und Einstreuger\u00e4t Warz\u00e9e DE225KP verteilt Rundballen Und kann das Stroh bis zu 7 m weit werfen.\" \/>\n<meta property=\"og:url\" content=\"https:\/\/www.warzee-sa.com\/de\/produkt\/de225-kp-abwickel-und-einstreugerat\/\" \/>\n<meta property=\"og:site_name\" content=\"Warz\u00e9e\" \/>\n<meta property=\"article:modified_time\" content=\"2025-04-30T09:18:51+00:00\" \/>\n<meta property=\"og:image\" content=\"https:\/\/www.warzee-sa.com\/wp-content\/uploads\/2024\/08\/DE225KP_SF.png\" \/>\n\t<meta property=\"og:image:width\" content=\"800\" \/>\n\t<meta property=\"og:image:height\" content=\"800\" \/>\n\t<meta property=\"og:image:type\" content=\"image\/png\" \/>\n<meta name=\"twitter:card\" content=\"summary_large_image\" \/>\n<meta name=\"twitter:label1\" content=\"Est. reading time\" \/>\n\t<meta name=\"twitter:data1\" content=\"1 minute\" \/>\n<script type=\"application\/ld+json\" class=\"yoast-schema-graph\">{\"@context\":\"https:\\\/\\\/schema.org\",\"@graph\":[{\"@type\":\"WebPage\",\"@id\":\"https:\\\/\\\/www.warzee-sa.com\\\/de\\\/produkt\\\/de225-kp-abwickel-und-einstreugerat\\\/\",\"url\":\"https:\\\/\\\/www.warzee-sa.com\\\/de\\\/produkt\\\/de225-kp-abwickel-und-einstreugerat\\\/\",\"name\":\"Warz\u00e9e DE225KP Rundballenabwickler + Streusystem\",\"isPartOf\":{\"@id\":\"https:\\\/\\\/www.warzee-sa.com\\\/de\\\/#website\"},\"primaryImageOfPage\":{\"@id\":\"https:\\\/\\\/www.warzee-sa.com\\\/de\\\/produkt\\\/de225-kp-abwickel-und-einstreugerat\\\/#primaryimage\"},\"image\":{\"@id\":\"https:\\\/\\\/www.warzee-sa.com\\\/de\\\/produkt\\\/de225-kp-abwickel-und-einstreugerat\\\/#primaryimage\"},\"thumbnailUrl\":\"https:\\\/\\\/www.warzee-sa.com\\\/wp-content\\\/uploads\\\/2024\\\/08\\\/DE225KP_SF.png\",\"datePublished\":\"2024-08-29T18:00:45+00:00\",\"dateModified\":\"2025-04-30T09:18:51+00:00\",\"description\":\"Der speziell f\u00fcr Kleinlader und Hoflader konzipierte Abwickel-und Einstreuger\u00e4t Warz\u00e9e DE225KP verteilt Rundballen Und kann das Stroh bis zu 7 m weit werfen.\",\"breadcrumb\":{\"@id\":\"https:\\\/\\\/www.warzee-sa.com\\\/de\\\/produkt\\\/de225-kp-abwickel-und-einstreugerat\\\/#breadcrumb\"},\"inLanguage\":\"de-BE\",\"potentialAction\":[{\"@type\":\"ReadAction\",\"target\":[\"https:\\\/\\\/www.warzee-sa.com\\\/de\\\/produkt\\\/de225-kp-abwickel-und-einstreugerat\\\/\"]}]},{\"@type\":\"ImageObject\",\"inLanguage\":\"de-BE\",\"@id\":\"https:\\\/\\\/www.warzee-sa.com\\\/de\\\/produkt\\\/de225-kp-abwickel-und-einstreugerat\\\/#primaryimage\",\"url\":\"https:\\\/\\\/www.warzee-sa.com\\\/wp-content\\\/uploads\\\/2024\\\/08\\\/DE225KP_SF.png\",\"contentUrl\":\"https:\\\/\\\/www.warzee-sa.com\\\/wp-content\\\/uploads\\\/2024\\\/08\\\/DE225KP_SF.png\",\"width\":800,\"height\":800},{\"@type\":\"BreadcrumbList\",\"@id\":\"https:\\\/\\\/www.warzee-sa.com\\\/de\\\/produkt\\\/de225-kp-abwickel-und-einstreugerat\\\/#breadcrumb\",\"itemListElement\":[{\"@type\":\"ListItem\",\"position\":1,\"name\":\"Accueil\",\"item\":\"https:\\\/\\\/www.warzee-sa.com\\\/de\\\/\"},{\"@type\":\"ListItem\",\"position\":2,\"name\":\"Winkel\",\"item\":\"https:\\\/\\\/www.warzee-sa.com\\\/de\\\/winkel\\\/\"},{\"@type\":\"ListItem\",\"position\":3,\"name\":\"DE225 KP Abwickel-und Einstreuger\u00e4t\"}]},{\"@type\":\"WebSite\",\"@id\":\"https:\\\/\\\/www.warzee-sa.com\\\/de\\\/#website\",\"url\":\"https:\\\/\\\/www.warzee-sa.com\\\/de\\\/\",\"name\":\"Warz\u00e9e\",\"description\":\"\",\"potentialAction\":[{\"@type\":\"SearchAction\",\"target\":{\"@type\":\"EntryPoint\",\"urlTemplate\":\"https:\\\/\\\/www.warzee-sa.com\\\/de\\\/?s={search_term_string}\"},\"query-input\":{\"@type\":\"PropertyValueSpecification\",\"valueRequired\":true,\"valueName\":\"search_term_string\"}}],\"inLanguage\":\"de-BE\"}]}<\/script>\n<!-- \/ Yoast SEO plugin. -->","yoast_head_json":{"title":"Warz\u00e9e DE225KP Rundballenabwickler + Streusystem","description":"Der speziell f\u00fcr Kleinlader und Hoflader konzipierte Abwickel-und Einstreuger\u00e4t Warz\u00e9e DE225KP verteilt Rundballen Und kann das Stroh bis zu 7 m weit werfen.","robots":{"index":"index","follow":"follow","max-snippet":"max-snippet:-1","max-image-preview":"max-image-preview:large","max-video-preview":"max-video-preview:-1"},"canonical":"https:\/\/www.warzee-sa.com\/de\/produkt\/de225-kp-abwickel-und-einstreugerat\/","og_locale":"de_DE","og_type":"article","og_title":"Warz\u00e9e DE225KP Rundballenabwickler + Streusystem","og_description":"Der speziell f\u00fcr Kleinlader und Hoflader konzipierte Abwickel-und Einstreuger\u00e4t Warz\u00e9e DE225KP verteilt Rundballen Und kann das Stroh bis zu 7 m weit werfen.","og_url":"https:\/\/www.warzee-sa.com\/de\/produkt\/de225-kp-abwickel-und-einstreugerat\/","og_site_name":"Warz\u00e9e","article_modified_time":"2025-04-30T09:18:51+00:00","og_image":[{"width":800,"height":800,"url":"https:\/\/www.warzee-sa.com\/wp-content\/uploads\/2024\/08\/DE225KP_SF.png","type":"image\/png"}],"twitter_card":"summary_large_image","twitter_misc":{"Est. reading time":"1 minute"},"schema":{"@context":"https:\/\/schema.org","@graph":[{"@type":"WebPage","@id":"https:\/\/www.warzee-sa.com\/de\/produkt\/de225-kp-abwickel-und-einstreugerat\/","url":"https:\/\/www.warzee-sa.com\/de\/produkt\/de225-kp-abwickel-und-einstreugerat\/","name":"Warz\u00e9e DE225KP Rundballenabwickler + Streusystem","isPartOf":{"@id":"https:\/\/www.warzee-sa.com\/de\/#website"},"primaryImageOfPage":{"@id":"https:\/\/www.warzee-sa.com\/de\/produkt\/de225-kp-abwickel-und-einstreugerat\/#primaryimage"},"image":{"@id":"https:\/\/www.warzee-sa.com\/de\/produkt\/de225-kp-abwickel-und-einstreugerat\/#primaryimage"},"thumbnailUrl":"https:\/\/www.warzee-sa.com\/wp-content\/uploads\/2024\/08\/DE225KP_SF.png","datePublished":"2024-08-29T18:00:45+00:00","dateModified":"2025-04-30T09:18:51+00:00","description":"Der speziell f\u00fcr Kleinlader und Hoflader konzipierte Abwickel-und Einstreuger\u00e4t Warz\u00e9e DE225KP verteilt Rundballen Und kann das Stroh bis zu 7 m weit werfen.","breadcrumb":{"@id":"https:\/\/www.warzee-sa.com\/de\/produkt\/de225-kp-abwickel-und-einstreugerat\/#breadcrumb"},"inLanguage":"de-BE","potentialAction":[{"@type":"ReadAction","target":["https:\/\/www.warzee-sa.com\/de\/produkt\/de225-kp-abwickel-und-einstreugerat\/"]}]},{"@type":"ImageObject","inLanguage":"de-BE","@id":"https:\/\/www.warzee-sa.com\/de\/produkt\/de225-kp-abwickel-und-einstreugerat\/#primaryimage","url":"https:\/\/www.warzee-sa.com\/wp-content\/uploads\/2024\/08\/DE225KP_SF.png","contentUrl":"https:\/\/www.warzee-sa.com\/wp-content\/uploads\/2024\/08\/DE225KP_SF.png","width":800,"height":800},{"@type":"BreadcrumbList","@id":"https:\/\/www.warzee-sa.com\/de\/produkt\/de225-kp-abwickel-und-einstreugerat\/#breadcrumb","itemListElement":[{"@type":"ListItem","position":1,"name":"Accueil","item":"https:\/\/www.warzee-sa.com\/de\/"},{"@type":"ListItem","position":2,"name":"Winkel","item":"https:\/\/www.warzee-sa.com\/de\/winkel\/"},{"@type":"ListItem","position":3,"name":"DE225 KP Abwickel-und Einstreuger\u00e4t"}]},{"@type":"WebSite","@id":"https:\/\/www.warzee-sa.com\/de\/#website","url":"https:\/\/www.warzee-sa.com\/de\/","name":"Warz\u00e9e","description":"","potentialAction":[{"@type":"SearchAction","target":{"@type":"EntryPoint","urlTemplate":"https:\/\/www.warzee-sa.com\/de\/?s={search_term_string}"},"query-input":{"@type":"PropertyValueSpecification","valueRequired":true,"valueName":"search_term_string"}}],"inLanguage":"de-BE"}]}},"_links":{"self":[{"href":"https:\/\/www.warzee-sa.com\/de\/wp-json\/wp\/v2\/product\/12475","targetHints":{"allow":["GET"]}}],"collection":[{"href":"https:\/\/www.warzee-sa.com\/de\/wp-json\/wp\/v2\/product"}],"about":[{"href":"https:\/\/www.warzee-sa.com\/de\/wp-json\/wp\/v2\/types\/product"}],"wp:featuredmedia":[{"embeddable":true,"href":"https:\/\/www.warzee-sa.com\/de\/wp-json\/wp\/v2\/media\/10260"}],"wp:attachment":[{"href":"https:\/\/www.warzee-sa.com\/de\/wp-json\/wp\/v2\/media?parent=12475"}],"wp:term":[{"taxonomy":"product_cat","embeddable":true,"href":"https:\/\/www.warzee-sa.com\/de\/wp-json\/wp\/v2\/product_cat?post=12475"},{"taxonomy":"product_tag","embeddable":true,"href":"https:\/\/www.warzee-sa.com\/de\/wp-json\/wp\/v2\/product_tag?post=12475"}],"curies":[{"name":"wp","href":"https:\/\/api.w.org\/{rel}","templated":true}]}}