{"id":12466,"date":"2024-08-29T19:00:48","date_gmt":"2024-08-29T17:00:48","guid":{"rendered":"https:\/\/warzee-sa.poush-dev.be\/product\/derouleuse-pailleuse-de250-kp\/"},"modified":"2024-10-01T15:20:08","modified_gmt":"2024-10-01T13:20:08","slug":"de250-kp-abwickel-und-einstreugerat","status":"publish","type":"product","link":"https:\/\/www.warzee-sa.com\/de\/produkt\/de250-kp-abwickel-und-einstreugerat\/","title":{"rendered":"DE250 KP Abwickel-und Einstreuger\u00e4t"},"content":{"rendered":"<h2>Beladen, ankuppeln, abrollen &#8230; und einstreuen !<\/h2>\n<p>Der robuste und effiziente DE250 KP Abwickel-und Einstreuger\u00e4t erm\u00f6glicht die schnelle Verteilung von Rundballen aus Heu und gewickelter Silage bis zu 160 cm und 800 kg. Mit dem Einstreusatz kann er auch runde Strohballen verteilen. Diese aus einer Ballenspie\u00df und einem kompakten Verteilergeh\u00e4use bestehende Verteilervorrichtung kann genauso an Frontladern oder Teleskoparmen angebracht werden wie an einem Dreipunkthubwerk.<\/p>\n","protected":false},"excerpt":{"rendered":"<p>Rundballenabwickler + Streusystem<\/p>\n","protected":false},"featured_media":12119,"template":"","meta":{"_acf_changed":false,"_et_pb_use_builder":"","_et_pb_old_content":"","_et_gb_content_width":"","inline_featured_image":false},"product_cat":[288,289],"product_tag":[],"class_list":{"0":"post-12466","1":"product","2":"type-product","3":"status-publish","4":"has-post-thumbnail","6":"product_cat-abwickler","7":"product_cat-einstreugeraete","8":"pa_accrochage-mechanischer","9":"pa_distribution-de-balles-max-16m-de","10":"pa_distribution-de-balles-rund-de","11":"pa_largeur-rotor-220-cm-hohe-position","12":"pa_largeur-rotor-290-cm-niedrige-position","13":"pa_levage-1500-bis-2000-kg-de","14":"pa_levage-2000-bis-3000-kg-de","15":"pa_paillage-de-balles-rund-max-16-m","16":"pa_poids-950-kg-de","17":"pa_poids-ballot-max-800-kg-de","18":"pa_type-de-distribution-heu","19":"pa_type-de-distribution-silage-de","20":"pa_type-de-distribution-stroh","22":"first","23":"instock","24":"purchasable","25":"product-type-simple"},"acf":[],"yoast_head":"<!-- This site is optimized with the Yoast SEO plugin v27.5 - https:\/\/yoast.com\/product\/yoast-seo-wordpress\/ -->\n<title>Warz\u00e9e DE250KP Rundballenabwickler + Streusystem<\/title>\n<meta name=\"description\" content=\"Der kompakte und vielseitige Abwickel-und Einstreuger\u00e4t Warz\u00e9e DE250KP verteilt Rundballen Und kann das Stroh bis zu 7 m weit werfen.\" \/>\n<meta name=\"robots\" content=\"index, follow, max-snippet:-1, max-image-preview:large, max-video-preview:-1\" \/>\n<link rel=\"canonical\" href=\"https:\/\/www.warzee-sa.com\/de\/produkt\/de250-kp-abwickel-und-einstreugerat\/\" \/>\n<meta property=\"og:locale\" content=\"de_DE\" \/>\n<meta property=\"og:type\" content=\"article\" \/>\n<meta property=\"og:title\" content=\"Warz\u00e9e DE250KP Rundballenabwickler + Streusystem\" \/>\n<meta property=\"og:description\" content=\"Der kompakte und vielseitige Abwickel-und Einstreuger\u00e4t Warz\u00e9e DE250KP verteilt Rundballen Und kann das Stroh bis zu 7 m weit werfen.\" \/>\n<meta property=\"og:url\" content=\"https:\/\/www.warzee-sa.com\/de\/produkt\/de250-kp-abwickel-und-einstreugerat\/\" \/>\n<meta property=\"og:site_name\" content=\"Warz\u00e9e\" \/>\n<meta property=\"article:modified_time\" content=\"2024-10-01T13:20:08+00:00\" \/>\n<meta property=\"og:image\" content=\"https:\/\/www.warzee-sa.com\/wp-content\/uploads\/2024\/08\/DE250KP_SF-1.png\" \/>\n\t<meta property=\"og:image:width\" content=\"800\" \/>\n\t<meta property=\"og:image:height\" content=\"800\" \/>\n\t<meta property=\"og:image:type\" content=\"image\/png\" \/>\n<meta name=\"twitter:card\" content=\"summary_large_image\" \/>\n<meta name=\"twitter:label1\" content=\"Est. reading time\" \/>\n\t<meta name=\"twitter:data1\" content=\"1 minute\" \/>\n<script type=\"application\/ld+json\" class=\"yoast-schema-graph\">{\"@context\":\"https:\\\/\\\/schema.org\",\"@graph\":[{\"@type\":\"WebPage\",\"@id\":\"https:\\\/\\\/www.warzee-sa.com\\\/de\\\/produkt\\\/de250-kp-abwickel-und-einstreugerat\\\/\",\"url\":\"https:\\\/\\\/www.warzee-sa.com\\\/de\\\/produkt\\\/de250-kp-abwickel-und-einstreugerat\\\/\",\"name\":\"Warz\u00e9e DE250KP Rundballenabwickler + Streusystem\",\"isPartOf\":{\"@id\":\"https:\\\/\\\/www.warzee-sa.com\\\/de\\\/#website\"},\"primaryImageOfPage\":{\"@id\":\"https:\\\/\\\/www.warzee-sa.com\\\/de\\\/produkt\\\/de250-kp-abwickel-und-einstreugerat\\\/#primaryimage\"},\"image\":{\"@id\":\"https:\\\/\\\/www.warzee-sa.com\\\/de\\\/produkt\\\/de250-kp-abwickel-und-einstreugerat\\\/#primaryimage\"},\"thumbnailUrl\":\"https:\\\/\\\/www.warzee-sa.com\\\/wp-content\\\/uploads\\\/2024\\\/08\\\/DE250KP_SF-1.png\",\"datePublished\":\"2024-08-29T17:00:48+00:00\",\"dateModified\":\"2024-10-01T13:20:08+00:00\",\"description\":\"Der kompakte und vielseitige Abwickel-und Einstreuger\u00e4t Warz\u00e9e DE250KP verteilt Rundballen Und kann das Stroh bis zu 7 m weit werfen.\",\"breadcrumb\":{\"@id\":\"https:\\\/\\\/www.warzee-sa.com\\\/de\\\/produkt\\\/de250-kp-abwickel-und-einstreugerat\\\/#breadcrumb\"},\"inLanguage\":\"de-BE\",\"potentialAction\":[{\"@type\":\"ReadAction\",\"target\":[\"https:\\\/\\\/www.warzee-sa.com\\\/de\\\/produkt\\\/de250-kp-abwickel-und-einstreugerat\\\/\"]}]},{\"@type\":\"ImageObject\",\"inLanguage\":\"de-BE\",\"@id\":\"https:\\\/\\\/www.warzee-sa.com\\\/de\\\/produkt\\\/de250-kp-abwickel-und-einstreugerat\\\/#primaryimage\",\"url\":\"https:\\\/\\\/www.warzee-sa.com\\\/wp-content\\\/uploads\\\/2024\\\/08\\\/DE250KP_SF-1.png\",\"contentUrl\":\"https:\\\/\\\/www.warzee-sa.com\\\/wp-content\\\/uploads\\\/2024\\\/08\\\/DE250KP_SF-1.png\",\"width\":800,\"height\":800,\"caption\":\"D\u00e9rouleuse pailleuse DE250 KP\"},{\"@type\":\"BreadcrumbList\",\"@id\":\"https:\\\/\\\/www.warzee-sa.com\\\/de\\\/produkt\\\/de250-kp-abwickel-und-einstreugerat\\\/#breadcrumb\",\"itemListElement\":[{\"@type\":\"ListItem\",\"position\":1,\"name\":\"Accueil\",\"item\":\"https:\\\/\\\/www.warzee-sa.com\\\/de\\\/\"},{\"@type\":\"ListItem\",\"position\":2,\"name\":\"Winkel\",\"item\":\"https:\\\/\\\/www.warzee-sa.com\\\/de\\\/winkel\\\/\"},{\"@type\":\"ListItem\",\"position\":3,\"name\":\"DE250 KP Abwickel-und Einstreuger\u00e4t\"}]},{\"@type\":\"WebSite\",\"@id\":\"https:\\\/\\\/www.warzee-sa.com\\\/de\\\/#website\",\"url\":\"https:\\\/\\\/www.warzee-sa.com\\\/de\\\/\",\"name\":\"Warz\u00e9e\",\"description\":\"\",\"potentialAction\":[{\"@type\":\"SearchAction\",\"target\":{\"@type\":\"EntryPoint\",\"urlTemplate\":\"https:\\\/\\\/www.warzee-sa.com\\\/de\\\/?s={search_term_string}\"},\"query-input\":{\"@type\":\"PropertyValueSpecification\",\"valueRequired\":true,\"valueName\":\"search_term_string\"}}],\"inLanguage\":\"de-BE\"}]}<\/script>\n<!-- \/ Yoast SEO plugin. -->","yoast_head_json":{"title":"Warz\u00e9e DE250KP Rundballenabwickler + Streusystem","description":"Der kompakte und vielseitige Abwickel-und Einstreuger\u00e4t Warz\u00e9e DE250KP verteilt Rundballen Und kann das Stroh bis zu 7 m weit werfen.","robots":{"index":"index","follow":"follow","max-snippet":"max-snippet:-1","max-image-preview":"max-image-preview:large","max-video-preview":"max-video-preview:-1"},"canonical":"https:\/\/www.warzee-sa.com\/de\/produkt\/de250-kp-abwickel-und-einstreugerat\/","og_locale":"de_DE","og_type":"article","og_title":"Warz\u00e9e DE250KP Rundballenabwickler + Streusystem","og_description":"Der kompakte und vielseitige Abwickel-und Einstreuger\u00e4t Warz\u00e9e DE250KP verteilt Rundballen Und kann das Stroh bis zu 7 m weit werfen.","og_url":"https:\/\/www.warzee-sa.com\/de\/produkt\/de250-kp-abwickel-und-einstreugerat\/","og_site_name":"Warz\u00e9e","article_modified_time":"2024-10-01T13:20:08+00:00","og_image":[{"width":800,"height":800,"url":"https:\/\/www.warzee-sa.com\/wp-content\/uploads\/2024\/08\/DE250KP_SF-1.png","type":"image\/png"}],"twitter_card":"summary_large_image","twitter_misc":{"Est. reading time":"1 minute"},"schema":{"@context":"https:\/\/schema.org","@graph":[{"@type":"WebPage","@id":"https:\/\/www.warzee-sa.com\/de\/produkt\/de250-kp-abwickel-und-einstreugerat\/","url":"https:\/\/www.warzee-sa.com\/de\/produkt\/de250-kp-abwickel-und-einstreugerat\/","name":"Warz\u00e9e DE250KP Rundballenabwickler + Streusystem","isPartOf":{"@id":"https:\/\/www.warzee-sa.com\/de\/#website"},"primaryImageOfPage":{"@id":"https:\/\/www.warzee-sa.com\/de\/produkt\/de250-kp-abwickel-und-einstreugerat\/#primaryimage"},"image":{"@id":"https:\/\/www.warzee-sa.com\/de\/produkt\/de250-kp-abwickel-und-einstreugerat\/#primaryimage"},"thumbnailUrl":"https:\/\/www.warzee-sa.com\/wp-content\/uploads\/2024\/08\/DE250KP_SF-1.png","datePublished":"2024-08-29T17:00:48+00:00","dateModified":"2024-10-01T13:20:08+00:00","description":"Der kompakte und vielseitige Abwickel-und Einstreuger\u00e4t Warz\u00e9e DE250KP verteilt Rundballen Und kann das Stroh bis zu 7 m weit werfen.","breadcrumb":{"@id":"https:\/\/www.warzee-sa.com\/de\/produkt\/de250-kp-abwickel-und-einstreugerat\/#breadcrumb"},"inLanguage":"de-BE","potentialAction":[{"@type":"ReadAction","target":["https:\/\/www.warzee-sa.com\/de\/produkt\/de250-kp-abwickel-und-einstreugerat\/"]}]},{"@type":"ImageObject","inLanguage":"de-BE","@id":"https:\/\/www.warzee-sa.com\/de\/produkt\/de250-kp-abwickel-und-einstreugerat\/#primaryimage","url":"https:\/\/www.warzee-sa.com\/wp-content\/uploads\/2024\/08\/DE250KP_SF-1.png","contentUrl":"https:\/\/www.warzee-sa.com\/wp-content\/uploads\/2024\/08\/DE250KP_SF-1.png","width":800,"height":800,"caption":"D\u00e9rouleuse pailleuse DE250 KP"},{"@type":"BreadcrumbList","@id":"https:\/\/www.warzee-sa.com\/de\/produkt\/de250-kp-abwickel-und-einstreugerat\/#breadcrumb","itemListElement":[{"@type":"ListItem","position":1,"name":"Accueil","item":"https:\/\/www.warzee-sa.com\/de\/"},{"@type":"ListItem","position":2,"name":"Winkel","item":"https:\/\/www.warzee-sa.com\/de\/winkel\/"},{"@type":"ListItem","position":3,"name":"DE250 KP Abwickel-und Einstreuger\u00e4t"}]},{"@type":"WebSite","@id":"https:\/\/www.warzee-sa.com\/de\/#website","url":"https:\/\/www.warzee-sa.com\/de\/","name":"Warz\u00e9e","description":"","potentialAction":[{"@type":"SearchAction","target":{"@type":"EntryPoint","urlTemplate":"https:\/\/www.warzee-sa.com\/de\/?s={search_term_string}"},"query-input":{"@type":"PropertyValueSpecification","valueRequired":true,"valueName":"search_term_string"}}],"inLanguage":"de-BE"}]}},"_links":{"self":[{"href":"https:\/\/www.warzee-sa.com\/de\/wp-json\/wp\/v2\/product\/12466","targetHints":{"allow":["GET"]}}],"collection":[{"href":"https:\/\/www.warzee-sa.com\/de\/wp-json\/wp\/v2\/product"}],"about":[{"href":"https:\/\/www.warzee-sa.com\/de\/wp-json\/wp\/v2\/types\/product"}],"wp:featuredmedia":[{"embeddable":true,"href":"https:\/\/www.warzee-sa.com\/de\/wp-json\/wp\/v2\/media\/12119"}],"wp:attachment":[{"href":"https:\/\/www.warzee-sa.com\/de\/wp-json\/wp\/v2\/media?parent=12466"}],"wp:term":[{"taxonomy":"product_cat","embeddable":true,"href":"https:\/\/www.warzee-sa.com\/de\/wp-json\/wp\/v2\/product_cat?post=12466"},{"taxonomy":"product_tag","embeddable":true,"href":"https:\/\/www.warzee-sa.com\/de\/wp-json\/wp\/v2\/product_tag?post=12466"}],"curies":[{"name":"wp","href":"https:\/\/api.w.org\/{rel}","templated":true}]}}