{"id":12463,"date":"2024-08-29T22:00:48","date_gmt":"2024-08-29T20:00:48","guid":{"rendered":"https:\/\/warzee-sa.poush-dev.be\/product\/derouleuse-de250-2\/"},"modified":"2024-10-01T15:19:13","modified_gmt":"2024-10-01T13:19:13","slug":"de250-abwickler","status":"publish","type":"product","link":"https:\/\/www.warzee-sa.com\/de\/produkt\/de250-abwickler\/","title":{"rendered":"DE250 Abwickler"},"content":{"rendered":"<h2>Beladen, ankuppeln, abrollen!<\/h2>\n<p>Die einfache und robuste Abwickler Warz\u00e9e DE250 verteilt schnell runde Heuballen und umwickelte Ballen bis 160 cm und 800 kg. Diese aus einer Ballenspie\u00df und einem kompakten Verteilergeh\u00e4use bestehende Verteilervorrichtung kann genauso an Frontladern oder Teleskoparmen angebracht werden wie an einem Dreipunkthubwerk. Bei Ausstattung mit einem Einstreusatz (Option) kann die Maschine auch runde Strohballen verstreuen.<\/p>\n","protected":false},"excerpt":{"rendered":"<p>Rundballenabwickler<\/p>\n","protected":false},"featured_media":10275,"template":"","meta":{"_acf_changed":false,"_et_pb_use_builder":"","_et_pb_old_content":"","_et_gb_content_width":"","inline_featured_image":false},"product_cat":[288],"product_tag":[],"class_list":{"0":"post-12463","1":"product","2":"type-product","3":"status-publish","4":"has-post-thumbnail","6":"product_cat-abwickler","7":"pa_accrochage-mechanischer","8":"pa_deversement-en-auge-26-m-teppichverlangerung","9":"pa_distribution-de-balles-max-16m-de","10":"pa_distribution-de-balles-rund-de","11":"pa_largeur-rotor-220-cm-de","12":"pa_levage-1500-bis-2000-kg-de","13":"pa_levage-2000-bis-3000-kg-de","14":"pa_paillage-de-balles-non-de-2","15":"pa_poids-800-kg-de","16":"pa_poids-ballot-max-800-kg-de","17":"pa_type-de-distribution-heu","18":"pa_type-de-distribution-silage-de","19":"pa_type-de-distribution-stroh","21":"first","22":"instock","23":"purchasable","24":"product-type-simple"},"acf":[],"yoast_head":"<!-- This site is optimized with the Yoast SEO plugin v27.4 - https:\/\/yoast.com\/product\/yoast-seo-wordpress\/ -->\n<title>Warz\u00e9e DE250 Rundballenabwicklers<\/title>\n<meta name=\"description\" content=\"Der kompakte und vielseitige Abwickler Warz\u00e9e DE250 verteilt Rundballen aus Heu und gewickeltem Material. Die Maschine kann mit einem Mulchkit ausgestattet werden.\" \/>\n<meta name=\"robots\" content=\"index, follow, max-snippet:-1, max-image-preview:large, max-video-preview:-1\" \/>\n<link rel=\"canonical\" href=\"https:\/\/www.warzee-sa.com\/de\/produkt\/de250-abwickler\/\" \/>\n<meta property=\"og:locale\" content=\"de_DE\" \/>\n<meta property=\"og:type\" content=\"article\" \/>\n<meta property=\"og:title\" content=\"Warz\u00e9e DE250 Rundballenabwicklers\" \/>\n<meta property=\"og:description\" content=\"Der kompakte und vielseitige Abwickler Warz\u00e9e DE250 verteilt Rundballen aus Heu und gewickeltem Material. Die Maschine kann mit einem Mulchkit ausgestattet werden.\" \/>\n<meta property=\"og:url\" content=\"https:\/\/www.warzee-sa.com\/de\/produkt\/de250-abwickler\/\" \/>\n<meta property=\"og:site_name\" content=\"Warz\u00e9e\" \/>\n<meta property=\"article:modified_time\" content=\"2024-10-01T13:19:13+00:00\" \/>\n<meta property=\"og:image\" content=\"https:\/\/www.warzee-sa.com\/wp-content\/uploads\/2024\/08\/DE250_SF.png\" \/>\n\t<meta property=\"og:image:width\" content=\"800\" \/>\n\t<meta property=\"og:image:height\" content=\"800\" \/>\n\t<meta property=\"og:image:type\" content=\"image\/png\" \/>\n<meta name=\"twitter:card\" content=\"summary_large_image\" \/>\n<meta name=\"twitter:label1\" content=\"Est. reading time\" \/>\n\t<meta name=\"twitter:data1\" content=\"1 minute\" \/>\n<script type=\"application\/ld+json\" class=\"yoast-schema-graph\">{\"@context\":\"https:\\\/\\\/schema.org\",\"@graph\":[{\"@type\":\"WebPage\",\"@id\":\"https:\\\/\\\/www.warzee-sa.com\\\/de\\\/produkt\\\/de250-abwickler\\\/\",\"url\":\"https:\\\/\\\/www.warzee-sa.com\\\/de\\\/produkt\\\/de250-abwickler\\\/\",\"name\":\"Warz\u00e9e DE250 Rundballenabwicklers\",\"isPartOf\":{\"@id\":\"https:\\\/\\\/www.warzee-sa.com\\\/de\\\/#website\"},\"primaryImageOfPage\":{\"@id\":\"https:\\\/\\\/www.warzee-sa.com\\\/de\\\/produkt\\\/de250-abwickler\\\/#primaryimage\"},\"image\":{\"@id\":\"https:\\\/\\\/www.warzee-sa.com\\\/de\\\/produkt\\\/de250-abwickler\\\/#primaryimage\"},\"thumbnailUrl\":\"https:\\\/\\\/www.warzee-sa.com\\\/wp-content\\\/uploads\\\/2024\\\/08\\\/DE250_SF.png\",\"datePublished\":\"2024-08-29T20:00:48+00:00\",\"dateModified\":\"2024-10-01T13:19:13+00:00\",\"description\":\"Der kompakte und vielseitige Abwickler Warz\u00e9e DE250 verteilt Rundballen aus Heu und gewickeltem Material. Die Maschine kann mit einem Mulchkit ausgestattet werden.\",\"breadcrumb\":{\"@id\":\"https:\\\/\\\/www.warzee-sa.com\\\/de\\\/produkt\\\/de250-abwickler\\\/#breadcrumb\"},\"inLanguage\":\"de-BE\",\"potentialAction\":[{\"@type\":\"ReadAction\",\"target\":[\"https:\\\/\\\/www.warzee-sa.com\\\/de\\\/produkt\\\/de250-abwickler\\\/\"]}]},{\"@type\":\"ImageObject\",\"inLanguage\":\"de-BE\",\"@id\":\"https:\\\/\\\/www.warzee-sa.com\\\/de\\\/produkt\\\/de250-abwickler\\\/#primaryimage\",\"url\":\"https:\\\/\\\/www.warzee-sa.com\\\/wp-content\\\/uploads\\\/2024\\\/08\\\/DE250_SF.png\",\"contentUrl\":\"https:\\\/\\\/www.warzee-sa.com\\\/wp-content\\\/uploads\\\/2024\\\/08\\\/DE250_SF.png\",\"width\":800,\"height\":800},{\"@type\":\"BreadcrumbList\",\"@id\":\"https:\\\/\\\/www.warzee-sa.com\\\/de\\\/produkt\\\/de250-abwickler\\\/#breadcrumb\",\"itemListElement\":[{\"@type\":\"ListItem\",\"position\":1,\"name\":\"Accueil\",\"item\":\"https:\\\/\\\/www.warzee-sa.com\\\/de\\\/\"},{\"@type\":\"ListItem\",\"position\":2,\"name\":\"Winkel\",\"item\":\"https:\\\/\\\/www.warzee-sa.com\\\/de\\\/winkel\\\/\"},{\"@type\":\"ListItem\",\"position\":3,\"name\":\"DE250 Abwickler\"}]},{\"@type\":\"WebSite\",\"@id\":\"https:\\\/\\\/www.warzee-sa.com\\\/de\\\/#website\",\"url\":\"https:\\\/\\\/www.warzee-sa.com\\\/de\\\/\",\"name\":\"Warz\u00e9e\",\"description\":\"\",\"potentialAction\":[{\"@type\":\"SearchAction\",\"target\":{\"@type\":\"EntryPoint\",\"urlTemplate\":\"https:\\\/\\\/www.warzee-sa.com\\\/de\\\/?s={search_term_string}\"},\"query-input\":{\"@type\":\"PropertyValueSpecification\",\"valueRequired\":true,\"valueName\":\"search_term_string\"}}],\"inLanguage\":\"de-BE\"}]}<\/script>\n<!-- \/ Yoast SEO plugin. -->","yoast_head_json":{"title":"Warz\u00e9e DE250 Rundballenabwicklers","description":"Der kompakte und vielseitige Abwickler Warz\u00e9e DE250 verteilt Rundballen aus Heu und gewickeltem Material. Die Maschine kann mit einem Mulchkit ausgestattet werden.","robots":{"index":"index","follow":"follow","max-snippet":"max-snippet:-1","max-image-preview":"max-image-preview:large","max-video-preview":"max-video-preview:-1"},"canonical":"https:\/\/www.warzee-sa.com\/de\/produkt\/de250-abwickler\/","og_locale":"de_DE","og_type":"article","og_title":"Warz\u00e9e DE250 Rundballenabwicklers","og_description":"Der kompakte und vielseitige Abwickler Warz\u00e9e DE250 verteilt Rundballen aus Heu und gewickeltem Material. Die Maschine kann mit einem Mulchkit ausgestattet werden.","og_url":"https:\/\/www.warzee-sa.com\/de\/produkt\/de250-abwickler\/","og_site_name":"Warz\u00e9e","article_modified_time":"2024-10-01T13:19:13+00:00","og_image":[{"width":800,"height":800,"url":"https:\/\/www.warzee-sa.com\/wp-content\/uploads\/2024\/08\/DE250_SF.png","type":"image\/png"}],"twitter_card":"summary_large_image","twitter_misc":{"Est. reading time":"1 minute"},"schema":{"@context":"https:\/\/schema.org","@graph":[{"@type":"WebPage","@id":"https:\/\/www.warzee-sa.com\/de\/produkt\/de250-abwickler\/","url":"https:\/\/www.warzee-sa.com\/de\/produkt\/de250-abwickler\/","name":"Warz\u00e9e DE250 Rundballenabwicklers","isPartOf":{"@id":"https:\/\/www.warzee-sa.com\/de\/#website"},"primaryImageOfPage":{"@id":"https:\/\/www.warzee-sa.com\/de\/produkt\/de250-abwickler\/#primaryimage"},"image":{"@id":"https:\/\/www.warzee-sa.com\/de\/produkt\/de250-abwickler\/#primaryimage"},"thumbnailUrl":"https:\/\/www.warzee-sa.com\/wp-content\/uploads\/2024\/08\/DE250_SF.png","datePublished":"2024-08-29T20:00:48+00:00","dateModified":"2024-10-01T13:19:13+00:00","description":"Der kompakte und vielseitige Abwickler Warz\u00e9e DE250 verteilt Rundballen aus Heu und gewickeltem Material. Die Maschine kann mit einem Mulchkit ausgestattet werden.","breadcrumb":{"@id":"https:\/\/www.warzee-sa.com\/de\/produkt\/de250-abwickler\/#breadcrumb"},"inLanguage":"de-BE","potentialAction":[{"@type":"ReadAction","target":["https:\/\/www.warzee-sa.com\/de\/produkt\/de250-abwickler\/"]}]},{"@type":"ImageObject","inLanguage":"de-BE","@id":"https:\/\/www.warzee-sa.com\/de\/produkt\/de250-abwickler\/#primaryimage","url":"https:\/\/www.warzee-sa.com\/wp-content\/uploads\/2024\/08\/DE250_SF.png","contentUrl":"https:\/\/www.warzee-sa.com\/wp-content\/uploads\/2024\/08\/DE250_SF.png","width":800,"height":800},{"@type":"BreadcrumbList","@id":"https:\/\/www.warzee-sa.com\/de\/produkt\/de250-abwickler\/#breadcrumb","itemListElement":[{"@type":"ListItem","position":1,"name":"Accueil","item":"https:\/\/www.warzee-sa.com\/de\/"},{"@type":"ListItem","position":2,"name":"Winkel","item":"https:\/\/www.warzee-sa.com\/de\/winkel\/"},{"@type":"ListItem","position":3,"name":"DE250 Abwickler"}]},{"@type":"WebSite","@id":"https:\/\/www.warzee-sa.com\/de\/#website","url":"https:\/\/www.warzee-sa.com\/de\/","name":"Warz\u00e9e","description":"","potentialAction":[{"@type":"SearchAction","target":{"@type":"EntryPoint","urlTemplate":"https:\/\/www.warzee-sa.com\/de\/?s={search_term_string}"},"query-input":{"@type":"PropertyValueSpecification","valueRequired":true,"valueName":"search_term_string"}}],"inLanguage":"de-BE"}]}},"_links":{"self":[{"href":"https:\/\/www.warzee-sa.com\/de\/wp-json\/wp\/v2\/product\/12463","targetHints":{"allow":["GET"]}}],"collection":[{"href":"https:\/\/www.warzee-sa.com\/de\/wp-json\/wp\/v2\/product"}],"about":[{"href":"https:\/\/www.warzee-sa.com\/de\/wp-json\/wp\/v2\/types\/product"}],"wp:featuredmedia":[{"embeddable":true,"href":"https:\/\/www.warzee-sa.com\/de\/wp-json\/wp\/v2\/media\/10275"}],"wp:attachment":[{"href":"https:\/\/www.warzee-sa.com\/de\/wp-json\/wp\/v2\/media?parent=12463"}],"wp:term":[{"taxonomy":"product_cat","embeddable":true,"href":"https:\/\/www.warzee-sa.com\/de\/wp-json\/wp\/v2\/product_cat?post=12463"},{"taxonomy":"product_tag","embeddable":true,"href":"https:\/\/www.warzee-sa.com\/de\/wp-json\/wp\/v2\/product_tag?post=12463"}],"curies":[{"name":"wp","href":"https:\/\/api.w.org\/{rel}","templated":true}]}}