{"id":12454,"date":"2024-08-29T16:00:35","date_gmt":"2024-08-29T14:00:35","guid":{"rendered":"https:\/\/warzee-sa.poush-dev.be\/product\/derouleuse-pailleuse-de500\/"},"modified":"2025-09-12T09:22:01","modified_gmt":"2025-09-12T07:22:01","slug":"de500-abwickel-und-einstreugerat","status":"publish","type":"product","link":"https:\/\/www.warzee-sa.com\/de\/produkt\/de500-abwickel-und-einstreugerat\/","title":{"rendered":"DE500 Abwickel-und Einstreuger\u00e4t"},"content":{"rendered":"<h2>Eine Maschine zum Verteilen und einstreuen<\/h2>\n<p>Vielseitig verteilt der Warz\u00e9e DE500 abwickel- und Einstreuger\u00e4t Rundballen aus Futter, und Heu. Diese Ausr\u00fcstung erlaubt es auch, runde und eckige Stiefel bis zu 15 Meter zu einstreuen.<\/p>\n<p>Neu ! Ergonomischer und einfacher ist der Warz\u00e9e DE500 ohne elektrische Funktionen und verf\u00fcgt \u00fcber einen hydraulischen Schalter &#8220;Switch&#8221;, um automatisch von der Verteilung auf das Einstreu umzuschalten.<\/p>\n","protected":false},"excerpt":{"rendered":"<p>Rundballenabwickler und Einstreuger\u00e4t f\u00fcr eckige und runde Ballen<\/p>\n","protected":false},"featured_media":10415,"template":"","meta":{"_acf_changed":false,"_et_pb_use_builder":"","_et_pb_old_content":"","_et_gb_content_width":"","inline_featured_image":false},"product_cat":[288,289],"product_tag":[],"class_list":{"0":"post-12454","1":"product","2":"type-product","3":"status-publish","4":"has-post-thumbnail","6":"product_cat-abwickler","7":"product_cat-einstreugeraete","8":"pa_accrochage-hydraulische-de","9":"pa_distribution-de-balles-max-2m-de","10":"pa_distribution-de-balles-rund-de","11":"pa_largeur-rotor-240-cm-hohe-position","12":"pa_largeur-rotor-340-cm-niedrige-position","13":"pa_levage-3000-kg-de","14":"pa_paillage-de-balles-quader-max-12-x-09-x-24-m","15":"pa_paillage-de-balles-rund-max-2-m","16":"pa_poids-1500-kg-de","17":"pa_poids-ballot-max-1500-kg-de","18":"pa_type-de-distribution-heu","19":"pa_type-de-distribution-silage-de","20":"pa_type-de-distribution-stroh","22":"first","23":"instock","24":"purchasable","25":"product-type-simple"},"acf":[],"yoast_head":"<!-- This site is optimized with the Yoast SEO plugin v27.5 - https:\/\/yoast.com\/product\/yoast-seo-wordpress\/ -->\n<title>Warz\u00e9e DE500 Rundballenabwickler und Einstreuger\u00e4t f\u00fcr eckige und runde Ballen<\/title>\n<meta name=\"description\" content=\"Die ultrakomplette und vielseitige Warz\u00e9e DE500 verteilt runde Heuballen und umwickelte Ballen und verstreut runde und eckige Ballen bis zu 15 m weit.\" \/>\n<meta name=\"robots\" content=\"index, follow, max-snippet:-1, max-image-preview:large, max-video-preview:-1\" \/>\n<link rel=\"canonical\" href=\"https:\/\/www.warzee-sa.com\/de\/produkt\/de500-abwickel-und-einstreugerat\/\" \/>\n<meta property=\"og:locale\" content=\"de_DE\" \/>\n<meta property=\"og:type\" content=\"article\" \/>\n<meta property=\"og:title\" content=\"Warz\u00e9e DE500 Rundballenabwickler und Einstreuger\u00e4t f\u00fcr eckige und runde Ballen\" \/>\n<meta property=\"og:description\" content=\"Die ultrakomplette und vielseitige Warz\u00e9e DE500 verteilt runde Heuballen und umwickelte Ballen und verstreut runde und eckige Ballen bis zu 15 m weit.\" \/>\n<meta property=\"og:url\" content=\"https:\/\/www.warzee-sa.com\/de\/produkt\/de500-abwickel-und-einstreugerat\/\" \/>\n<meta property=\"og:site_name\" content=\"Warz\u00e9e\" \/>\n<meta property=\"article:modified_time\" content=\"2025-09-12T07:22:01+00:00\" \/>\n<meta property=\"og:image\" content=\"https:\/\/www.warzee-sa.com\/wp-content\/uploads\/2024\/08\/DE500_SF.png\" \/>\n\t<meta property=\"og:image:width\" content=\"800\" \/>\n\t<meta property=\"og:image:height\" content=\"800\" \/>\n\t<meta property=\"og:image:type\" content=\"image\/png\" \/>\n<meta name=\"twitter:card\" content=\"summary_large_image\" \/>\n<meta name=\"twitter:label1\" content=\"Est. reading time\" \/>\n\t<meta name=\"twitter:data1\" content=\"1 minute\" \/>\n<script type=\"application\/ld+json\" class=\"yoast-schema-graph\">{\"@context\":\"https:\\\/\\\/schema.org\",\"@graph\":[{\"@type\":\"WebPage\",\"@id\":\"https:\\\/\\\/www.warzee-sa.com\\\/de\\\/produkt\\\/de500-abwickel-und-einstreugerat\\\/\",\"url\":\"https:\\\/\\\/www.warzee-sa.com\\\/de\\\/produkt\\\/de500-abwickel-und-einstreugerat\\\/\",\"name\":\"Warz\u00e9e DE500 Rundballenabwickler und Einstreuger\u00e4t f\u00fcr eckige und runde Ballen\",\"isPartOf\":{\"@id\":\"https:\\\/\\\/www.warzee-sa.com\\\/de\\\/#website\"},\"primaryImageOfPage\":{\"@id\":\"https:\\\/\\\/www.warzee-sa.com\\\/de\\\/produkt\\\/de500-abwickel-und-einstreugerat\\\/#primaryimage\"},\"image\":{\"@id\":\"https:\\\/\\\/www.warzee-sa.com\\\/de\\\/produkt\\\/de500-abwickel-und-einstreugerat\\\/#primaryimage\"},\"thumbnailUrl\":\"https:\\\/\\\/www.warzee-sa.com\\\/wp-content\\\/uploads\\\/2024\\\/08\\\/DE500_SF.png\",\"datePublished\":\"2024-08-29T14:00:35+00:00\",\"dateModified\":\"2025-09-12T07:22:01+00:00\",\"description\":\"Die ultrakomplette und vielseitige Warz\u00e9e DE500 verteilt runde Heuballen und umwickelte Ballen und verstreut runde und eckige Ballen bis zu 15 m weit.\",\"breadcrumb\":{\"@id\":\"https:\\\/\\\/www.warzee-sa.com\\\/de\\\/produkt\\\/de500-abwickel-und-einstreugerat\\\/#breadcrumb\"},\"inLanguage\":\"de-BE\",\"potentialAction\":[{\"@type\":\"ReadAction\",\"target\":[\"https:\\\/\\\/www.warzee-sa.com\\\/de\\\/produkt\\\/de500-abwickel-und-einstreugerat\\\/\"]}]},{\"@type\":\"ImageObject\",\"inLanguage\":\"de-BE\",\"@id\":\"https:\\\/\\\/www.warzee-sa.com\\\/de\\\/produkt\\\/de500-abwickel-und-einstreugerat\\\/#primaryimage\",\"url\":\"https:\\\/\\\/www.warzee-sa.com\\\/wp-content\\\/uploads\\\/2024\\\/08\\\/DE500_SF.png\",\"contentUrl\":\"https:\\\/\\\/www.warzee-sa.com\\\/wp-content\\\/uploads\\\/2024\\\/08\\\/DE500_SF.png\",\"width\":800,\"height\":800},{\"@type\":\"BreadcrumbList\",\"@id\":\"https:\\\/\\\/www.warzee-sa.com\\\/de\\\/produkt\\\/de500-abwickel-und-einstreugerat\\\/#breadcrumb\",\"itemListElement\":[{\"@type\":\"ListItem\",\"position\":1,\"name\":\"Accueil\",\"item\":\"https:\\\/\\\/www.warzee-sa.com\\\/de\\\/\"},{\"@type\":\"ListItem\",\"position\":2,\"name\":\"Winkel\",\"item\":\"https:\\\/\\\/www.warzee-sa.com\\\/de\\\/winkel\\\/\"},{\"@type\":\"ListItem\",\"position\":3,\"name\":\"DE500 Abwickel-und Einstreuger\u00e4t\"}]},{\"@type\":\"WebSite\",\"@id\":\"https:\\\/\\\/www.warzee-sa.com\\\/de\\\/#website\",\"url\":\"https:\\\/\\\/www.warzee-sa.com\\\/de\\\/\",\"name\":\"Warz\u00e9e\",\"description\":\"\",\"potentialAction\":[{\"@type\":\"SearchAction\",\"target\":{\"@type\":\"EntryPoint\",\"urlTemplate\":\"https:\\\/\\\/www.warzee-sa.com\\\/de\\\/?s={search_term_string}\"},\"query-input\":{\"@type\":\"PropertyValueSpecification\",\"valueRequired\":true,\"valueName\":\"search_term_string\"}}],\"inLanguage\":\"de-BE\"}]}<\/script>\n<!-- \/ Yoast SEO plugin. -->","yoast_head_json":{"title":"Warz\u00e9e DE500 Rundballenabwickler und Einstreuger\u00e4t f\u00fcr eckige und runde Ballen","description":"Die ultrakomplette und vielseitige Warz\u00e9e DE500 verteilt runde Heuballen und umwickelte Ballen und verstreut runde und eckige Ballen bis zu 15 m weit.","robots":{"index":"index","follow":"follow","max-snippet":"max-snippet:-1","max-image-preview":"max-image-preview:large","max-video-preview":"max-video-preview:-1"},"canonical":"https:\/\/www.warzee-sa.com\/de\/produkt\/de500-abwickel-und-einstreugerat\/","og_locale":"de_DE","og_type":"article","og_title":"Warz\u00e9e DE500 Rundballenabwickler und Einstreuger\u00e4t f\u00fcr eckige und runde Ballen","og_description":"Die ultrakomplette und vielseitige Warz\u00e9e DE500 verteilt runde Heuballen und umwickelte Ballen und verstreut runde und eckige Ballen bis zu 15 m weit.","og_url":"https:\/\/www.warzee-sa.com\/de\/produkt\/de500-abwickel-und-einstreugerat\/","og_site_name":"Warz\u00e9e","article_modified_time":"2025-09-12T07:22:01+00:00","og_image":[{"width":800,"height":800,"url":"https:\/\/www.warzee-sa.com\/wp-content\/uploads\/2024\/08\/DE500_SF.png","type":"image\/png"}],"twitter_card":"summary_large_image","twitter_misc":{"Est. reading time":"1 minute"},"schema":{"@context":"https:\/\/schema.org","@graph":[{"@type":"WebPage","@id":"https:\/\/www.warzee-sa.com\/de\/produkt\/de500-abwickel-und-einstreugerat\/","url":"https:\/\/www.warzee-sa.com\/de\/produkt\/de500-abwickel-und-einstreugerat\/","name":"Warz\u00e9e DE500 Rundballenabwickler und Einstreuger\u00e4t f\u00fcr eckige und runde Ballen","isPartOf":{"@id":"https:\/\/www.warzee-sa.com\/de\/#website"},"primaryImageOfPage":{"@id":"https:\/\/www.warzee-sa.com\/de\/produkt\/de500-abwickel-und-einstreugerat\/#primaryimage"},"image":{"@id":"https:\/\/www.warzee-sa.com\/de\/produkt\/de500-abwickel-und-einstreugerat\/#primaryimage"},"thumbnailUrl":"https:\/\/www.warzee-sa.com\/wp-content\/uploads\/2024\/08\/DE500_SF.png","datePublished":"2024-08-29T14:00:35+00:00","dateModified":"2025-09-12T07:22:01+00:00","description":"Die ultrakomplette und vielseitige Warz\u00e9e DE500 verteilt runde Heuballen und umwickelte Ballen und verstreut runde und eckige Ballen bis zu 15 m weit.","breadcrumb":{"@id":"https:\/\/www.warzee-sa.com\/de\/produkt\/de500-abwickel-und-einstreugerat\/#breadcrumb"},"inLanguage":"de-BE","potentialAction":[{"@type":"ReadAction","target":["https:\/\/www.warzee-sa.com\/de\/produkt\/de500-abwickel-und-einstreugerat\/"]}]},{"@type":"ImageObject","inLanguage":"de-BE","@id":"https:\/\/www.warzee-sa.com\/de\/produkt\/de500-abwickel-und-einstreugerat\/#primaryimage","url":"https:\/\/www.warzee-sa.com\/wp-content\/uploads\/2024\/08\/DE500_SF.png","contentUrl":"https:\/\/www.warzee-sa.com\/wp-content\/uploads\/2024\/08\/DE500_SF.png","width":800,"height":800},{"@type":"BreadcrumbList","@id":"https:\/\/www.warzee-sa.com\/de\/produkt\/de500-abwickel-und-einstreugerat\/#breadcrumb","itemListElement":[{"@type":"ListItem","position":1,"name":"Accueil","item":"https:\/\/www.warzee-sa.com\/de\/"},{"@type":"ListItem","position":2,"name":"Winkel","item":"https:\/\/www.warzee-sa.com\/de\/winkel\/"},{"@type":"ListItem","position":3,"name":"DE500 Abwickel-und Einstreuger\u00e4t"}]},{"@type":"WebSite","@id":"https:\/\/www.warzee-sa.com\/de\/#website","url":"https:\/\/www.warzee-sa.com\/de\/","name":"Warz\u00e9e","description":"","potentialAction":[{"@type":"SearchAction","target":{"@type":"EntryPoint","urlTemplate":"https:\/\/www.warzee-sa.com\/de\/?s={search_term_string}"},"query-input":{"@type":"PropertyValueSpecification","valueRequired":true,"valueName":"search_term_string"}}],"inLanguage":"de-BE"}]}},"_links":{"self":[{"href":"https:\/\/www.warzee-sa.com\/de\/wp-json\/wp\/v2\/product\/12454","targetHints":{"allow":["GET"]}}],"collection":[{"href":"https:\/\/www.warzee-sa.com\/de\/wp-json\/wp\/v2\/product"}],"about":[{"href":"https:\/\/www.warzee-sa.com\/de\/wp-json\/wp\/v2\/types\/product"}],"wp:featuredmedia":[{"embeddable":true,"href":"https:\/\/www.warzee-sa.com\/de\/wp-json\/wp\/v2\/media\/10415"}],"wp:attachment":[{"href":"https:\/\/www.warzee-sa.com\/de\/wp-json\/wp\/v2\/media?parent=12454"}],"wp:term":[{"taxonomy":"product_cat","embeddable":true,"href":"https:\/\/www.warzee-sa.com\/de\/wp-json\/wp\/v2\/product_cat?post=12454"},{"taxonomy":"product_tag","embeddable":true,"href":"https:\/\/www.warzee-sa.com\/de\/wp-json\/wp\/v2\/product_tag?post=12454"}],"curies":[{"name":"wp","href":"https:\/\/api.w.org\/{rel}","templated":true}]}}