{"id":12445,"date":"2024-08-29T15:24:54","date_gmt":"2024-08-29T13:24:54","guid":{"rendered":"https:\/\/warzee-sa.poush-dev.be\/product\/balayeuse-br200\/"},"modified":"2024-09-20T13:07:32","modified_gmt":"2024-09-20T11:07:32","slug":"br200-kehrmaschine","status":"publish","type":"product","link":"https:\/\/www.warzee-sa.com\/de\/produkt\/br200-kehrmaschine\/","title":{"rendered":"BR200 Kehrmaschine"},"content":{"rendered":"<h2>Effizient in einem einzigen Durchgang<\/h2>\n<p>Die mit einer Hydraulische b\u00fcrste und einem Sammelbeh\u00e4lter ausgestattete Kehrmaschine Warz\u00e9e BR200 reinigt und sammelt Abfall aller Art ein \u2013 ob trocken oder feucht. Die Entleerung erfolgt einfach durch Auskippen der Kehrmaschinenschaufeln.<\/p>\n<p>Modelle : BR200-150, BR200-175, BR200-200, BR200-225, BR200-250<\/p>\n","protected":false},"excerpt":{"rendered":"<p>Kehrmaschine mit einem Sammelschaufel<\/p>\n","protected":false},"featured_media":10194,"template":"","meta":{"_acf_changed":false,"_et_pb_use_builder":"","_et_pb_old_content":"","_et_gb_content_width":"","inline_featured_image":false},"product_cat":[285],"product_tag":[],"class_list":{"0":"post-12445","1":"product","2":"type-product","3":"status-publish","4":"has-post-thumbnail","6":"product_cat-kehrmaschinen","7":"pa_acc-attaches-boulonnables-oui-de","8":"pa_bac-de-recolte-hinten-von-162-bis-260-l","9":"pa_lame-de-raclage-oui-de-2","10":"pa_largeur-hors-tout-178-bis-278-cm","11":"pa_largeur-utile-150-bis-250-cm","12":"pa_type-de-balayage-2-hydraulikbursten","14":"first","15":"instock","16":"purchasable","17":"product-type-simple"},"acf":[],"yoast_head":"<!-- This site is optimized with the Yoast SEO plugin v27.5 - https:\/\/yoast.com\/product\/yoast-seo-wordpress\/ -->\n<title>Warz\u00e9e BR200 Kehrmaschine mit einem Sammelschaufel<\/title>\n<meta name=\"description\" content=\"Die mit einer Hydraulische b\u00fcrste und einem Sammelbeh\u00e4lter ausgestattete Kehrmaschine Warz\u00e9e BR200 reinigt und sammelt Abfall aller Art ein in einem einzigen Durchgang\" \/>\n<meta name=\"robots\" content=\"index, follow, max-snippet:-1, max-image-preview:large, max-video-preview:-1\" \/>\n<link rel=\"canonical\" href=\"https:\/\/www.warzee-sa.com\/de\/produkt\/br200-kehrmaschine\/\" \/>\n<meta property=\"og:locale\" content=\"de_DE\" \/>\n<meta property=\"og:type\" content=\"article\" \/>\n<meta property=\"og:title\" content=\"Warz\u00e9e BR200 Kehrmaschine mit einem Sammelschaufel\" \/>\n<meta property=\"og:description\" content=\"Die mit einer Hydraulische b\u00fcrste und einem Sammelbeh\u00e4lter ausgestattete Kehrmaschine Warz\u00e9e BR200 reinigt und sammelt Abfall aller Art ein in einem einzigen Durchgang\" \/>\n<meta property=\"og:url\" content=\"https:\/\/www.warzee-sa.com\/de\/produkt\/br200-kehrmaschine\/\" \/>\n<meta property=\"og:site_name\" content=\"Warz\u00e9e\" \/>\n<meta property=\"article:modified_time\" content=\"2024-09-20T11:07:32+00:00\" \/>\n<meta property=\"og:image\" content=\"https:\/\/www.warzee-sa.com\/wp-content\/uploads\/2024\/08\/BR200_SF.png\" \/>\n\t<meta property=\"og:image:width\" content=\"800\" \/>\n\t<meta property=\"og:image:height\" content=\"800\" \/>\n\t<meta property=\"og:image:type\" content=\"image\/png\" \/>\n<meta name=\"twitter:card\" content=\"summary_large_image\" \/>\n<meta name=\"twitter:label1\" content=\"Est. reading time\" \/>\n\t<meta name=\"twitter:data1\" content=\"1 minute\" \/>\n<script type=\"application\/ld+json\" class=\"yoast-schema-graph\">{\"@context\":\"https:\\\/\\\/schema.org\",\"@graph\":[{\"@type\":\"WebPage\",\"@id\":\"https:\\\/\\\/www.warzee-sa.com\\\/de\\\/produkt\\\/br200-kehrmaschine\\\/\",\"url\":\"https:\\\/\\\/www.warzee-sa.com\\\/de\\\/produkt\\\/br200-kehrmaschine\\\/\",\"name\":\"Warz\u00e9e BR200 Kehrmaschine mit einem Sammelschaufel\",\"isPartOf\":{\"@id\":\"https:\\\/\\\/www.warzee-sa.com\\\/de\\\/#website\"},\"primaryImageOfPage\":{\"@id\":\"https:\\\/\\\/www.warzee-sa.com\\\/de\\\/produkt\\\/br200-kehrmaschine\\\/#primaryimage\"},\"image\":{\"@id\":\"https:\\\/\\\/www.warzee-sa.com\\\/de\\\/produkt\\\/br200-kehrmaschine\\\/#primaryimage\"},\"thumbnailUrl\":\"https:\\\/\\\/www.warzee-sa.com\\\/wp-content\\\/uploads\\\/2024\\\/08\\\/BR200_SF.png\",\"datePublished\":\"2024-08-29T13:24:54+00:00\",\"dateModified\":\"2024-09-20T11:07:32+00:00\",\"description\":\"Die mit einer Hydraulische b\u00fcrste und einem Sammelbeh\u00e4lter ausgestattete Kehrmaschine Warz\u00e9e BR200 reinigt und sammelt Abfall aller Art ein in einem einzigen Durchgang\",\"breadcrumb\":{\"@id\":\"https:\\\/\\\/www.warzee-sa.com\\\/de\\\/produkt\\\/br200-kehrmaschine\\\/#breadcrumb\"},\"inLanguage\":\"de-BE\",\"potentialAction\":[{\"@type\":\"ReadAction\",\"target\":[\"https:\\\/\\\/www.warzee-sa.com\\\/de\\\/produkt\\\/br200-kehrmaschine\\\/\"]}]},{\"@type\":\"ImageObject\",\"inLanguage\":\"de-BE\",\"@id\":\"https:\\\/\\\/www.warzee-sa.com\\\/de\\\/produkt\\\/br200-kehrmaschine\\\/#primaryimage\",\"url\":\"https:\\\/\\\/www.warzee-sa.com\\\/wp-content\\\/uploads\\\/2024\\\/08\\\/BR200_SF.png\",\"contentUrl\":\"https:\\\/\\\/www.warzee-sa.com\\\/wp-content\\\/uploads\\\/2024\\\/08\\\/BR200_SF.png\",\"width\":800,\"height\":800},{\"@type\":\"BreadcrumbList\",\"@id\":\"https:\\\/\\\/www.warzee-sa.com\\\/de\\\/produkt\\\/br200-kehrmaschine\\\/#breadcrumb\",\"itemListElement\":[{\"@type\":\"ListItem\",\"position\":1,\"name\":\"Accueil\",\"item\":\"https:\\\/\\\/www.warzee-sa.com\\\/de\\\/\"},{\"@type\":\"ListItem\",\"position\":2,\"name\":\"Winkel\",\"item\":\"https:\\\/\\\/www.warzee-sa.com\\\/de\\\/winkel\\\/\"},{\"@type\":\"ListItem\",\"position\":3,\"name\":\"BR200 Kehrmaschine\"}]},{\"@type\":\"WebSite\",\"@id\":\"https:\\\/\\\/www.warzee-sa.com\\\/de\\\/#website\",\"url\":\"https:\\\/\\\/www.warzee-sa.com\\\/de\\\/\",\"name\":\"Warz\u00e9e\",\"description\":\"\",\"potentialAction\":[{\"@type\":\"SearchAction\",\"target\":{\"@type\":\"EntryPoint\",\"urlTemplate\":\"https:\\\/\\\/www.warzee-sa.com\\\/de\\\/?s={search_term_string}\"},\"query-input\":{\"@type\":\"PropertyValueSpecification\",\"valueRequired\":true,\"valueName\":\"search_term_string\"}}],\"inLanguage\":\"de-BE\"}]}<\/script>\n<!-- \/ Yoast SEO plugin. -->","yoast_head_json":{"title":"Warz\u00e9e BR200 Kehrmaschine mit einem Sammelschaufel","description":"Die mit einer Hydraulische b\u00fcrste und einem Sammelbeh\u00e4lter ausgestattete Kehrmaschine Warz\u00e9e BR200 reinigt und sammelt Abfall aller Art ein in einem einzigen Durchgang","robots":{"index":"index","follow":"follow","max-snippet":"max-snippet:-1","max-image-preview":"max-image-preview:large","max-video-preview":"max-video-preview:-1"},"canonical":"https:\/\/www.warzee-sa.com\/de\/produkt\/br200-kehrmaschine\/","og_locale":"de_DE","og_type":"article","og_title":"Warz\u00e9e BR200 Kehrmaschine mit einem Sammelschaufel","og_description":"Die mit einer Hydraulische b\u00fcrste und einem Sammelbeh\u00e4lter ausgestattete Kehrmaschine Warz\u00e9e BR200 reinigt und sammelt Abfall aller Art ein in einem einzigen Durchgang","og_url":"https:\/\/www.warzee-sa.com\/de\/produkt\/br200-kehrmaschine\/","og_site_name":"Warz\u00e9e","article_modified_time":"2024-09-20T11:07:32+00:00","og_image":[{"width":800,"height":800,"url":"https:\/\/www.warzee-sa.com\/wp-content\/uploads\/2024\/08\/BR200_SF.png","type":"image\/png"}],"twitter_card":"summary_large_image","twitter_misc":{"Est. reading time":"1 minute"},"schema":{"@context":"https:\/\/schema.org","@graph":[{"@type":"WebPage","@id":"https:\/\/www.warzee-sa.com\/de\/produkt\/br200-kehrmaschine\/","url":"https:\/\/www.warzee-sa.com\/de\/produkt\/br200-kehrmaschine\/","name":"Warz\u00e9e BR200 Kehrmaschine mit einem Sammelschaufel","isPartOf":{"@id":"https:\/\/www.warzee-sa.com\/de\/#website"},"primaryImageOfPage":{"@id":"https:\/\/www.warzee-sa.com\/de\/produkt\/br200-kehrmaschine\/#primaryimage"},"image":{"@id":"https:\/\/www.warzee-sa.com\/de\/produkt\/br200-kehrmaschine\/#primaryimage"},"thumbnailUrl":"https:\/\/www.warzee-sa.com\/wp-content\/uploads\/2024\/08\/BR200_SF.png","datePublished":"2024-08-29T13:24:54+00:00","dateModified":"2024-09-20T11:07:32+00:00","description":"Die mit einer Hydraulische b\u00fcrste und einem Sammelbeh\u00e4lter ausgestattete Kehrmaschine Warz\u00e9e BR200 reinigt und sammelt Abfall aller Art ein in einem einzigen Durchgang","breadcrumb":{"@id":"https:\/\/www.warzee-sa.com\/de\/produkt\/br200-kehrmaschine\/#breadcrumb"},"inLanguage":"de-BE","potentialAction":[{"@type":"ReadAction","target":["https:\/\/www.warzee-sa.com\/de\/produkt\/br200-kehrmaschine\/"]}]},{"@type":"ImageObject","inLanguage":"de-BE","@id":"https:\/\/www.warzee-sa.com\/de\/produkt\/br200-kehrmaschine\/#primaryimage","url":"https:\/\/www.warzee-sa.com\/wp-content\/uploads\/2024\/08\/BR200_SF.png","contentUrl":"https:\/\/www.warzee-sa.com\/wp-content\/uploads\/2024\/08\/BR200_SF.png","width":800,"height":800},{"@type":"BreadcrumbList","@id":"https:\/\/www.warzee-sa.com\/de\/produkt\/br200-kehrmaschine\/#breadcrumb","itemListElement":[{"@type":"ListItem","position":1,"name":"Accueil","item":"https:\/\/www.warzee-sa.com\/de\/"},{"@type":"ListItem","position":2,"name":"Winkel","item":"https:\/\/www.warzee-sa.com\/de\/winkel\/"},{"@type":"ListItem","position":3,"name":"BR200 Kehrmaschine"}]},{"@type":"WebSite","@id":"https:\/\/www.warzee-sa.com\/de\/#website","url":"https:\/\/www.warzee-sa.com\/de\/","name":"Warz\u00e9e","description":"","potentialAction":[{"@type":"SearchAction","target":{"@type":"EntryPoint","urlTemplate":"https:\/\/www.warzee-sa.com\/de\/?s={search_term_string}"},"query-input":{"@type":"PropertyValueSpecification","valueRequired":true,"valueName":"search_term_string"}}],"inLanguage":"de-BE"}]}},"_links":{"self":[{"href":"https:\/\/www.warzee-sa.com\/de\/wp-json\/wp\/v2\/product\/12445","targetHints":{"allow":["GET"]}}],"collection":[{"href":"https:\/\/www.warzee-sa.com\/de\/wp-json\/wp\/v2\/product"}],"about":[{"href":"https:\/\/www.warzee-sa.com\/de\/wp-json\/wp\/v2\/types\/product"}],"wp:featuredmedia":[{"embeddable":true,"href":"https:\/\/www.warzee-sa.com\/de\/wp-json\/wp\/v2\/media\/10194"}],"wp:attachment":[{"href":"https:\/\/www.warzee-sa.com\/de\/wp-json\/wp\/v2\/media?parent=12445"}],"wp:term":[{"taxonomy":"product_cat","embeddable":true,"href":"https:\/\/www.warzee-sa.com\/de\/wp-json\/wp\/v2\/product_cat?post=12445"},{"taxonomy":"product_tag","embeddable":true,"href":"https:\/\/www.warzee-sa.com\/de\/wp-json\/wp\/v2\/product_tag?post=12445"}],"curies":[{"name":"wp","href":"https:\/\/api.w.org\/{rel}","templated":true}]}}