{"id":15875,"date":"2024-06-13T10:11:01","date_gmt":"2024-06-13T08:11:01","guid":{"rendered":"https:\/\/www.warzee-sa.com\/unite-de-biomethanisation\/"},"modified":"2025-01-24T16:28:27","modified_gmt":"2025-01-24T15:28:27","slug":"biogasanlage","status":"publish","type":"page","link":"https:\/\/www.warzee-sa.com\/de\/biogasanlage\/","title":{"rendered":"Biogasanlage"},"content":{"rendered":"<p><img loading=\"lazy\" decoding=\"async\" class=\"wp-image-15457 size-full alignleft\" src=\"https:\/\/www.warzee-sa.com\/wp-content\/uploads\/2024\/12\/le-site-de-methaniation-agricole-dhamois-photo-valbiom-web.jpg\" alt=\"\" width=\"540\" height=\"312\" srcset=\"https:\/\/www.warzee-sa.com\/wp-content\/uploads\/2024\/12\/le-site-de-methaniation-agricole-dhamois-photo-valbiom-web.jpg 540w, https:\/\/www.warzee-sa.com\/wp-content\/uploads\/2024\/12\/le-site-de-methaniation-agricole-dhamois-photo-valbiom-web-480x277.jpg 480w\" sizes=\"(min-width: 0px) and (max-width: 480px) 480px, (min-width: 481px) 540px, 100vw\" \/><\/p>\n<p><strong>Um die Unabh\u00e4ngigkeit seines Milchviehbetriebs zu gew\u00e4hrleisten, hat Michel Warz\u00e9e, Landwirt und Gesch\u00e4ftsf\u00fchrer von Warz\u00e9e SA, entschieden, auf Mikrobiomethanisierung zu setzen.<\/strong><\/p>\n<p>So begann Michel sein Projekt: Nach einer ersten entt\u00e4uschenden Erfahrung mit einem Hersteller beschloss er, die Anlage selbst zu planen. Nach sechs Monaten \u00dcberlegungen gelang es ihm, die Anlage in nur drei Monaten zu realisieren.<\/p>\n<p>Um die Wartungskosten zu minimieren, w\u00e4hlte er hochqualitative Ausstattungen f\u00fcr die wesentlichen Komponenten (Pumpen, Blockheizkraftwerk, Beh\u00e4ltermaterialien usw.). Dar\u00fcber hinaus optimierte er die Anlage, indem er W\u00e4rmetauscher integrierte und ein System zur Entleerung des Digestats mittels kommunizierender R\u00f6hren verwendete, wodurch die Installation einer Pumpe vermieden wurde.<\/p>\n<p>&nbsp;<\/p>\n<p>Die Anlage hat die Besonderheit, nicht an das Stromnetz angeschlossen zu sein, sodass sich das Blockheizkraftwerk automatisch je nach den Energiebed\u00fcrfnissen des Betriebs anpasst.<\/p>\n<p>Seit Anfang Mai 2017 l\u00e4uft die Anlage und produziert kontinuierlich Biogas, 24 Stunden am Tag, 7 Tage die Woche.<\/p>\n<p>Seit Ende 2021 wurden 2 Mittelspannungskabinen und 1 Mittelspannungskabel installiert, um den Betrieb mit der Firma Warz\u00e9e SA zu verbinden. Im Januar 2022 wurde die Werkstatt mit der Biogasanlage verbunden.<\/p>\n<p>Seit dieser Verbindung wird das Unternehmen Warz\u00e9e ausschlie\u00dflich mit gr\u00fcner Energie versorgt, was ihm erm\u00f6glicht, vollst\u00e4ndig unabh\u00e4ngig von Stromanbietern zu sein.<\/p>\n<p>Im Kontext der Energiekrise, die wir erlebt haben, verschafft dieser Umstand dem Unternehmen nicht nur eine unvergleichliche Ruhe, um sich der Zukunft zu stellen, sondern auch einen erheblichen Wettbewerbsvorteil, da es nicht gezwungen sein wird, die Kosten einer hohen Stromrechnung auf seine Kunden abzuw\u00e4lzen.<\/p>\n<p><strong>WARZ\u00c9E BIOM\u00c9THANISATION<\/strong> profitiert von einer Mitfinanzierung der <strong>EUROPAISCHEN UNION<\/strong> im Rahmen des <strong>Europ\u00e4ischen Landwirtschaftsfonds f\u00fcr die Entwicklung des l\u00e4ndlichen Raums (ELER).<\/strong><\/p>\n<h3><\/h3>\n<h3><strong>Was ist Biomethanisierung?<\/strong><\/h3>\n<p>Die Biomethanisierung ist ein biologischer Prozess, bei dem organisches Material durch Mikroorganismen in Biogas umgewandelt wird, in einem anaeroben (sauerstofffreien) Umfeld. Der Fermentationsprozess \u00e4hnelt dem, der im Pansen einer Kuh stattfindet.<\/p>\n<p><img loading=\"lazy\" decoding=\"async\" class=\"wp-image-15469 size-full aligncenter\" src=\"https:\/\/www.warzee-sa.com\/wp-content\/uploads\/2024\/12\/Borne.jpg\" alt=\"\" width=\"1200\" height=\"401\" srcset=\"https:\/\/www.warzee-sa.com\/wp-content\/uploads\/2024\/12\/Borne.jpg 1200w, https:\/\/www.warzee-sa.com\/wp-content\/uploads\/2024\/12\/Borne-980x327.jpg 980w, https:\/\/www.warzee-sa.com\/wp-content\/uploads\/2024\/12\/Borne-480x160.jpg 480w\" sizes=\"(min-width: 0px) and (max-width: 480px) 480px, (min-width: 481px) and (max-width: 980px) 980px, (min-width: 981px) 1200px, 100vw\" \/><\/p>\n<p>&nbsp;<\/p>\n<p><img loading=\"lazy\" decoding=\"async\" class=\"aligncenter wp-image-15461 size-full\" src=\"https:\/\/www.warzee-sa.com\/wp-content\/uploads\/2024\/12\/1.jpg\" alt=\"\" width=\"1200\" height=\"900\" srcset=\"https:\/\/www.warzee-sa.com\/wp-content\/uploads\/2024\/12\/1.jpg 1200w, https:\/\/www.warzee-sa.com\/wp-content\/uploads\/2024\/12\/1-980x735.jpg 980w, https:\/\/www.warzee-sa.com\/wp-content\/uploads\/2024\/12\/1-480x360.jpg 480w\" sizes=\"(min-width: 0px) and (max-width: 480px) 480px, (min-width: 481px) and (max-width: 980px) 980px, (min-width: 981px) 1200px, 100vw\" \/><\/p>\n","protected":false},"excerpt":{"rendered":"<p>Um die Unabh\u00e4ngigkeit seines Milchviehbetriebs zu gew\u00e4hrleisten, hat Michel Warz\u00e9e, Landwirt und Gesch\u00e4ftsf\u00fchrer von Warz\u00e9e SA, entschieden, auf Mikrobiomethanisierung zu setzen. So begann Michel sein Projekt: Nach einer ersten entt\u00e4uschenden Erfahrung mit einem Hersteller beschloss er, die Anlage selbst zu planen. Nach sechs Monaten \u00dcberlegungen gelang es ihm, die Anlage in nur drei Monaten zu [&hellip;]<\/p>\n","protected":false},"author":1,"featured_media":15464,"parent":0,"menu_order":400,"comment_status":"closed","ping_status":"closed","template":"","meta":{"_acf_changed":false,"_et_pb_use_builder":"","_et_pb_old_content":"","_et_gb_content_width":"","inline_featured_image":false,"footnotes":""},"class_list":["post-15875","page","type-page","status-publish","has-post-thumbnail","hentry"],"acf":[],"yoast_head":"<!-- This site is optimized with the Yoast SEO plugin v27.5 - https:\/\/yoast.com\/product\/yoast-seo-wordpress\/ -->\n<title>Biogasanlage | Warz\u00e9e<\/title>\n<meta name=\"description\" content=\"Entdecken Sie die Biogasanlage von Warz\u00e9e, eine innovative L\u00f6sung zur Produktion von gr\u00fcner Energie aus der biologischen Zersetzung organischer Materialien. Diese Anlage l\u00e4uft 24\/7 und tr\u00e4gt zur energetischen Unabh\u00e4ngigkeit sowie zur \u00f6kologischen Nachhaltigkeit des Unternehmens bei.\" \/>\n<meta name=\"robots\" content=\"index, follow, max-snippet:-1, max-image-preview:large, max-video-preview:-1\" \/>\n<link rel=\"canonical\" href=\"https:\/\/www.warzee-sa.com\/de\/biogasanlage\/\" \/>\n<meta property=\"og:locale\" content=\"de_DE\" \/>\n<meta property=\"og:type\" content=\"article\" \/>\n<meta property=\"og:title\" content=\"Biogasanlage | Warz\u00e9e\" \/>\n<meta property=\"og:description\" content=\"Entdecken Sie die Biogasanlage von Warz\u00e9e, eine innovative L\u00f6sung zur Produktion von gr\u00fcner Energie aus der biologischen Zersetzung organischer Materialien. Diese Anlage l\u00e4uft 24\/7 und tr\u00e4gt zur energetischen Unabh\u00e4ngigkeit sowie zur \u00f6kologischen Nachhaltigkeit des Unternehmens bei.\" \/>\n<meta property=\"og:url\" content=\"https:\/\/www.warzee-sa.com\/de\/biogasanlage\/\" \/>\n<meta property=\"og:site_name\" content=\"Warz\u00e9e\" \/>\n<meta property=\"article:modified_time\" content=\"2025-01-24T15:28:27+00:00\" \/>\n<meta property=\"og:image\" content=\"https:\/\/www.warzee-sa.com\/wp-content\/uploads\/2024\/12\/1.jpg\" \/>\n\t<meta property=\"og:image:width\" content=\"1200\" \/>\n\t<meta property=\"og:image:height\" content=\"900\" \/>\n\t<meta property=\"og:image:type\" content=\"image\/jpeg\" \/>\n<meta name=\"twitter:card\" content=\"summary_large_image\" \/>\n<meta name=\"twitter:label1\" content=\"Est. reading time\" \/>\n\t<meta name=\"twitter:data1\" content=\"3 minutes\" \/>\n<script type=\"application\/ld+json\" class=\"yoast-schema-graph\">{\"@context\":\"https:\\\/\\\/schema.org\",\"@graph\":[{\"@type\":\"WebPage\",\"@id\":\"https:\\\/\\\/www.warzee-sa.com\\\/de\\\/biogasanlage\\\/\",\"url\":\"https:\\\/\\\/www.warzee-sa.com\\\/de\\\/biogasanlage\\\/\",\"name\":\"Biogasanlage | Warz\u00e9e\",\"isPartOf\":{\"@id\":\"https:\\\/\\\/www.warzee-sa.com\\\/de\\\/#website\"},\"primaryImageOfPage\":{\"@id\":\"https:\\\/\\\/www.warzee-sa.com\\\/de\\\/biogasanlage\\\/#primaryimage\"},\"image\":{\"@id\":\"https:\\\/\\\/www.warzee-sa.com\\\/de\\\/biogasanlage\\\/#primaryimage\"},\"thumbnailUrl\":\"https:\\\/\\\/www.warzee-sa.com\\\/wp-content\\\/uploads\\\/2024\\\/12\\\/1.jpg\",\"datePublished\":\"2024-06-13T08:11:01+00:00\",\"dateModified\":\"2025-01-24T15:28:27+00:00\",\"description\":\"Entdecken Sie die Biogasanlage von Warz\u00e9e, eine innovative L\u00f6sung zur Produktion von gr\u00fcner Energie aus der biologischen Zersetzung organischer Materialien. Diese Anlage l\u00e4uft 24\\\/7 und tr\u00e4gt zur energetischen Unabh\u00e4ngigkeit sowie zur \u00f6kologischen Nachhaltigkeit des Unternehmens bei.\",\"breadcrumb\":{\"@id\":\"https:\\\/\\\/www.warzee-sa.com\\\/de\\\/biogasanlage\\\/#breadcrumb\"},\"inLanguage\":\"de-BE\",\"potentialAction\":[{\"@type\":\"ReadAction\",\"target\":[\"https:\\\/\\\/www.warzee-sa.com\\\/de\\\/biogasanlage\\\/\"]}]},{\"@type\":\"ImageObject\",\"inLanguage\":\"de-BE\",\"@id\":\"https:\\\/\\\/www.warzee-sa.com\\\/de\\\/biogasanlage\\\/#primaryimage\",\"url\":\"https:\\\/\\\/www.warzee-sa.com\\\/wp-content\\\/uploads\\\/2024\\\/12\\\/1.jpg\",\"contentUrl\":\"https:\\\/\\\/www.warzee-sa.com\\\/wp-content\\\/uploads\\\/2024\\\/12\\\/1.jpg\",\"width\":1200,\"height\":900},{\"@type\":\"BreadcrumbList\",\"@id\":\"https:\\\/\\\/www.warzee-sa.com\\\/de\\\/biogasanlage\\\/#breadcrumb\",\"itemListElement\":[{\"@type\":\"ListItem\",\"position\":1,\"name\":\"Accueil\",\"item\":\"https:\\\/\\\/www.warzee-sa.com\\\/de\\\/\"},{\"@type\":\"ListItem\",\"position\":2,\"name\":\"Biogasanlage\"}]},{\"@type\":\"WebSite\",\"@id\":\"https:\\\/\\\/www.warzee-sa.com\\\/de\\\/#website\",\"url\":\"https:\\\/\\\/www.warzee-sa.com\\\/de\\\/\",\"name\":\"Warz\u00e9e\",\"description\":\"\",\"potentialAction\":[{\"@type\":\"SearchAction\",\"target\":{\"@type\":\"EntryPoint\",\"urlTemplate\":\"https:\\\/\\\/www.warzee-sa.com\\\/de\\\/?s={search_term_string}\"},\"query-input\":{\"@type\":\"PropertyValueSpecification\",\"valueRequired\":true,\"valueName\":\"search_term_string\"}}],\"inLanguage\":\"de-BE\"}]}<\/script>\n<!-- \/ Yoast SEO plugin. -->","yoast_head_json":{"title":"Biogasanlage | Warz\u00e9e","description":"Entdecken Sie die Biogasanlage von Warz\u00e9e, eine innovative L\u00f6sung zur Produktion von gr\u00fcner Energie aus der biologischen Zersetzung organischer Materialien. Diese Anlage l\u00e4uft 24\/7 und tr\u00e4gt zur energetischen Unabh\u00e4ngigkeit sowie zur \u00f6kologischen Nachhaltigkeit des Unternehmens bei.","robots":{"index":"index","follow":"follow","max-snippet":"max-snippet:-1","max-image-preview":"max-image-preview:large","max-video-preview":"max-video-preview:-1"},"canonical":"https:\/\/www.warzee-sa.com\/de\/biogasanlage\/","og_locale":"de_DE","og_type":"article","og_title":"Biogasanlage | Warz\u00e9e","og_description":"Entdecken Sie die Biogasanlage von Warz\u00e9e, eine innovative L\u00f6sung zur Produktion von gr\u00fcner Energie aus der biologischen Zersetzung organischer Materialien. Diese Anlage l\u00e4uft 24\/7 und tr\u00e4gt zur energetischen Unabh\u00e4ngigkeit sowie zur \u00f6kologischen Nachhaltigkeit des Unternehmens bei.","og_url":"https:\/\/www.warzee-sa.com\/de\/biogasanlage\/","og_site_name":"Warz\u00e9e","article_modified_time":"2025-01-24T15:28:27+00:00","og_image":[{"width":1200,"height":900,"url":"https:\/\/www.warzee-sa.com\/wp-content\/uploads\/2024\/12\/1.jpg","type":"image\/jpeg"}],"twitter_card":"summary_large_image","twitter_misc":{"Est. reading time":"3 minutes"},"schema":{"@context":"https:\/\/schema.org","@graph":[{"@type":"WebPage","@id":"https:\/\/www.warzee-sa.com\/de\/biogasanlage\/","url":"https:\/\/www.warzee-sa.com\/de\/biogasanlage\/","name":"Biogasanlage | Warz\u00e9e","isPartOf":{"@id":"https:\/\/www.warzee-sa.com\/de\/#website"},"primaryImageOfPage":{"@id":"https:\/\/www.warzee-sa.com\/de\/biogasanlage\/#primaryimage"},"image":{"@id":"https:\/\/www.warzee-sa.com\/de\/biogasanlage\/#primaryimage"},"thumbnailUrl":"https:\/\/www.warzee-sa.com\/wp-content\/uploads\/2024\/12\/1.jpg","datePublished":"2024-06-13T08:11:01+00:00","dateModified":"2025-01-24T15:28:27+00:00","description":"Entdecken Sie die Biogasanlage von Warz\u00e9e, eine innovative L\u00f6sung zur Produktion von gr\u00fcner Energie aus der biologischen Zersetzung organischer Materialien. Diese Anlage l\u00e4uft 24\/7 und tr\u00e4gt zur energetischen Unabh\u00e4ngigkeit sowie zur \u00f6kologischen Nachhaltigkeit des Unternehmens bei.","breadcrumb":{"@id":"https:\/\/www.warzee-sa.com\/de\/biogasanlage\/#breadcrumb"},"inLanguage":"de-BE","potentialAction":[{"@type":"ReadAction","target":["https:\/\/www.warzee-sa.com\/de\/biogasanlage\/"]}]},{"@type":"ImageObject","inLanguage":"de-BE","@id":"https:\/\/www.warzee-sa.com\/de\/biogasanlage\/#primaryimage","url":"https:\/\/www.warzee-sa.com\/wp-content\/uploads\/2024\/12\/1.jpg","contentUrl":"https:\/\/www.warzee-sa.com\/wp-content\/uploads\/2024\/12\/1.jpg","width":1200,"height":900},{"@type":"BreadcrumbList","@id":"https:\/\/www.warzee-sa.com\/de\/biogasanlage\/#breadcrumb","itemListElement":[{"@type":"ListItem","position":1,"name":"Accueil","item":"https:\/\/www.warzee-sa.com\/de\/"},{"@type":"ListItem","position":2,"name":"Biogasanlage"}]},{"@type":"WebSite","@id":"https:\/\/www.warzee-sa.com\/de\/#website","url":"https:\/\/www.warzee-sa.com\/de\/","name":"Warz\u00e9e","description":"","potentialAction":[{"@type":"SearchAction","target":{"@type":"EntryPoint","urlTemplate":"https:\/\/www.warzee-sa.com\/de\/?s={search_term_string}"},"query-input":{"@type":"PropertyValueSpecification","valueRequired":true,"valueName":"search_term_string"}}],"inLanguage":"de-BE"}]}},"_links":{"self":[{"href":"https:\/\/www.warzee-sa.com\/de\/wp-json\/wp\/v2\/pages\/15875","targetHints":{"allow":["GET"]}}],"collection":[{"href":"https:\/\/www.warzee-sa.com\/de\/wp-json\/wp\/v2\/pages"}],"about":[{"href":"https:\/\/www.warzee-sa.com\/de\/wp-json\/wp\/v2\/types\/page"}],"author":[{"embeddable":true,"href":"https:\/\/www.warzee-sa.com\/de\/wp-json\/wp\/v2\/users\/1"}],"replies":[{"embeddable":true,"href":"https:\/\/www.warzee-sa.com\/de\/wp-json\/wp\/v2\/comments?post=15875"}],"version-history":[{"count":3,"href":"https:\/\/www.warzee-sa.com\/de\/wp-json\/wp\/v2\/pages\/15875\/revisions"}],"predecessor-version":[{"id":15883,"href":"https:\/\/www.warzee-sa.com\/de\/wp-json\/wp\/v2\/pages\/15875\/revisions\/15883"}],"wp:featuredmedia":[{"embeddable":true,"href":"https:\/\/www.warzee-sa.com\/de\/wp-json\/wp\/v2\/media\/15464"}],"wp:attachment":[{"href":"https:\/\/www.warzee-sa.com\/de\/wp-json\/wp\/v2\/media?parent=15875"}],"curies":[{"name":"wp","href":"https:\/\/api.w.org\/{rel}","templated":true}]}}