{"id":15859,"date":"2024-12-06T17:30:10","date_gmt":"2024-12-06T16:30:10","guid":{"rendered":"https:\/\/www.warzee-sa.com\/borne-de-recharge-rapide-et-publique\/"},"modified":"2025-06-13T12:13:01","modified_gmt":"2025-06-13T10:13:01","slug":"offentliche-schnellladestation","status":"publish","type":"page","link":"https:\/\/www.warzee-sa.com\/de\/offentliche-schnellladestation\/","title":{"rendered":"\u00d6ffentliche schnellladestation"},"content":{"rendered":"<p><img loading=\"lazy\" decoding=\"async\" class=\"aligncenter wp-image-15620 size-full\" src=\"https:\/\/www.warzee-sa.com\/wp-content\/uploads\/2024\/12\/Borne-1.jpg\" alt=\"\" width=\"1200\" height=\"600\" srcset=\"https:\/\/www.warzee-sa.com\/wp-content\/uploads\/2024\/12\/Borne-1.jpg 1200w, https:\/\/www.warzee-sa.com\/wp-content\/uploads\/2024\/12\/Borne-1-980x490.jpg 980w, https:\/\/www.warzee-sa.com\/wp-content\/uploads\/2024\/12\/Borne-1-480x240.jpg 480w\" sizes=\"(min-width: 0px) and (max-width: 480px) 480px, (min-width: 481px) and (max-width: 980px) 980px, (min-width: 981px) 1200px, 100vw\" \/><\/p>\n<p>Seit 2022 wird unsere Werkstatt mit gr\u00fcner Energie aus unserer Biogasanlage betrieben. Im Rahmen unseres Engagements f\u00fcr Nachhaltigkeit haben wir die Initiative ergriffen, eine \u00f6ffentliche Schnellladestation zu installieren.<\/p>\n<h3>Eine Schnellladestation<\/h3>\n<p>Ihre Zeit ist kostbar! Laden Sie Ihr Elektrofahrzeug in Rekordzeit auf \u2013 mit einer Leistung von bis zu <strong>200 kW<\/strong>! (CCS2-Stecker)<\/p>\n<h3>Eine \u00f6ffentliche Ladestation<\/h3>\n<p>Die Ladestation steht allen Elektrofahrzeugen offen. Der Parkplatz ist <strong>rund um die Uhr, 24\/7<\/strong>, zug\u00e4nglich!<\/p>\n<h3>100 % gr\u00fcne Energie<\/h3>\n<p>Diese Ladestation nutzt Strom aus unserer <a href=\"https:\/\/www.warzee-sa.com\/de\/biogasanlage\/\"><strong>Biogasanlage<\/strong> <\/a>\u2013 ein Schritt in Richtung einer nachhaltigen Zukunft!<\/p>\n<p>M\u00f6chten Sie mehr \u00fcber die Biogasanlage erfahren? <a href=\"https:\/\/www.warzee-sa.com\/de\/biogasanlage\/\">[SEITE HIER ANSEHEN]<\/a><\/p>\n<h3>Standort<\/h3>\n<p>Die Ladestation befindet sich in <strong>Hamois<\/strong>, direkt vor unserer Werkstatt:<br \/>\n<strong>Tige de Buresse 95 \u2013 5360 HAMOIS<\/strong><\/p>\n<p><strong>GPS-Koordinaten<\/strong>: 50.35816, 5.17390<\/p>\n<h3>Einfache Nutzung<\/h3>\n<ol>\n<li>Schlie\u00dfen Sie das Kabel an.<\/li>\n<li>W\u00e4hlen Sie Ihre bevorzugte Option:\n<ul>\n<li><strong>Mit Ihrer Smappee-Karte<\/strong>: Halten Sie sie einfach an die daf\u00fcr vorgesehene Stelle an der Ladestation.<\/li>\n<li><strong>Mit Ihrem Smartphone<\/strong>: Scannen Sie den QR-Code.<\/li>\n<\/ul>\n<\/li>\n<li>Warten Sie, w\u00e4hrend Ihr Fahrzeug l\u00e4dt.<\/li>\n<\/ol>\n<p>* Mit der <strong>Smappee-App<\/strong> k\u00f6nnen Sie einfach und kosteng\u00fcnstig laden!<\/p>\n<p><img loading=\"lazy\" decoding=\"async\" class=\"wp-image-15616 size-full aligncenter\" src=\"https:\/\/www.warzee-sa.com\/wp-content\/uploads\/2024\/12\/20231006_borne.jpg\" alt=\"\" width=\"1200\" height=\"800\" srcset=\"https:\/\/www.warzee-sa.com\/wp-content\/uploads\/2024\/12\/20231006_borne.jpg 1200w, https:\/\/www.warzee-sa.com\/wp-content\/uploads\/2024\/12\/20231006_borne-980x653.jpg 980w, https:\/\/www.warzee-sa.com\/wp-content\/uploads\/2024\/12\/20231006_borne-480x320.jpg 480w\" sizes=\"(min-width: 0px) and (max-width: 480px) 480px, (min-width: 481px) and (max-width: 980px) 980px, (min-width: 981px) 1200px, 100vw\" \/><\/p>\n<p>&nbsp;<\/p>\n","protected":false},"excerpt":{"rendered":"<p>Seit 2022 wird unsere Werkstatt mit gr\u00fcner Energie aus unserer Biogasanlage betrieben. Im Rahmen unseres Engagements f\u00fcr Nachhaltigkeit haben wir die Initiative ergriffen, eine \u00f6ffentliche Schnellladestation zu installieren. Eine Schnellladestation Ihre Zeit ist kostbar! Laden Sie Ihr Elektrofahrzeug in Rekordzeit auf \u2013 mit einer Leistung von bis zu 200 kW! (CCS2-Stecker) Eine \u00f6ffentliche Ladestation Die [&hellip;]<\/p>\n","protected":false},"author":9,"featured_media":15619,"parent":0,"menu_order":400,"comment_status":"closed","ping_status":"closed","template":"","meta":{"_acf_changed":false,"_et_pb_use_builder":"","_et_pb_old_content":"","_et_gb_content_width":"","inline_featured_image":false,"footnotes":""},"class_list":["post-15859","page","type-page","status-publish","has-post-thumbnail","hentry"],"acf":[],"yoast_head":"<!-- This site is optimized with the Yoast SEO plugin v27.5 - https:\/\/yoast.com\/product\/yoast-seo-wordpress\/ -->\n<title>\u00d6ffentliche schnellladestation | Warz\u00e9e<\/title>\n<meta name=\"description\" content=\"Eine \u00f6ffentliche Schnellladestation in Hamois.\" \/>\n<meta name=\"robots\" content=\"index, follow, max-snippet:-1, max-image-preview:large, max-video-preview:-1\" \/>\n<link rel=\"canonical\" href=\"https:\/\/www.warzee-sa.com\/de\/offentliche-schnellladestation\/\" \/>\n<meta property=\"og:locale\" content=\"de_DE\" \/>\n<meta property=\"og:type\" content=\"article\" \/>\n<meta property=\"og:title\" content=\"\u00d6ffentliche schnellladestation | Warz\u00e9e\" \/>\n<meta property=\"og:description\" content=\"Eine \u00f6ffentliche Schnellladestation in Hamois.\" \/>\n<meta property=\"og:url\" content=\"https:\/\/www.warzee-sa.com\/de\/offentliche-schnellladestation\/\" \/>\n<meta property=\"og:site_name\" content=\"Warz\u00e9e\" \/>\n<meta property=\"article:modified_time\" content=\"2025-06-13T10:13:01+00:00\" \/>\n<meta property=\"og:image\" content=\"https:\/\/www.warzee-sa.com\/wp-content\/uploads\/2024\/12\/20231006_borne.jpg\" \/>\n\t<meta property=\"og:image:width\" content=\"1200\" \/>\n\t<meta property=\"og:image:height\" content=\"800\" \/>\n\t<meta property=\"og:image:type\" content=\"image\/jpeg\" \/>\n<meta name=\"twitter:card\" content=\"summary_large_image\" \/>\n<meta name=\"twitter:label1\" content=\"Est. reading time\" \/>\n\t<meta name=\"twitter:data1\" content=\"2 minutes\" \/>\n<script type=\"application\/ld+json\" class=\"yoast-schema-graph\">{\"@context\":\"https:\\\/\\\/schema.org\",\"@graph\":[{\"@type\":\"WebPage\",\"@id\":\"https:\\\/\\\/www.warzee-sa.com\\\/de\\\/offentliche-schnellladestation\\\/\",\"url\":\"https:\\\/\\\/www.warzee-sa.com\\\/de\\\/offentliche-schnellladestation\\\/\",\"name\":\"\u00d6ffentliche schnellladestation | Warz\u00e9e\",\"isPartOf\":{\"@id\":\"https:\\\/\\\/www.warzee-sa.com\\\/de\\\/#website\"},\"primaryImageOfPage\":{\"@id\":\"https:\\\/\\\/www.warzee-sa.com\\\/de\\\/offentliche-schnellladestation\\\/#primaryimage\"},\"image\":{\"@id\":\"https:\\\/\\\/www.warzee-sa.com\\\/de\\\/offentliche-schnellladestation\\\/#primaryimage\"},\"thumbnailUrl\":\"https:\\\/\\\/www.warzee-sa.com\\\/wp-content\\\/uploads\\\/2024\\\/12\\\/20231006_borne.jpg\",\"datePublished\":\"2024-12-06T16:30:10+00:00\",\"dateModified\":\"2025-06-13T10:13:01+00:00\",\"description\":\"Eine \u00f6ffentliche Schnellladestation in Hamois.\",\"breadcrumb\":{\"@id\":\"https:\\\/\\\/www.warzee-sa.com\\\/de\\\/offentliche-schnellladestation\\\/#breadcrumb\"},\"inLanguage\":\"de-BE\",\"potentialAction\":[{\"@type\":\"ReadAction\",\"target\":[\"https:\\\/\\\/www.warzee-sa.com\\\/de\\\/offentliche-schnellladestation\\\/\"]}]},{\"@type\":\"ImageObject\",\"inLanguage\":\"de-BE\",\"@id\":\"https:\\\/\\\/www.warzee-sa.com\\\/de\\\/offentliche-schnellladestation\\\/#primaryimage\",\"url\":\"https:\\\/\\\/www.warzee-sa.com\\\/wp-content\\\/uploads\\\/2024\\\/12\\\/20231006_borne.jpg\",\"contentUrl\":\"https:\\\/\\\/www.warzee-sa.com\\\/wp-content\\\/uploads\\\/2024\\\/12\\\/20231006_borne.jpg\",\"width\":1200,\"height\":800},{\"@type\":\"BreadcrumbList\",\"@id\":\"https:\\\/\\\/www.warzee-sa.com\\\/de\\\/offentliche-schnellladestation\\\/#breadcrumb\",\"itemListElement\":[{\"@type\":\"ListItem\",\"position\":1,\"name\":\"Accueil\",\"item\":\"https:\\\/\\\/www.warzee-sa.com\\\/de\\\/\"},{\"@type\":\"ListItem\",\"position\":2,\"name\":\"\u00d6ffentliche schnellladestation\"}]},{\"@type\":\"WebSite\",\"@id\":\"https:\\\/\\\/www.warzee-sa.com\\\/de\\\/#website\",\"url\":\"https:\\\/\\\/www.warzee-sa.com\\\/de\\\/\",\"name\":\"Warz\u00e9e\",\"description\":\"\",\"potentialAction\":[{\"@type\":\"SearchAction\",\"target\":{\"@type\":\"EntryPoint\",\"urlTemplate\":\"https:\\\/\\\/www.warzee-sa.com\\\/de\\\/?s={search_term_string}\"},\"query-input\":{\"@type\":\"PropertyValueSpecification\",\"valueRequired\":true,\"valueName\":\"search_term_string\"}}],\"inLanguage\":\"de-BE\"}]}<\/script>\n<!-- \/ Yoast SEO plugin. -->","yoast_head_json":{"title":"\u00d6ffentliche schnellladestation | Warz\u00e9e","description":"Eine \u00f6ffentliche Schnellladestation in Hamois.","robots":{"index":"index","follow":"follow","max-snippet":"max-snippet:-1","max-image-preview":"max-image-preview:large","max-video-preview":"max-video-preview:-1"},"canonical":"https:\/\/www.warzee-sa.com\/de\/offentliche-schnellladestation\/","og_locale":"de_DE","og_type":"article","og_title":"\u00d6ffentliche schnellladestation | Warz\u00e9e","og_description":"Eine \u00f6ffentliche Schnellladestation in Hamois.","og_url":"https:\/\/www.warzee-sa.com\/de\/offentliche-schnellladestation\/","og_site_name":"Warz\u00e9e","article_modified_time":"2025-06-13T10:13:01+00:00","og_image":[{"width":1200,"height":800,"url":"https:\/\/www.warzee-sa.com\/wp-content\/uploads\/2024\/12\/20231006_borne.jpg","type":"image\/jpeg"}],"twitter_card":"summary_large_image","twitter_misc":{"Est. reading time":"2 minutes"},"schema":{"@context":"https:\/\/schema.org","@graph":[{"@type":"WebPage","@id":"https:\/\/www.warzee-sa.com\/de\/offentliche-schnellladestation\/","url":"https:\/\/www.warzee-sa.com\/de\/offentliche-schnellladestation\/","name":"\u00d6ffentliche schnellladestation | Warz\u00e9e","isPartOf":{"@id":"https:\/\/www.warzee-sa.com\/de\/#website"},"primaryImageOfPage":{"@id":"https:\/\/www.warzee-sa.com\/de\/offentliche-schnellladestation\/#primaryimage"},"image":{"@id":"https:\/\/www.warzee-sa.com\/de\/offentliche-schnellladestation\/#primaryimage"},"thumbnailUrl":"https:\/\/www.warzee-sa.com\/wp-content\/uploads\/2024\/12\/20231006_borne.jpg","datePublished":"2024-12-06T16:30:10+00:00","dateModified":"2025-06-13T10:13:01+00:00","description":"Eine \u00f6ffentliche Schnellladestation in Hamois.","breadcrumb":{"@id":"https:\/\/www.warzee-sa.com\/de\/offentliche-schnellladestation\/#breadcrumb"},"inLanguage":"de-BE","potentialAction":[{"@type":"ReadAction","target":["https:\/\/www.warzee-sa.com\/de\/offentliche-schnellladestation\/"]}]},{"@type":"ImageObject","inLanguage":"de-BE","@id":"https:\/\/www.warzee-sa.com\/de\/offentliche-schnellladestation\/#primaryimage","url":"https:\/\/www.warzee-sa.com\/wp-content\/uploads\/2024\/12\/20231006_borne.jpg","contentUrl":"https:\/\/www.warzee-sa.com\/wp-content\/uploads\/2024\/12\/20231006_borne.jpg","width":1200,"height":800},{"@type":"BreadcrumbList","@id":"https:\/\/www.warzee-sa.com\/de\/offentliche-schnellladestation\/#breadcrumb","itemListElement":[{"@type":"ListItem","position":1,"name":"Accueil","item":"https:\/\/www.warzee-sa.com\/de\/"},{"@type":"ListItem","position":2,"name":"\u00d6ffentliche schnellladestation"}]},{"@type":"WebSite","@id":"https:\/\/www.warzee-sa.com\/de\/#website","url":"https:\/\/www.warzee-sa.com\/de\/","name":"Warz\u00e9e","description":"","potentialAction":[{"@type":"SearchAction","target":{"@type":"EntryPoint","urlTemplate":"https:\/\/www.warzee-sa.com\/de\/?s={search_term_string}"},"query-input":{"@type":"PropertyValueSpecification","valueRequired":true,"valueName":"search_term_string"}}],"inLanguage":"de-BE"}]}},"_links":{"self":[{"href":"https:\/\/www.warzee-sa.com\/de\/wp-json\/wp\/v2\/pages\/15859","targetHints":{"allow":["GET"]}}],"collection":[{"href":"https:\/\/www.warzee-sa.com\/de\/wp-json\/wp\/v2\/pages"}],"about":[{"href":"https:\/\/www.warzee-sa.com\/de\/wp-json\/wp\/v2\/types\/page"}],"author":[{"embeddable":true,"href":"https:\/\/www.warzee-sa.com\/de\/wp-json\/wp\/v2\/users\/9"}],"replies":[{"embeddable":true,"href":"https:\/\/www.warzee-sa.com\/de\/wp-json\/wp\/v2\/comments?post=15859"}],"version-history":[{"count":6,"href":"https:\/\/www.warzee-sa.com\/de\/wp-json\/wp\/v2\/pages\/15859\/revisions"}],"predecessor-version":[{"id":16270,"href":"https:\/\/www.warzee-sa.com\/de\/wp-json\/wp\/v2\/pages\/15859\/revisions\/16270"}],"wp:featuredmedia":[{"embeddable":true,"href":"https:\/\/www.warzee-sa.com\/de\/wp-json\/wp\/v2\/media\/15619"}],"wp:attachment":[{"href":"https:\/\/www.warzee-sa.com\/de\/wp-json\/wp\/v2\/media?parent=15859"}],"curies":[{"name":"wp","href":"https:\/\/api.w.org\/{rel}","templated":true}]}}