{"id":12262,"date":"2022-08-19T14:10:33","date_gmt":"2022-08-19T12:10:33","guid":{"rendered":"https:\/\/warzee-sa.poush-dev.be\/mentions-legales\/"},"modified":"2022-08-19T14:10:33","modified_gmt":"2022-08-19T12:10:33","slug":"mentions-legales","status":"publish","type":"page","link":"https:\/\/www.warzee-sa.com\/de\/mentions-legales\/","title":{"rendered":"Mentions l\u00e9gales"},"content":{"rendered":"<p>[et_pb_section fb_built=&#8221;1&#8243; theme_builder_area=&#8221;post_content&#8221; _builder_version=&#8221;4.25.1&#8243; _module_preset=&#8221;default&#8221;][et_pb_row _builder_version=&#8221;4.25.1&#8243; _module_preset=&#8221;default&#8221; theme_builder_area=&#8221;post_content&#8221;][et_pb_column _builder_version=&#8221;4.25.1&#8243; _module_preset=&#8221;default&#8221; type=&#8221;4_4&#8243; theme_builder_area=&#8221;post_content&#8221;][et_pb_text _builder_version=&#8221;4.25.1&#8243; _module_preset=&#8221;default&#8221; theme_builder_area=&#8221;post_content&#8221; hover_enabled=&#8221;0&#8243; sticky_enabled=&#8221;0&#8243;]<\/p>\n<h1>Mentions l\u00e9gales<\/h1>\n<h2>\u00a0<\/h2>\n<h2>Qui sommes-nous ?<\/h2>\n<p>&nbsp;<\/p>\n<p>Warz\u00e9e SA<\/p>\n<p>Warz\u00e9e d\u00e9veloppe des machines agricoles et de g\u00e9nie civil optimis\u00e9es.<\/p>\n<p>&nbsp;<\/p>\n<p><strong>Mission<\/strong><\/p>\n<p>Vous proposer des machines agricoles et de g\u00e9nie civil innovantes et de qualit\u00e9 exemplaire.<\/p>\n<p>&nbsp;<\/p>\n<p>&nbsp;<\/p>\n<p><strong>Contact<\/strong><\/p>\n<p>Warz\u00e9e SA<\/p>\n<p>95 Tige de Buresse, 5360 Hamois<\/p>\n<p>&nbsp;<\/p>\n<p>+32 83 61 23 93<\/p>\n<p>info@warzee-sa.com<\/p>\n<p>BE-0472.681.592<\/p>\n<p>&nbsp;<\/p>\n<p>Warz\u00e9e SA s\u2019engage \u00e0 respecter la l\u00e9gislation en vigueur en Belgique et en Europe et met tout en \u0153uvre afin d\u2019emp\u00eacher tout usage non autoris\u00e9 ou illicite de vos donn\u00e9es personnelles. \u00c0 cette fin, nous utilisons des proc\u00e9dures et des syst\u00e8mes appropri\u00e9s pour que seules les personnes qui y sont autoris\u00e9es puissent acc\u00e9der \u00e0 vos informations. En outre, nous vous rappelons que ces personnes sont tenues \u00e0 un devoir de confidentialit\u00e9 dans le cadre de leur fonction.<\/p>\n<p>[\/et_pb_text][\/et_pb_column][\/et_pb_row][\/et_pb_section]<\/p>\n","protected":false},"excerpt":{"rendered":"<p>Mentions l\u00e9gales \u00a0 Qui sommes-nous ? &nbsp; Warz\u00e9e SA Warz\u00e9e d\u00e9veloppe des machines agricoles et de g\u00e9nie civil optimis\u00e9es. &nbsp; Mission Vous proposer des machines agricoles et de g\u00e9nie civil innovantes et de qualit\u00e9 exemplaire. &nbsp; &nbsp; Contact Warz\u00e9e SA 95 Tige de Buresse, 5360 Hamois &nbsp; +32 83 61 23 93 info@warzee-sa.com BE-0472.681.592 &nbsp; Warz\u00e9e SA s\u2019engage \u00e0 respecter la l\u00e9gislation en vigueur en Belgique et en Europe et met tout en \u0153uvre afin d\u2019emp\u00eacher tout usage non autoris\u00e9 ou illicite de vos donn\u00e9es personnelles. \u00c0 cette fin, nous utilisons des proc\u00e9dures et des syst\u00e8mes appropri\u00e9s pour que seules les personnes qui y sont autoris\u00e9es puissent acc\u00e9der \u00e0 vos informations. En outre, nous vous rappelons que ces personnes sont tenues \u00e0 un devoir de confidentialit\u00e9 dans le cadre de leur fonction.<\/p>\n","protected":false},"author":1,"featured_media":0,"parent":0,"menu_order":1000,"comment_status":"closed","ping_status":"closed","template":"","meta":{"_acf_changed":false,"_et_pb_use_builder":"on","_et_pb_old_content":"","_et_gb_content_width":"","inline_featured_image":false,"footnotes":""},"class_list":["post-12262","page","type-page","status-publish","hentry"],"acf":[],"yoast_head":"<!-- This site is optimized with the Yoast SEO plugin v27.5 - https:\/\/yoast.com\/product\/yoast-seo-wordpress\/ -->\n<title>Mentions l\u00e9gales | Warz\u00e9e<\/title>\n<meta name=\"robots\" content=\"index, follow, max-snippet:-1, max-image-preview:large, max-video-preview:-1\" \/>\n<link rel=\"canonical\" href=\"https:\/\/www.warzee-sa.com\/de\/mentions-legales\/\" \/>\n<meta property=\"og:locale\" content=\"de_DE\" \/>\n<meta property=\"og:type\" content=\"article\" \/>\n<meta property=\"og:title\" content=\"Mentions l\u00e9gales | Warz\u00e9e\" \/>\n<meta property=\"og:description\" content=\"Mentions l\u00e9gales \u00a0 Qui sommes-nous ? &nbsp; Warz\u00e9e SA Warz\u00e9e d\u00e9veloppe des machines agricoles et de g\u00e9nie civil optimis\u00e9es. &nbsp; Mission Vous proposer des machines agricoles et de g\u00e9nie civil innovantes et de qualit\u00e9 exemplaire. &nbsp; &nbsp; Contact Warz\u00e9e SA 95 Tige de Buresse, 5360 Hamois &nbsp; +32 83 61 23 93 info@warzee-sa.com BE-0472.681.592 &nbsp; Warz\u00e9e SA s\u2019engage \u00e0 respecter la l\u00e9gislation en vigueur en Belgique et en Europe et met tout en \u0153uvre afin d\u2019emp\u00eacher tout usage non autoris\u00e9 ou illicite de vos donn\u00e9es personnelles. \u00c0 cette fin, nous utilisons des proc\u00e9dures et des syst\u00e8mes appropri\u00e9s pour que seules les personnes qui y sont autoris\u00e9es puissent acc\u00e9der \u00e0 vos informations. En outre, nous vous rappelons que ces personnes sont tenues \u00e0 un devoir de confidentialit\u00e9 dans le cadre de leur fonction.\" \/>\n<meta property=\"og:url\" content=\"https:\/\/www.warzee-sa.com\/de\/mentions-legales\/\" \/>\n<meta property=\"og:site_name\" content=\"Warz\u00e9e\" \/>\n<meta name=\"twitter:card\" content=\"summary_large_image\" \/>\n<script type=\"application\/ld+json\" class=\"yoast-schema-graph\">{\"@context\":\"https:\\\/\\\/schema.org\",\"@graph\":[{\"@type\":\"WebPage\",\"@id\":\"https:\\\/\\\/www.warzee-sa.com\\\/de\\\/mentions-legales\\\/\",\"url\":\"https:\\\/\\\/www.warzee-sa.com\\\/de\\\/mentions-legales\\\/\",\"name\":\"Mentions l\u00e9gales | Warz\u00e9e\",\"isPartOf\":{\"@id\":\"https:\\\/\\\/www.warzee-sa.com\\\/de\\\/#website\"},\"datePublished\":\"2022-08-19T12:10:33+00:00\",\"breadcrumb\":{\"@id\":\"https:\\\/\\\/www.warzee-sa.com\\\/de\\\/mentions-legales\\\/#breadcrumb\"},\"inLanguage\":\"de-BE\",\"potentialAction\":[{\"@type\":\"ReadAction\",\"target\":[\"https:\\\/\\\/www.warzee-sa.com\\\/de\\\/mentions-legales\\\/\"]}]},{\"@type\":\"BreadcrumbList\",\"@id\":\"https:\\\/\\\/www.warzee-sa.com\\\/de\\\/mentions-legales\\\/#breadcrumb\",\"itemListElement\":[{\"@type\":\"ListItem\",\"position\":1,\"name\":\"Accueil\",\"item\":\"https:\\\/\\\/www.warzee-sa.com\\\/de\\\/\"},{\"@type\":\"ListItem\",\"position\":2,\"name\":\"Mentions l\u00e9gales\"}]},{\"@type\":\"WebSite\",\"@id\":\"https:\\\/\\\/www.warzee-sa.com\\\/de\\\/#website\",\"url\":\"https:\\\/\\\/www.warzee-sa.com\\\/de\\\/\",\"name\":\"Warz\u00e9e\",\"description\":\"\",\"potentialAction\":[{\"@type\":\"SearchAction\",\"target\":{\"@type\":\"EntryPoint\",\"urlTemplate\":\"https:\\\/\\\/www.warzee-sa.com\\\/de\\\/?s={search_term_string}\"},\"query-input\":{\"@type\":\"PropertyValueSpecification\",\"valueRequired\":true,\"valueName\":\"search_term_string\"}}],\"inLanguage\":\"de-BE\"}]}<\/script>\n<!-- \/ Yoast SEO plugin. -->","yoast_head_json":{"title":"Mentions l\u00e9gales | Warz\u00e9e","robots":{"index":"index","follow":"follow","max-snippet":"max-snippet:-1","max-image-preview":"max-image-preview:large","max-video-preview":"max-video-preview:-1"},"canonical":"https:\/\/www.warzee-sa.com\/de\/mentions-legales\/","og_locale":"de_DE","og_type":"article","og_title":"Mentions l\u00e9gales | Warz\u00e9e","og_description":"Mentions l\u00e9gales \u00a0 Qui sommes-nous ? &nbsp; Warz\u00e9e SA Warz\u00e9e d\u00e9veloppe des machines agricoles et de g\u00e9nie civil optimis\u00e9es. &nbsp; Mission Vous proposer des machines agricoles et de g\u00e9nie civil innovantes et de qualit\u00e9 exemplaire. &nbsp; &nbsp; Contact Warz\u00e9e SA 95 Tige de Buresse, 5360 Hamois &nbsp; +32 83 61 23 93 info@warzee-sa.com BE-0472.681.592 &nbsp; Warz\u00e9e SA s\u2019engage \u00e0 respecter la l\u00e9gislation en vigueur en Belgique et en Europe et met tout en \u0153uvre afin d\u2019emp\u00eacher tout usage non autoris\u00e9 ou illicite de vos donn\u00e9es personnelles. \u00c0 cette fin, nous utilisons des proc\u00e9dures et des syst\u00e8mes appropri\u00e9s pour que seules les personnes qui y sont autoris\u00e9es puissent acc\u00e9der \u00e0 vos informations. En outre, nous vous rappelons que ces personnes sont tenues \u00e0 un devoir de confidentialit\u00e9 dans le cadre de leur fonction.","og_url":"https:\/\/www.warzee-sa.com\/de\/mentions-legales\/","og_site_name":"Warz\u00e9e","twitter_card":"summary_large_image","schema":{"@context":"https:\/\/schema.org","@graph":[{"@type":"WebPage","@id":"https:\/\/www.warzee-sa.com\/de\/mentions-legales\/","url":"https:\/\/www.warzee-sa.com\/de\/mentions-legales\/","name":"Mentions l\u00e9gales | Warz\u00e9e","isPartOf":{"@id":"https:\/\/www.warzee-sa.com\/de\/#website"},"datePublished":"2022-08-19T12:10:33+00:00","breadcrumb":{"@id":"https:\/\/www.warzee-sa.com\/de\/mentions-legales\/#breadcrumb"},"inLanguage":"de-BE","potentialAction":[{"@type":"ReadAction","target":["https:\/\/www.warzee-sa.com\/de\/mentions-legales\/"]}]},{"@type":"BreadcrumbList","@id":"https:\/\/www.warzee-sa.com\/de\/mentions-legales\/#breadcrumb","itemListElement":[{"@type":"ListItem","position":1,"name":"Accueil","item":"https:\/\/www.warzee-sa.com\/de\/"},{"@type":"ListItem","position":2,"name":"Mentions l\u00e9gales"}]},{"@type":"WebSite","@id":"https:\/\/www.warzee-sa.com\/de\/#website","url":"https:\/\/www.warzee-sa.com\/de\/","name":"Warz\u00e9e","description":"","potentialAction":[{"@type":"SearchAction","target":{"@type":"EntryPoint","urlTemplate":"https:\/\/www.warzee-sa.com\/de\/?s={search_term_string}"},"query-input":{"@type":"PropertyValueSpecification","valueRequired":true,"valueName":"search_term_string"}}],"inLanguage":"de-BE"}]}},"_links":{"self":[{"href":"https:\/\/www.warzee-sa.com\/de\/wp-json\/wp\/v2\/pages\/12262","targetHints":{"allow":["GET"]}}],"collection":[{"href":"https:\/\/www.warzee-sa.com\/de\/wp-json\/wp\/v2\/pages"}],"about":[{"href":"https:\/\/www.warzee-sa.com\/de\/wp-json\/wp\/v2\/types\/page"}],"author":[{"embeddable":true,"href":"https:\/\/www.warzee-sa.com\/de\/wp-json\/wp\/v2\/users\/1"}],"replies":[{"embeddable":true,"href":"https:\/\/www.warzee-sa.com\/de\/wp-json\/wp\/v2\/comments?post=12262"}],"version-history":[{"count":0,"href":"https:\/\/www.warzee-sa.com\/de\/wp-json\/wp\/v2\/pages\/12262\/revisions"}],"wp:attachment":[{"href":"https:\/\/www.warzee-sa.com\/de\/wp-json\/wp\/v2\/media?parent=12262"}],"curies":[{"name":"wp","href":"https:\/\/api.w.org\/{rel}","templated":true}]}}