{"id":11745,"date":"2024-06-13T10:04:54","date_gmt":"2024-06-13T08:04:54","guid":{"rendered":"https:\/\/warzee-sa.poush-dev.be\/concessionnaires\/"},"modified":"2024-09-20T14:18:19","modified_gmt":"2024-09-20T12:18:19","slug":"haendler","status":"publish","type":"page","link":"https:\/\/www.warzee-sa.com\/de\/haendler\/","title":{"rendered":"H\u00e4ndler"},"content":{"rendered":"<p>[et_pb_section fb_built=&#8221;1&#8243; _builder_version=&#8221;4.27.0&#8243; _module_preset=&#8221;89e1c0b6-3551-4651-9e3b-da31cdaed9e0&#8243; background_image=&#8221;https:\/\/www.warzee-sa.com\/wp-content\/uploads\/2024\/07\/Dealer_cover.jpg&#8221; background_position=&#8221;bottom_center&#8221; global_colors_info=&#8221;{}&#8221;][et_pb_row column_structure=&#8221;2_3,1_3&#8243; _builder_version=&#8221;4.26.0&#8243; _module_preset=&#8221;cfa95f88-ecff-496a-bf8c-3a160f0bd929&#8243; locked=&#8221;off&#8221; global_colors_info=&#8221;{}&#8221;][et_pb_column type=&#8221;2_3&#8243; _builder_version=&#8221;4.26.0&#8243; _module_preset=&#8221;default&#8221; global_colors_info=&#8221;{}&#8221;][dsm_breadcrumbs _builder_version=&#8221;4.26.0&#8243; _module_preset=&#8221;8c7187d6-981c-4081-b83d-17e311f663f4&#8243; global_colors_info=&#8221;{%22gcid-primary-color%22:%91%22home_icon_text_color%22%93}&#8221;][\/dsm_breadcrumbs][et_pb_text _builder_version=&#8221;4.27.0&#8243; _module_preset=&#8221;default&#8221; background_layout=&#8221;dark&#8221; global_colors_info=&#8221;{}&#8221;]<\/p>\n<h1>Hier finden Sie den N\u00e4chstgelegenen Warz\u00e9e-Fachh\u00e4ndler!<\/h1>\n<p>[\/et_pb_text][et_pb_text _builder_version=&#8221;4.27.0&#8243; _module_preset=&#8221;32633d3d-1926-4778-9a57-dd1a37823aa3&#8243; global_colors_info=&#8221;{}&#8221;]<\/p>\n<p>Sie finden keinen Fachh\u00e4ndler in der N\u00e4he Ihrer Adresse? Kontaktieren Sie uns!<\/p>\n<p>[\/et_pb_text][\/et_pb_column][et_pb_column type=&#8221;1_3&#8243; disabled_on=&#8221;on|on|off&#8221; _builder_version=&#8221;4.26.0&#8243; _module_preset=&#8221;default&#8221; custom_padding=&#8221;80px||80px||true|false&#8221; global_colors_info=&#8221;{}&#8221;][et_pb_divider show_divider=&#8221;off&#8221; _builder_version=&#8221;4.26.0&#8243; _module_preset=&#8221;default&#8221; global_colors_info=&#8221;{}&#8221;][\/et_pb_divider][\/et_pb_column][\/et_pb_row][\/et_pb_section][et_pb_section fb_built=&#8221;1&#8243; _builder_version=&#8221;4.25.2&#8243; _module_preset=&#8221;default&#8221; global_colors_info=&#8221;{}&#8221;][et_pb_row _builder_version=&#8221;4.27.0&#8243; _module_preset=&#8221;default&#8221; custom_padding=&#8221;0px||||false|false&#8221; global_colors_info=&#8221;{}&#8221;][et_pb_column type=&#8221;4_4&#8243; _builder_version=&#8221;4.25.2&#8243; _module_preset=&#8221;default&#8221; global_colors_info=&#8221;{}&#8221;][et_pb_code _builder_version=&#8221;4.27.0&#8243; _module_preset=&#8221;default&#8221; custom_margin=&#8221;||0px||false|false&#8221; hover_enabled=&#8221;0&#8243; custom_css_free_form=&#8221;body.et-fb-root-ancestor selector {||  background: #000;||  color: #fff;||  padding: 10px;||}||||body.et-fb-root-ancestor selector:after {||  content: %22Changer ou traduire placeholder dans le code ici%22;||}&#8221; global_colors_info=&#8221;{}&#8221; sticky_enabled=&#8221;0&#8243;]<script type=\"text\/javascript\"><!-- [et_pb_line_break_holder] -->$(document).ready(function() {<!-- [et_pb_line_break_holder] -->    \/\/ S\u00e9lectionnez l'input par son id, classe ou autre s\u00e9lecteur<!-- [et_pb_line_break_holder] -->    $('#wpsl-search-input').attr('placeholder', 'Geben Sie einen Ort an');<!-- [et_pb_line_break_holder] -->});<!-- [et_pb_line_break_holder] --><\/script>[\/et_pb_code][et_pb_text _builder_version=&#8221;4.27.0&#8243; _module_preset=&#8221;default&#8221; global_colors_info=&#8221;{}&#8221;]<\/p>\n<style>\r\n\t#wpsl-stores .wpsl-store-thumb {height:250px !important; width:300px !important;}\r\n\t#wpsl-gmap {height:400px !important;}\r\n\t#wpsl-stores, #wpsl-direction-details {height:auto !important;}\t#wpsl-gmap .wpsl-info-window {max-width:225px !important;}\r\n\t.wpsl-input label, #wpsl-radius label, #wpsl-category label {width:95px;}\r\n\t#wpsl-search-input  {width:800px;}\r\n<\/style>\r\n<div id=\"wpsl-wrap\" class=\"wpsl-store-below\">\r\n\t<div class=\"wpsl-search wpsl-clearfix wpsl-checkboxes-enabled\">\r\n\t\t<div id=\"wpsl-search-wrap\">\r\n\t\t\t<form autocomplete=\"off\">\r\n\t\t\t<div class=\"wpsl-input\">\r\n\t\t\t\t<div><label for=\"wpsl-search-input\">Your location<\/label><\/div>\r\n\t\t\t\t<input id=\"wpsl-search-input\" type=\"text\" value=\"\" name=\"wpsl-search-input\" placeholder=\"\" aria-required=\"true\" \/>\r\n\t\t\t<\/div>\r\n<ul id=\"wpsl-checkbox-filter\" class=\"wpsl-checkbox-3-columns\"><li><label><input type=\"checkbox\" value=\"310\"  \/>Bauwesen &amp; Gr\u00fcnanlagen<\/label><\/li><li><label><input type=\"checkbox\" value=\"309\"  \/>Viehzucht &amp; Landwirtschaft<\/label><\/li><\/ul>\t\t\t\t<div class=\"wpsl-search-btn-wrap\"><input id=\"wpsl-search-btn\" type=\"submit\" value=\"Search\"><\/div>\r\n\t\t<\/form>\r\n\t\t<\/div>\r\n\t<\/div>\r\n\t<div class=\"wpsl-gmap-wrap\">\r\n\t\t<div id=\"wpsl-gmap\" class=\"wpsl-gmap-canvas\"><\/div>\r\n\t<\/div>\r\n\t<div id=\"wpsl-result-list\">\r\n\t\t<div id=\"wpsl-stores\" >\r\n\t\t\t<ul><\/ul>\r\n\t\t<\/div>\r\n\t\t<div id=\"wpsl-direction-details\">\r\n\t\t\t<ul><\/ul>\r\n\t\t<\/div>\r\n\t<\/div>\r\n<\/div>\r\n\n<p>[\/et_pb_text][\/et_pb_column][\/et_pb_row][\/et_pb_section][et_pb_section fb_built=&#8221;1&#8243; _builder_version=&#8221;4.26.0&#8243; _module_preset=&#8221;default&#8221; custom_padding=&#8221;0px||||false|false&#8221; global_colors_info=&#8221;{}&#8221;][et_pb_row use_custom_gutter=&#8221;on&#8221; gutter_width=&#8221;1&#8243; make_equal=&#8221;on&#8221; _builder_version=&#8221;4.25.2&#8243; _module_preset=&#8221;default&#8221; scroll_vertical_motion_enable=&#8221;on&#8221; scroll_vertical_motion=&#8221;0|50|50|100|1|0|0&#8243; scroll_fade_enable=&#8221;on&#8221; scroll_fade=&#8221;0|35|35|100|0|100|100&#8243; global_colors_info=&#8221;{}&#8221;][et_pb_column type=&#8221;4_4&#8243; _builder_version=&#8221;4.25.2&#8243; _module_preset=&#8221;default&#8221; background_color=&#8221;gcid-c5bafa18-6552-4673-8fb8-ad9ab8040174&#8243; custom_padding=&#8221;30px|30px|30px|30px|true|true&#8221; custom_padding_tablet=&#8221;|15px||15px|true|true&#8221; custom_padding_phone=&#8221;|15px||15px|true|true&#8221; custom_padding_last_edited=&#8221;on|tablet&#8221; global_colors_info=&#8221;{%22gcid-c5bafa18-6552-4673-8fb8-ad9ab8040174%22:%91%22background_color%22%93}&#8221;][et_pb_text _builder_version=&#8221;4.27.0&#8243; _module_preset=&#8221;default&#8221; text_orientation=&#8221;center&#8221; custom_margin=&#8221;||30px||false|false&#8221; global_colors_info=&#8221;{}&#8221;]<\/p>\n<h2>M\u00f6chten sie Warz\u00e9e-H\u00e4ndler werden ?<\/h2>\n<p>[\/et_pb_text][dsm_icon_divider image=&#8221;https:\/\/www.warzee-sa.com\/wp-content\/uploads\/2024\/06\/w.png&#8221; align=&#8221;center&#8221; _builder_version=&#8221;4.25.2&#8243; _module_preset=&#8221;default&#8221; module_alignment=&#8221;center&#8221; custom_margin=&#8221;||30px||false|false&#8221; global_colors_info=&#8221;{}&#8221;][\/dsm_icon_divider][et_pb_text _builder_version=&#8221;4.27.0&#8243; _module_preset=&#8221;default&#8221; text_orientation=&#8221;center&#8221; custom_margin=&#8221;||35px||false|false&#8221; global_colors_info=&#8221;{}&#8221;]<\/p>\n<p>Schlie\u00dfe unser Vertriebsnetz an!<\/p>\n<p>[\/et_pb_text][et_pb_button button_url=&#8221;@ET-DC@eyJkeW5hbWljIjp0cnVlLCJjb250ZW50IjoicG9zdF9saW5rX3VybF9wYWdlIiwic2V0dGluZ3MiOnsicG9zdF9pZCI6IjgwIn19@&#8221; button_text=&#8221;Kontaktieren Sie uns&#8221; button_alignment=&#8221;center&#8221; _builder_version=&#8221;4.27.0&#8243; _dynamic_attributes=&#8221;button_url&#8221; _module_preset=&#8221;b50e34d2-0b8d-4c79-bf16-96cda59bf9d7&#8243; global_colors_info=&#8221;{}&#8221;][\/et_pb_button][\/et_pb_column][\/et_pb_row][\/et_pb_section]<\/p>\n","protected":false},"excerpt":{"rendered":"<p><div class=\"et_pb_module dsm_breadcrumbs dsm_breadcrumbs_0\">\n\t\t\t\t\n\t\t\t\t\n\t\t\t\t\n\t\t\t\t\n\t\t\t\t\n\t\t\t\t\n\t\t\t\t<div class=\"et_pb_module_inner\">\n\t\t\t\t\t<nav class=\"dsm_breadcrumbs_wrap\">\n\t\t\t\t<ul class=\"dsm_breadcrumbs\" itemscope itemtype=\"https:\/\/schema.org\/BreadcrumbList\">\t\t\t<li class=\"dsm_breadcrumbs_item dsm_home_item dsm_home_item_custom\" itemprop=\"itemListElement\" itemscope\n\t\t\titemtype=\"https:\/\/schema.org\/ListItem\">\n\t\t\t\t<a href=\"https:\/\/www.warzee-sa.com\/de\/\" itemprop=\"item\" target=\"\">\n\t\t\t\t\t<span class='dsm_home_text_wrapper'>\n\t\t\t\t\t\t\t\t\t\t\t\t\t<span class=\"et-pb-icon dsm_home_icon\">\ue009<\/span>\n\t\t\t\t\t\t\t\t\t\t\t\t\t<span class=\"dsm_home_text\" itemprop=\"name\">\n\t\t\t\t\t\t\t\tHome\t\t\t\t\t\t\t<\/span>\n\t\t\t\t\t<\/span>\n\t\t\t\t<\/a>\n\t\t\t\t<meta itemprop=\"position\" content=\"1\" \/>\n\t\t\t<\/li>\n\n\t\t<li class=\"dsm_breadcrumbs_separator\"> <span class=\"et-pb-icon dsm_separator_icon\">5<\/span><\/li><\/ul>\n\t\t\t<\/nav>\n\t\t\t\t<\/div>\n\t\t\t<\/div>Hier finden Sie den N\u00e4chstgelegenen Warz\u00e9e-Fachh\u00e4ndler!Sie finden keinen Fachh\u00e4ndler in der N\u00e4he Ihrer Adresse? Kontaktieren Sie uns!<style>\r\n\t#wpsl-stores .wpsl-store-thumb {height:250px !important; width:300px !important;}\r\n\t#wpsl-gmap {height:400px !important;}\r\n\t#wpsl-stores, #wpsl-direction-details {height:auto !important;}\t#wpsl-gmap .wpsl-info-window {max-width:225px !important;}\r\n\t.wpsl-input label, #wpsl-radius label, #wpsl-category label {width:95px;}\r\n\t#wpsl-search-input  {width:800px;}\r\n<\/style>\r\n<div id=\"wpsl-wrap\" class=\"wpsl-store-below\">\r\n\t<div class=\"wpsl-search wpsl-clearfix wpsl-checkboxes-enabled\">\r\n\t\t<div id=\"wpsl-search-wrap\">\r\n\t\t\t<form autocomplete=\"off\">\r\n\t\t\t<div class=\"wpsl-input\">\r\n\t\t\t\t<div><label for=\"wpsl-search-input\">Your location<\/label><\/div>\r\n\t\t\t\t<input id=\"wpsl-search-input\" type=\"text\" value=\"\" name=\"wpsl-search-input\" placeholder=\"\" aria-required=\"true\" \/>\r\n\t\t\t<\/div>\r\n<ul id=\"wpsl-checkbox-filter\" class=\"wpsl-checkbox-3-columns\"><li><label><input type=\"checkbox\" value=\"310\"  \/>Bauwesen &amp; Gr\u00fcnanlagen<\/label><\/li><li><label><input type=\"checkbox\" value=\"309\"  \/>Viehzucht &amp; Landwirtschaft<\/label><\/li><\/ul>\t\t\t\t<div class=\"wpsl-search-btn-wrap\"><input id=\"wpsl-search-btn\" type=\"submit\" value=\"Search\"><\/div>\r\n\t\t<\/form>\r\n\t\t<\/div>\r\n\t<\/div>\r\n\t<div class=\"wpsl-gmap-wrap\">\r\n\t\t<div id=\"wpsl-gmap\" class=\"wpsl-gmap-canvas\"><\/div>\r\n\t<\/div>\r\n\t<div id=\"wpsl-result-list\">\r\n\t\t<div id=\"wpsl-stores\" >\r\n\t\t\t<ul><\/ul>\r\n\t\t<\/div>\r\n\t\t<div id=\"wpsl-direction-details\">\r\n\t\t\t<ul><\/ul>\r\n\t\t<\/div>\r\n\t<\/div>\r\n<\/div>\r\nM\u00f6chten sie Warz\u00e9e-H\u00e4ndler werden ?<div class=\"et_pb_module dsm_icon_divider dsm_icon_divider_0 et_animated\">\n\t\t\t\t\n\t\t\t\t\n\t\t\t\t\n\t\t\t\t\n\t\t\t\t\n\t\t\t\t\n\t\t\t\t<div class=\"et_pb_module_inner\">\n\t\t\t\t\t<div class=\"dsm-icon-divider-wrapper dsm-icon-divider-align-center\">\n\t\t\t\t\n\t\t\t\t\n\t\t\t\t<div class=\"dsm-icon-divider-before dsm-divider\"><\/div>\n\t\t\t\t<div class=\"dsm-icon-divider-image\"><span class=\"dsm-icon-divider-image-wrap\"><img decoding=\"async\" src=\"https:\/\/www.warzee-sa.com\/wp-content\/uploads\/2024\/06\/w.png\" alt=\"\" \/><\/span><\/div>\n\t\t\t\t<div class=\"dsm-icon-divider-after dsm-divider\"><\/div>\n\t\t\t<\/div>\n\t\t\t\t<\/div>\n\t\t\t<\/div>Schlie\u00dfe unser Vertriebsnetz an!<\/p>\n","protected":false},"author":1,"featured_media":0,"parent":0,"menu_order":70,"comment_status":"closed","ping_status":"closed","template":"","meta":{"_acf_changed":false,"_et_pb_use_builder":"on","_et_pb_old_content":"","_et_gb_content_width":"","inline_featured_image":false,"footnotes":""},"class_list":["post-11745","page","type-page","status-publish","hentry"],"acf":[],"yoast_head":"<!-- This site is optimized with the Yoast SEO plugin v27.5 - https:\/\/yoast.com\/product\/yoast-seo-wordpress\/ -->\n<title>H\u00e4ndler | Warz\u00e9e<\/title>\n<meta name=\"robots\" content=\"index, follow, max-snippet:-1, max-image-preview:large, max-video-preview:-1\" \/>\n<link rel=\"canonical\" href=\"https:\/\/www.warzee-sa.com\/de\/haendler\/\" \/>\n<meta property=\"og:locale\" content=\"de_DE\" \/>\n<meta property=\"og:type\" content=\"article\" \/>\n<meta property=\"og:title\" content=\"H\u00e4ndler | Warz\u00e9e\" \/>\n<meta property=\"og:description\" content=\"Hier finden Sie den N\u00e4chstgelegenen Warz\u00e9e-Fachh\u00e4ndler!Sie finden keinen Fachh\u00e4ndler in der N\u00e4he Ihrer Adresse? Kontaktieren Sie uns!M\u00f6chten sie Warz\u00e9e-H\u00e4ndler werden ?Schlie\u00dfe unser Vertriebsnetz an!\" \/>\n<meta property=\"og:url\" content=\"https:\/\/www.warzee-sa.com\/de\/haendler\/\" \/>\n<meta property=\"og:site_name\" content=\"Warz\u00e9e\" \/>\n<meta property=\"article:modified_time\" content=\"2024-09-20T12:18:19+00:00\" \/>\n<meta name=\"twitter:card\" content=\"summary_large_image\" \/>\n<meta name=\"twitter:label1\" content=\"Est. reading time\" \/>\n\t<meta name=\"twitter:data1\" content=\"1 minute\" \/>\n<script type=\"application\/ld+json\" class=\"yoast-schema-graph\">{\"@context\":\"https:\\\/\\\/schema.org\",\"@graph\":[{\"@type\":\"WebPage\",\"@id\":\"https:\\\/\\\/www.warzee-sa.com\\\/de\\\/haendler\\\/\",\"url\":\"https:\\\/\\\/www.warzee-sa.com\\\/de\\\/haendler\\\/\",\"name\":\"H\u00e4ndler | Warz\u00e9e\",\"isPartOf\":{\"@id\":\"https:\\\/\\\/www.warzee-sa.com\\\/de\\\/#website\"},\"datePublished\":\"2024-06-13T08:04:54+00:00\",\"dateModified\":\"2024-09-20T12:18:19+00:00\",\"breadcrumb\":{\"@id\":\"https:\\\/\\\/www.warzee-sa.com\\\/de\\\/haendler\\\/#breadcrumb\"},\"inLanguage\":\"de-BE\",\"potentialAction\":[{\"@type\":\"ReadAction\",\"target\":[\"https:\\\/\\\/www.warzee-sa.com\\\/de\\\/haendler\\\/\"]}]},{\"@type\":\"BreadcrumbList\",\"@id\":\"https:\\\/\\\/www.warzee-sa.com\\\/de\\\/haendler\\\/#breadcrumb\",\"itemListElement\":[{\"@type\":\"ListItem\",\"position\":1,\"name\":\"Accueil\",\"item\":\"https:\\\/\\\/www.warzee-sa.com\\\/de\\\/\"},{\"@type\":\"ListItem\",\"position\":2,\"name\":\"H\u00e4ndler\"}]},{\"@type\":\"WebSite\",\"@id\":\"https:\\\/\\\/www.warzee-sa.com\\\/de\\\/#website\",\"url\":\"https:\\\/\\\/www.warzee-sa.com\\\/de\\\/\",\"name\":\"Warz\u00e9e\",\"description\":\"\",\"potentialAction\":[{\"@type\":\"SearchAction\",\"target\":{\"@type\":\"EntryPoint\",\"urlTemplate\":\"https:\\\/\\\/www.warzee-sa.com\\\/de\\\/?s={search_term_string}\"},\"query-input\":{\"@type\":\"PropertyValueSpecification\",\"valueRequired\":true,\"valueName\":\"search_term_string\"}}],\"inLanguage\":\"de-BE\"}]}<\/script>\n<!-- \/ Yoast SEO plugin. -->","yoast_head_json":{"title":"H\u00e4ndler | Warz\u00e9e","robots":{"index":"index","follow":"follow","max-snippet":"max-snippet:-1","max-image-preview":"max-image-preview:large","max-video-preview":"max-video-preview:-1"},"canonical":"https:\/\/www.warzee-sa.com\/de\/haendler\/","og_locale":"de_DE","og_type":"article","og_title":"H\u00e4ndler | Warz\u00e9e","og_description":"Hier finden Sie den N\u00e4chstgelegenen Warz\u00e9e-Fachh\u00e4ndler!Sie finden keinen Fachh\u00e4ndler in der N\u00e4he Ihrer Adresse? Kontaktieren Sie uns!M\u00f6chten sie Warz\u00e9e-H\u00e4ndler werden ?Schlie\u00dfe unser Vertriebsnetz an!","og_url":"https:\/\/www.warzee-sa.com\/de\/haendler\/","og_site_name":"Warz\u00e9e","article_modified_time":"2024-09-20T12:18:19+00:00","twitter_card":"summary_large_image","twitter_misc":{"Est. reading time":"1 minute"},"schema":{"@context":"https:\/\/schema.org","@graph":[{"@type":"WebPage","@id":"https:\/\/www.warzee-sa.com\/de\/haendler\/","url":"https:\/\/www.warzee-sa.com\/de\/haendler\/","name":"H\u00e4ndler | Warz\u00e9e","isPartOf":{"@id":"https:\/\/www.warzee-sa.com\/de\/#website"},"datePublished":"2024-06-13T08:04:54+00:00","dateModified":"2024-09-20T12:18:19+00:00","breadcrumb":{"@id":"https:\/\/www.warzee-sa.com\/de\/haendler\/#breadcrumb"},"inLanguage":"de-BE","potentialAction":[{"@type":"ReadAction","target":["https:\/\/www.warzee-sa.com\/de\/haendler\/"]}]},{"@type":"BreadcrumbList","@id":"https:\/\/www.warzee-sa.com\/de\/haendler\/#breadcrumb","itemListElement":[{"@type":"ListItem","position":1,"name":"Accueil","item":"https:\/\/www.warzee-sa.com\/de\/"},{"@type":"ListItem","position":2,"name":"H\u00e4ndler"}]},{"@type":"WebSite","@id":"https:\/\/www.warzee-sa.com\/de\/#website","url":"https:\/\/www.warzee-sa.com\/de\/","name":"Warz\u00e9e","description":"","potentialAction":[{"@type":"SearchAction","target":{"@type":"EntryPoint","urlTemplate":"https:\/\/www.warzee-sa.com\/de\/?s={search_term_string}"},"query-input":{"@type":"PropertyValueSpecification","valueRequired":true,"valueName":"search_term_string"}}],"inLanguage":"de-BE"}]}},"_links":{"self":[{"href":"https:\/\/www.warzee-sa.com\/de\/wp-json\/wp\/v2\/pages\/11745","targetHints":{"allow":["GET"]}}],"collection":[{"href":"https:\/\/www.warzee-sa.com\/de\/wp-json\/wp\/v2\/pages"}],"about":[{"href":"https:\/\/www.warzee-sa.com\/de\/wp-json\/wp\/v2\/types\/page"}],"author":[{"embeddable":true,"href":"https:\/\/www.warzee-sa.com\/de\/wp-json\/wp\/v2\/users\/1"}],"replies":[{"embeddable":true,"href":"https:\/\/www.warzee-sa.com\/de\/wp-json\/wp\/v2\/comments?post=11745"}],"version-history":[{"count":3,"href":"https:\/\/www.warzee-sa.com\/de\/wp-json\/wp\/v2\/pages\/11745\/revisions"}],"predecessor-version":[{"id":13222,"href":"https:\/\/www.warzee-sa.com\/de\/wp-json\/wp\/v2\/pages\/11745\/revisions\/13222"}],"wp:attachment":[{"href":"https:\/\/www.warzee-sa.com\/de\/wp-json\/wp\/v2\/media?parent=11745"}],"curies":[{"name":"wp","href":"https:\/\/api.w.org\/{rel}","templated":true}]}}